{"id":6252,"date":"2019-12-30T10:09:46","date_gmt":"2019-12-30T07:09:46","guid":{"rendered":"https:\/\/www.esalco.com\/uluslararasi-kisisel-esya-tasimaciligi\/"},"modified":"2024-03-27T15:33:28","modified_gmt":"2024-03-27T12:33:28","slug":"transport-von-persoenlichen-gegenstaenden","status":"publish","type":"page","link":"https:\/\/www.esalco.com\/de\/transport-von-persoenlichen-gegenstaenden\/","title":{"rendered":"TRANSPORT VON PERS\u00d6NLICHEN GEGENST\u00c4NDEN"},"content":{"rendered":"<div class=\"bt_rc_container\"><section id=\"slider\"  class=\"boldSection btDarkSkin btTopVertical hide_on_mobiles\" ><div class=\"port\"><div class=\"boldCell\"><div class=\"boldCellInner\"><div class=\"boldRow \" ><div class=\"rowItem col-md-12 col-ms-12  btTextLeft inherit\"  ><div class=\"rowItemContent\"><div class=\"slided autoSliderHeight\" ><div class=\"slidedItem firstItem\"  data-thumb=\"https:\/\/www.esalco.com\/wp-content\/uploads\/2020\/01\/KisiselEsayaTasima-320x138.png\"><div class=\"btSliderPort wBackground cover\" style=\"background-image: url('https:\/\/www.esalco.com\/wp-content\/uploads\/2020\/01\/KisiselEsayaTasima.png')\"><div class=\"btSliderCell\" data-slick=\"yes\"><div class=\"btSlideGutter\"><div class=\"btSlidePane\"><div class=\"btClear btSeparator topExtraSpaced noBorder\" ><hr><\/div><div class=\"btClear btSeparator topExtraSpaced noBorder\" ><hr><\/div><div class=\"btQuoteBooking  btQuoteBookingWithoutColor c69f8eb0966c6f\" style=\"top:60px !important;\" data-admin_email=\"info@bold-themes.com\" data-cf7_id=\"5\" data-email_client=\"yes\" data-email_gdpr=\"\" data-email_gdpr_text=\"\" data-email_gdpr_not_text=\"\" data-currency=\"\" data-currency_after=\"\" data-currency_space=\"yes\" data-url_confirmation=\"\" data-url_ajax=\"https:\/\/www.esalco.com\/wp-admin\/admin-ajax.php\" data-subject=\"Air Cargo calculator\" data-email_header=\"\" data-email_footer=\"\" data-date_text=\"Preferred Service Date\" data-time_text=\"Preferred Service Time\" data-message_please_wait=\"Please wait...\" data-message_success=\"Thank you, we will contact you soon!\" data-message_error=\"Error! Please try again later.\" data-message_mandatory=\"Please fill out all required fields.\" data-rec_secret_key=\"\" data-total_text=\"Total\" data-total_format=\"currency_1\" data-total_decimals=\"2\" data-date_format=\"mm\/dd\/yy\" data-bt_cc_nonce=\"aff81a81af\" data-hide_total=\"\"><div class=\"btQuoteBookingWrap\"><div class=\"btQuoteBookingForm btActive\"><header class=\"header btClear small  btAccentDash btRegularTitle\" ><p class=\"btSuperTitle\">TRANSPORT VON PERS\u00d6NLICHEN GEGENST\u00c4NDEN<\/p><div class=\"dash\"><h4><span class=\"headline\">F\u00dcLLEN SIE DAS FORMULAR EINFACH AUS<\/span><\/h4><\/div><p class=\"btSubTitle\">LASSEN SIE UNS SOFORT MIT IHNEN KONTAKTIEREN<\/p><\/header><div class=\"btClear btSeparator topSmallSpaced noBorder\" ><hr><\/div><div class=\"btText\"><p class=\"form\" style=\"text-align: center;\">\n<div class=\"wpcf7 no-js\" id=\"wpcf7-f6306-o1\" lang=\"de-DE\" dir=\"ltr\" data-wpcf7-id=\"6306\">\n<div class=\"screen-reader-response\">\n<p role=\"status\" aria-live=\"polite\" aria-atomic=\"true\">\n<ul><\/ul>\n<\/div>\n<form action=\"\/de\/wp-json\/wp\/v2\/pages\/6252#wpcf7-f6306-o1\" method=\"post\" class=\"wpcf7-form init\" aria-label=\"Kontaktformular\" novalidate=\"novalidate\" data-status=\"init\">\n<div style=\"display: none;\">\n<input type=\"hidden\" name=\"_wpcf7\" value=\"6306\" \/><br \/>\n<input type=\"hidden\" name=\"_wpcf7_version\" value=\"6.0.6\" \/><br \/>\n<input type=\"hidden\" name=\"_wpcf7_locale\" value=\"de_DE\" \/><br \/>\n<input type=\"hidden\" name=\"_wpcf7_unit_tag\" value=\"wpcf7-f6306-o1\" \/><br \/>\n<input type=\"hidden\" name=\"_wpcf7_container_post\" value=\"0\" \/><br \/>\n<input type=\"hidden\" name=\"_wpcf7_posted_data_hash\" value=\"\" \/><br \/>\n<input type=\"hidden\" name=\"_wpcf7_recaptcha_response\" value=\"\" \/>\n<\/div>\n<div class=\"row\" style=\"display: flex;\">\n<div class=\"column\" style=\"flex: 50%;\">\n<p>Name der Firma\n\t\t<\/p>\n<p><span class=\"wpcf7-form-control-wrap\" data-name=\"firmaadi\"><input size=\"40\" maxlength=\"400\" class=\"wpcf7-form-control wpcf7-text wpcf7-validates-as-required\" aria-required=\"true\" aria-invalid=\"false\" value=\"\" type=\"text\" name=\"firmaadi\" \/><\/span>\n\t\t<\/p>\n<p>Vorname Familienname\n\t\t<\/p>\n<p><span class=\"wpcf7-form-control-wrap\" data-name=\"isim\"><input size=\"40\" maxlength=\"400\" class=\"wpcf7-form-control wpcf7-text wpcf7-validates-as-required\" aria-required=\"true\" aria-invalid=\"false\" value=\"\" type=\"text\" name=\"isim\" \/><\/span>\n\t\t<\/p>\n<p>E-mail\n\t\t<\/p>\n<p><span class=\"wpcf7-form-control-wrap\" data-name=\"email\"><input size=\"40\" maxlength=\"400\" class=\"wpcf7-form-control wpcf7-email wpcf7-validates-as-required wpcf7-text wpcf7-validates-as-email\" aria-required=\"true\" aria-invalid=\"false\" value=\"\" type=\"email\" name=\"email\" \/><\/span>\n\t\t<\/p>\n<\/p><\/div>\n<div class=\"column\" style=\"flex: 50%; margin-left: 10px; margin-bottom: 10px;\">\n<p>W\u00e4hlen Sie \u201eDienst\u201c.\n\t\t<\/p>\n<p><span class=\"wpcf7-form-control-wrap\" data-name=\"hizmet\"><select class=\"wpcf7-form-control wpcf7-select wpcf7-validates-as-required\" aria-required=\"true\" aria-invalid=\"false\" name=\"hizmet\"><option value=\"Seetransporte\">Seetransporte<\/option><option value=\"Stra\u00dfentransporte\">Stra\u00dfentransporte<\/option><option value=\"Lufttransporte\">Lufttransporte<\/option><option value=\"Schwerguttransporte\">Schwerguttransporte<\/option><option value=\"Integrierte Logistik\">Integrierte Logistik<\/option><\/select><\/span>\n\t\t<\/p>\n<p>Telefon\n\t\t<\/p>\n<p><span class=\"wpcf7-form-control-wrap\" data-name=\"telefon\"><input size=\"40\" maxlength=\"400\" class=\"wpcf7-form-control wpcf7-text wpcf7-validates-as-required\" aria-required=\"true\" aria-invalid=\"false\" value=\"\" type=\"text\" name=\"telefon\" \/><\/span>\n\t\t<\/p>\n<p>Sektor\n\t\t<\/p>\n<p><span class=\"wpcf7-form-control-wrap\" data-name=\"sektor\"><input size=\"40\" maxlength=\"400\" class=\"wpcf7-form-control wpcf7-text wpcf7-validates-as-required\" aria-required=\"true\" aria-invalid=\"false\" value=\"\" type=\"text\" name=\"sektor\" \/><\/span>\n\t\t<\/p>\n<\/p><\/div>\n<\/div>\n<div>\n<input class=\"wpcf7-form-control wpcf7-hidden\" value=\"\" type=\"hidden\" name=\"date\" \/><\/p>\n<p><span class=\"wpcf7-form-control-wrap\" data-name=\"kvkk\"><span class=\"wpcf7-form-control wpcf7-acceptance\"><span class=\"wpcf7-list-item\"><label><input type=\"checkbox\" name=\"kvkk\" value=\"1\" aria-invalid=\"false\" \/><span class=\"wpcf7-list-item-label\"><a href=\"https:\/\/www.esalco.com\/wp-content\/uploads\/2022\/10\/ESALCO_KVK_DEde.pdf\">Ich bin mit der Speicherung meiner Daten im Rahmen von KVKK einverstanden.<\/a><\/span><\/label><\/span><\/span><\/span>\n\t<\/p>\n<\/div>\n<div>\n<input class=\"wpcf7-form-control wpcf7-hidden\" value=\"\" type=\"hidden\" name=\"text\" \/><\/p>\n<p><input class=\"wpcf7-form-control wpcf7-submit has-spinner\" type=\"submit\" value=\"Senden\" \/>\n\t<\/p>\n<\/div>\n<p><input type='hidden' class='wpcf7-pum' value='{\"closepopup\":false,\"closedelay\":0,\"openpopup\":false,\"openpopup_id\":0}' \/><\/p>\n<div class=\"wpcf7-response-output\" aria-hidden=\"true\"><\/div>\n<\/form>\n<\/div>\n<\/div><div class=\"btTotalNextWrapper\"><div class=\"btQuoteTotal\"><span class=\"btQuoteTotalText\">Total<\/span><span class=\"btQuoteTotalCurrency\">&nbsp;<\/span><span class=\"btQuoteTotalCalc\"><\/span><\/div><\/div><\/div><\/div><\/div><div class=\"btClear btSeparator topExtraSpaced noBorder\" ><hr><\/div><div class=\"btClear btSeparator topExtraSpaced noBorder\" ><hr><\/div><\/div><\/div><\/div><\/div><\/div><\/div><\/div><\/div><\/div><\/div><\/div><\/div><\/section><section id=\"slider\"  class=\"boldSection btDarkSkin inherit hide_on_desktop\" ><div class=\"port\"><div class=\"boldCell\"><div class=\"boldCellInner\"><div class=\"boldRow \" ><div class=\"rowItem col-md-12 col-ms-12  btTextLeft inherit\"  ><div class=\"rowItemContent\"><div class=\"slided autoSliderHeight\"  data-slick='{\"autoplay\":true,\"autoplaySpeed\":4000,\"pauseOnHover\":false,\"pauseOnDotsHover\":true}'><div class=\"slidedItem firstItem\"  data-thumb=\"https:\/\/www.esalco.com\/wp-content\/uploads\/2020\/03\/Mobil-Slider-KisiselEsyaTasima-1-320x806.png\"><div class=\"btSliderPort wBackground cover\" style=\"background-image: url('https:\/\/www.esalco.com\/wp-content\/uploads\/2020\/03\/Mobil-Slider-KisiselEsyaTasima-1.png')\"><div class=\"btSliderCell\" data-slick=\"yes\"><div class=\"btSlideGutter\"><div class=\"btSlidePane\"><div class=\"btClear btSeparator topExtraSpaced noBorder\" ><hr><\/div><div class=\"btClear btSeparator topExtraSpaced noBorder\" ><hr><\/div><div class=\"btClear btSeparator topExtraSpaced noBorder\" ><hr><\/div><div class=\"btClear btSeparator topExtraSpaced noBorder\" ><hr><\/div><div class=\"btClear btSeparator topExtraSpaced noBorder\" ><hr><\/div><div class=\"btQuoteBooking  btQuoteBookingWithoutColor c69f8eb0969a4a\" style=\"top:600px !important;\" data-admin_email=\"info@bold-themes.com\" data-cf7_id=\"5\" data-email_client=\"yes\" data-email_gdpr=\"\" data-email_gdpr_text=\"\" data-email_gdpr_not_text=\"\" data-currency=\"\" data-currency_after=\"\" data-currency_space=\"yes\" data-url_confirmation=\"\" data-url_ajax=\"https:\/\/www.esalco.com\/wp-admin\/admin-ajax.php\" data-subject=\"Air Cargo calculator\" data-email_header=\"\" data-email_footer=\"\" data-date_text=\"Preferred Service Date\" data-time_text=\"Preferred Service Time\" data-message_please_wait=\"Please wait...\" data-message_success=\"Thank you, we will contact you soon!\" data-message_error=\"Error! Please try again later.\" data-message_mandatory=\"Please fill out all required fields.\" data-rec_secret_key=\"\" data-total_text=\"Total\" data-total_format=\"currency_1\" data-total_decimals=\"2\" data-date_format=\"mm\/dd\/yy\" data-bt_cc_nonce=\"aff81a81af\" data-hide_total=\"\"><div class=\"btQuoteBookingWrap\"><div class=\"btQuoteBookingForm btActive\"><header class=\"header btClear small  btAccentDash btRegularTitle\" ><div class=\"dash\"><h4><span class=\"headline\">F\u00dcLLEN SIE DAS FORMULAR EINFACH AUS<\/span><\/h4><\/div><p class=\"btSubTitle\">LASSEN SIE UNS SOFORT MIT IHNEN KONTAKTIEREN<\/p><\/header><div class=\"btClear btSeparator topSmallSpaced noBorder\" ><hr><\/div><div class=\"btText\"><p class=\"form\" style=\"text-align: center;\">\n<div class=\"wpcf7 no-js\" id=\"wpcf7-f6306-o2\" lang=\"de-DE\" dir=\"ltr\" data-wpcf7-id=\"6306\">\n<div class=\"screen-reader-response\">\n<p role=\"status\" aria-live=\"polite\" aria-atomic=\"true\">\n<ul><\/ul>\n<\/div>\n<form action=\"\/de\/wp-json\/wp\/v2\/pages\/6252#wpcf7-f6306-o2\" method=\"post\" class=\"wpcf7-form init\" aria-label=\"Kontaktformular\" novalidate=\"novalidate\" data-status=\"init\">\n<div style=\"display: none;\">\n<input type=\"hidden\" name=\"_wpcf7\" value=\"6306\" \/><br \/>\n<input type=\"hidden\" name=\"_wpcf7_version\" value=\"6.0.6\" \/><br \/>\n<input type=\"hidden\" name=\"_wpcf7_locale\" value=\"de_DE\" \/><br \/>\n<input type=\"hidden\" name=\"_wpcf7_unit_tag\" value=\"wpcf7-f6306-o2\" \/><br \/>\n<input type=\"hidden\" name=\"_wpcf7_container_post\" value=\"0\" \/><br \/>\n<input type=\"hidden\" name=\"_wpcf7_posted_data_hash\" value=\"\" \/><br \/>\n<input type=\"hidden\" name=\"_wpcf7_recaptcha_response\" value=\"\" \/>\n<\/div>\n<div class=\"row\" style=\"display: flex;\">\n<div class=\"column\" style=\"flex: 50%;\">\n<p>Name der Firma\n\t\t<\/p>\n<p><span class=\"wpcf7-form-control-wrap\" data-name=\"firmaadi\"><input size=\"40\" maxlength=\"400\" class=\"wpcf7-form-control wpcf7-text wpcf7-validates-as-required\" aria-required=\"true\" aria-invalid=\"false\" value=\"\" type=\"text\" name=\"firmaadi\" \/><\/span>\n\t\t<\/p>\n<p>Vorname Familienname\n\t\t<\/p>\n<p><span class=\"wpcf7-form-control-wrap\" data-name=\"isim\"><input size=\"40\" maxlength=\"400\" class=\"wpcf7-form-control wpcf7-text wpcf7-validates-as-required\" aria-required=\"true\" aria-invalid=\"false\" value=\"\" type=\"text\" name=\"isim\" \/><\/span>\n\t\t<\/p>\n<p>E-mail\n\t\t<\/p>\n<p><span class=\"wpcf7-form-control-wrap\" data-name=\"email\"><input size=\"40\" maxlength=\"400\" class=\"wpcf7-form-control wpcf7-email wpcf7-validates-as-required wpcf7-text wpcf7-validates-as-email\" aria-required=\"true\" aria-invalid=\"false\" value=\"\" type=\"email\" name=\"email\" \/><\/span>\n\t\t<\/p>\n<\/p><\/div>\n<div class=\"column\" style=\"flex: 50%; margin-left: 10px; margin-bottom: 10px;\">\n<p>W\u00e4hlen Sie \u201eDienst\u201c.\n\t\t<\/p>\n<p><span class=\"wpcf7-form-control-wrap\" data-name=\"hizmet\"><select class=\"wpcf7-form-control wpcf7-select wpcf7-validates-as-required\" aria-required=\"true\" aria-invalid=\"false\" name=\"hizmet\"><option value=\"Seetransporte\">Seetransporte<\/option><option value=\"Stra\u00dfentransporte\">Stra\u00dfentransporte<\/option><option value=\"Lufttransporte\">Lufttransporte<\/option><option value=\"Schwerguttransporte\">Schwerguttransporte<\/option><option value=\"Integrierte Logistik\">Integrierte Logistik<\/option><\/select><\/span>\n\t\t<\/p>\n<p>Telefon\n\t\t<\/p>\n<p><span class=\"wpcf7-form-control-wrap\" data-name=\"telefon\"><input size=\"40\" maxlength=\"400\" class=\"wpcf7-form-control wpcf7-text wpcf7-validates-as-required\" aria-required=\"true\" aria-invalid=\"false\" value=\"\" type=\"text\" name=\"telefon\" \/><\/span>\n\t\t<\/p>\n<p>Sektor\n\t\t<\/p>\n<p><span class=\"wpcf7-form-control-wrap\" data-name=\"sektor\"><input size=\"40\" maxlength=\"400\" class=\"wpcf7-form-control wpcf7-text wpcf7-validates-as-required\" aria-required=\"true\" aria-invalid=\"false\" value=\"\" type=\"text\" name=\"sektor\" \/><\/span>\n\t\t<\/p>\n<\/p><\/div>\n<\/div>\n<div>\n<input class=\"wpcf7-form-control wpcf7-hidden\" value=\"\" type=\"hidden\" name=\"date\" \/><\/p>\n<p><span class=\"wpcf7-form-control-wrap\" data-name=\"kvkk\"><span class=\"wpcf7-form-control wpcf7-acceptance\"><span class=\"wpcf7-list-item\"><label><input type=\"checkbox\" name=\"kvkk\" value=\"1\" aria-invalid=\"false\" \/><span class=\"wpcf7-list-item-label\"><a href=\"https:\/\/www.esalco.com\/wp-content\/uploads\/2022\/10\/ESALCO_KVK_DEde.pdf\">Ich bin mit der Speicherung meiner Daten im Rahmen von KVKK einverstanden.<\/a><\/span><\/label><\/span><\/span><\/span>\n\t<\/p>\n<\/div>\n<div>\n<input class=\"wpcf7-form-control wpcf7-hidden\" value=\"\" type=\"hidden\" name=\"text\" \/><\/p>\n<p><input class=\"wpcf7-form-control wpcf7-submit has-spinner\" type=\"submit\" value=\"Senden\" \/>\n\t<\/p>\n<\/div>\n<p><input type='hidden' class='wpcf7-pum' value='{\"closepopup\":false,\"closedelay\":0,\"openpopup\":false,\"openpopup_id\":0}' \/><\/p>\n<div class=\"wpcf7-response-output\" aria-hidden=\"true\"><\/div>\n<\/form>\n<\/div>\n<\/div><div class=\"btTotalNextWrapper\"><div class=\"btQuoteTotal\"><span class=\"btQuoteTotalText\">Total<\/span><span class=\"btQuoteTotalCurrency\">&nbsp;<\/span><span class=\"btQuoteTotalCalc\"><\/span><\/div><\/div><\/div><\/div><\/div><div class=\"btClear btSeparator topSmallSpaced noBorder\" ><hr><\/div><div class=\"btClear btSeparator topSmallSpaced noBorder\" ><hr><\/div><div class=\"btClear btSeparator topSpaced bottomSpaced noBorder\" ><hr><\/div><div class=\"btClear btSeparator topSpaced bottomSpaced noBorder\" ><hr><\/div><\/div><\/div><\/div><\/div><\/div><\/div><\/div><\/div><\/div><\/div><\/div><\/div><\/section><section id=\"bt_section69f8eb096ae85\"  class=\"boldSection topSpaced bottomSemiSpaced gutter inherit\" ><div class=\"port\"><div class=\"boldCell\"><div class=\"boldCellInner\"><div class=\"boldRow \" ><div class=\"rowItem col-md-9 col-ms-12  btTextLeft\"  ><div class=\"rowItemContent\"><header class=\"header btClear extralarge  btAccentDash btRegularTitle\" ><p class=\"btSuperTitle\">HER NOKTAYA<\/p><div class=\"dash\"><h1><span class=\"headline\">TRANSPORT VON PERS\u00d6NLICHEN GEGENST\u00c4NDEN<\/span><\/h1><\/div><\/header><div class=\"btClear btSeparator topSmallSpaced noBorder\" ><hr><\/div><div class=\"btText\"><div id=\"tab-denizyolu-tasimaciligi\" class=\"tab-img-content\" data-title=\"Denizyolu Ta\u015f\u0131mac\u0131l\u0131\u011f\u0131\">\n<p>Als Esalco-Team sind wir f\u00fcr Sie da, wenn es darum geht, Ihre pers\u00f6nlichen Gegenst\u00e4nde von der T\u00fcrkei an jeden beliebigen Ort der Welt oder von jedem beliebigen Ort der Welt in die T\u00fcrkei zu liefern. Mit unserem Team, das \u00fcber gute Fremdsprachenkenntnisse und Kenntnisse der internationalen Gesetzgebung verf\u00fcgt, liefern wir Ihre pers\u00f6nlichen Gegenst\u00e4nde sicher an den gew\u00fcnschten Ort, einschlie\u00dflich Zollabfertigung und Verpackungsdienstleistungen.<\/p>\n<p>Es ist f\u00fcr uns sehr wertvoll, Ihr zuverl\u00e4ssigster L\u00f6sungspartner im internationalen Privatg\u00fctertransport zu sein, sowie Ihr Gesch\u00e4ftspartner in jeder Phase der logistischen Prozesse zu sein. An den wichtigsten Meilensteinen Ihres Lebens sind wir mit unserem globalen Netzwerk f\u00fcr Sie da, damit Sie Ihren internationalen Privatg\u00fctertransport auf die friedlichste und kosteng\u00fcnstigste Weise erleben k\u00f6nnen. Unser Ziel ist es, daf\u00fcr zu sorgen, dass Sie sich mit all Ihren Habseligkeiten an Ihrer neuen Adresse wie zu Hause f\u00fchlen. Und nicht nur Ihre Sachen, sondern auch Ihre kleinen Freunde sind bei uns sicher. Wir bringen Ihre Haustiere, mit denen Sie Ihr Leben teilen, sicher und bequem in Ihr neues Leben, in \u00dcbereinstimmung mit den internationalen Zollgesetzen.<\/p>\n<p>F\u00fcr Ihre Abenteuer, die Sie nicht mit nach Hause nehmen k\u00f6nnen, stehen Ihnen unsere Haushaltswarenlagerungsdienste zur Verf\u00fcgung. Teilen Sie uns einfach die Details f\u00fcr diesen rationellen Service mit, der es Ihnen erm\u00f6glicht, so leicht wie ein Vogel zu reisen, ohne zur\u00fcckzubleiben. Wie immer steht Ihnen das Expertenteam von Esalco mit den wirtschaftlichsten L\u00f6sungen zur Seite, die Ihren Bed\u00fcrfnissen am besten entsprechen. Ihre Wertsachen, die Sie nicht brauchen, sind bei uns immer sicher, w\u00e4hrend Sie die Welt erkunden, und wir werden uns wieder darum bem\u00fchen, ein L\u00e4cheln auf Ihr Gesicht zu zaubern, w\u00e4hrend Sie das Leben frei erkunden.<\/p>\n<p>Sie k\u00f6nnen all Ihre Bedenken bez\u00fcglich des Transports von pers\u00f6nlichen Gegenst\u00e4nden ins Ausland einfach beiseite schieben. Denn wir begleiten Sie mit unserer Erfahrung bei all Ihrem internationalen Umzugsgut, ob klein oder gro\u00df, unabh\u00e4ngig von dessen Volumen. Auf diese Weise transportieren wir Ihre G\u00fcter sicher, kosteng\u00fcnstig und legal, ohne dass Ihnen Zollkosten entstehen, die Sie nicht zu tragen haben, w\u00e4hrend Sie nur das Gl\u00fcck haben, die ganze Welt zu erkunden.<\/p>\n<p>Wir sind immer f\u00fcr Sie da, um Ihre pers\u00f6nlichen Transportbed\u00fcrfnisse auf die angemessenste Weise zu l\u00f6sen. Wir freuen uns, Ihnen unsere globale Macht im Rahmen unseres Fachwissens anbieten zu k\u00f6nnen.<\/p>\n<\/div>\n<\/div><div class=\"btClear btSeparator topSmallSpaced noBorder\" ><hr><\/div><div class=\"btClear btSeparator topSmallSpaced noBorder\" ><hr><\/div><div class=\"btClear btSeparator topSemiSpaced noBorder\" ><hr><\/div><\/div><\/div><div class=\"rowItem col-md-3 col-sm-6 col-ms-12 btTextLeft inherit btDoublePadding\"  ><div class=\"rowItemContent\"><header class=\"header btClear small  btAccentDash btRegularTitle\" ><div class=\"dash\"><h4><span class=\"headline\">SUNDU\u011eUMUZ D\u0130\u011eER H\u0130ZMETLER\u0130M\u0130Z<\/span><\/h4><\/div><\/header><div class=\"btCustomMenu \" ><div class=\"menu-hizmetler-almanca-container\"><ul id=\"menu-hizmetler-almanca\" class=\"menu\"><li id=\"menu-item-6237\" class=\"menu-item menu-item-type-post_type menu-item-object-page menu-item-6237\"><a href=\"https:\/\/www.esalco.com\/de\/seeverkehr\/\">SEEVERKEHR<\/a><\/li><li id=\"menu-item-6243\" class=\"menu-item menu-item-type-post_type menu-item-object-page menu-item-6243\"><a href=\"https:\/\/www.esalco.com\/de\/lufttransport\/\">LUFTTRANSPORT<\/a><\/li><li id=\"menu-item-6250\" class=\"menu-item menu-item-type-post_type menu-item-object-page menu-item-6250\"><a href=\"https:\/\/www.esalco.com\/de\/strassenverkehr\/\">STRASSENVERKEHR<\/a><\/li><li id=\"menu-item-6262\" class=\"menu-item menu-item-type-post_type menu-item-object-page menu-item-6262\"><a href=\"https:\/\/www.esalco.com\/de\/projekt-und-schwerlasttransport\/\">PROJEKT- UND SCHWERLASTTRANSPORT<\/a><\/li><li id=\"menu-item-6256\" class=\"menu-item menu-item-type-post_type menu-item-object-page menu-item-6256\"><a href=\"https:\/\/www.esalco.com\/de\/transport-von-persoenlichen-gegenstaenden\/\">TRANSPORT VON PERS\u00d6NLICHEN GEGENST\u00c4NDEN<\/a><\/li>\n<\/ul><\/div><\/div><div class=\"btClear btSeparator topSemiSpaced noBorder\" ><hr><\/div><header class=\"header btClear small  btAccentDash btRegularTitle\" ><p class=\"btSuperTitle\">WICHTIGE DATEIEN<\/p><\/header><div class=\"btBtn btBtn btnOutline btnIconLeftPosition btnLightColor btnSmall btnFull btnIco\" ><div class=\"btIco borderless extrasmall\"><a href=\"https:\/\/www.esalco.com\/wp-content\/uploads\/2024\/03\/bolgemizdeki-limanlar.pdf\"  target=\"_blank\"  data-ico-fa=\"&#xf1c1;\" class=\"btIcoHolder\"><span>B\u00d6LGE L\u0130MANLARI<\/span><\/a><\/div><\/div><div class=\"btClear btSeparator topExtraSmallSpaced noBorder\" ><hr><\/div><div class=\"btClear btSeparator topSpaced noBorder\" ><hr><\/div><header class=\"header btClear small  btAccentDash btRegularTitle\" ><div class=\"dash\"><h4><span class=\"headline\">KONTAKT<\/span><\/h4><\/div><\/header><div class=\"btIconImageRow\" ><div class=\"btIco borderless extrasmall\"><span  data-ico-fa=\"&#xf098;\" class=\"btIcoHolder\"><span>TEL: +90 444 2 395<\/span><\/span><\/div><\/div><div class=\"btIconImageRow\" ><div class=\"btIco borderless extrasmall\"><span  data-ico-fa=\"&#xf0e0;\" class=\"btIcoHolder\"><span>Mail: webform@esalco.com.tr<\/span><\/span><\/div><\/div><div class=\"btClear btSeparator topSmallSpaced noBorder\" ><hr><\/div><\/div><\/div><\/div><div class=\"boldRow \" ><div class=\"rowItem col-md-12 col-ms-12  btTextLeft\"  ><div class=\"rowItemContent\"><\/div><\/div><\/div><\/div><\/div><\/div><\/section><section id=\"bt_section69f8eb096fc39\"  class=\"boldSection bottomSpaced gutter inherit\" ><div class=\"port\"><div class=\"boldCell\"><div class=\"boldCellInner\"><div class=\"boldRow \" ><div class=\"rowItem col-md-3 col-sm-6 col-ms-12 btTextLeft animate animate-fadein btHighlight inherit\"  ><div class=\"rowItemContent\"><div class=\"btClear btSeparator topSemiSpaced noBorder\" ><hr><\/div><div class=\"servicesItem  mediumIcon borderlessIconType \"><div class=\"sIcon\"><div class=\"btIco medium borderless\"><span  data-ico-cs=\"&#xe629;\" class=\"btIcoHolder\"><\/span><\/div><\/div><div class=\"sTxt\"><header class=\"header btClear extrasmall\" ><div class=\"dash\"><h4><span class=\"headline\">VERSAND<\/span><\/h4><\/div><\/header><p><\/p><\/div><\/div><div class=\"btClear btSeparator topSemiSpaced noBorder\" ><hr><\/div><\/div><\/div><div class=\"rowItem col-md-3 col-sm-6 col-ms-12 btTextLeft animate animate-fadein btHighlight inherit\"  ><div class=\"rowItemContent\"><div class=\"btClear btSeparator topSemiSpaced noBorder\" ><hr><\/div><div class=\"servicesItem  mediumIcon borderlessIconType \"><div class=\"sIcon\"><div class=\"btIco medium borderless\"><span  data-ico-cs=\"&#xe627;\" class=\"btIcoHolder\"><\/span><\/div><\/div><div class=\"sTxt\"><header class=\"header btClear extrasmall\" ><div class=\"dash\"><h4><span class=\"headline\">SCHUTZ<\/span><\/h4><\/div><\/header><p><\/p><\/div><\/div><div class=\"btClear btSeparator topSemiSpaced noBorder\" ><hr><\/div><\/div><\/div><div class=\"rowItem col-md-3 col-sm-6 col-ms-12 btTextLeft animate animate-fadein btHighlight inherit\"  ><div class=\"rowItemContent\"><div class=\"btClear btSeparator topSemiSpaced noBorder\" ><hr><\/div><div class=\"servicesItem  mediumIcon borderlessIconType \"><div class=\"sIcon\"><div class=\"btIco medium borderless\"><span  data-ico-cs=\"&#xe61c;\" class=\"btIcoHolder\"><\/span><\/div><\/div><div class=\"sTxt\"><header class=\"header btClear extrasmall\" ><div class=\"dash\"><h4><span class=\"headline\">LUFTABDECKUNG<\/span><\/h4><\/div><\/header><p><\/p><\/div><\/div><div class=\"btClear btSeparator topSemiSpaced noBorder\" ><hr><\/div><\/div><\/div><div class=\"rowItem col-md-3 col-sm-6 col-ms-12 btTextLeft animate animate-fadein inherit btDoublePadding\"  ><div class=\"rowItemContent\"><div class=\"btClear btSeparator topSemiSpaced noBorder\" ><hr><\/div><header class=\"header btClear small  btAccentDash btRegularTitle\" ><div class=\"dash\"><h4><span class=\"headline\">DURCHSUCHEN SIE UNSERE DIENSTLEISTUNGEN<\/span><\/h4><\/div><\/header><\/div><\/div><\/div><\/div><\/div><\/div><\/section><section id=\"bt_section69f8eb09703b0\"  class=\"boldSection btDarkSkin gutter inherit\" style=\"background-color:#0b61aa;\"><div class=\"port\"><div class=\"boldCell\"><div class=\"boldCellInner\"><div class=\"boldRow \" ><div class=\"rowItem col-md-12 col-ms-12  btTextLeft\"  ><div class=\"rowItemContent\"><div class=\"btClear btSeparator topSmallSpaced bottomSmallSpaced noBorder\" ><hr><\/div><\/div><\/div><\/div><\/div><\/div><\/div><\/section><\/div>","protected":false},"excerpt":{"rendered":"TRANSPORT VON PERS\u00d6NLICHEN GEGENST\u00c4NDENF\u00dcLLEN SIE DAS FORMULAR EINFACH AUSLASSEN SIE UNS SOFORT MIT IHNEN KONTAKTIEREN Name der Firma Vorname Familienname E-mail W\u00e4hlen Sie \u201eDienst\u201c. SeetransporteStra\u00dfentransporteLufttransporteSchwerguttransporteIntegrierte Logistik Telefon Sektor Ich bin mit der Speicherung meiner Daten im Rahmen von KVKK einverstanden. Total&nbsp;F\u00dcLLEN SIE DAS FORMULAR EINFACH AUSLASSEN SIE UNS SOFORT MIT IHNEN KONTAKTIEREN Name der Firma [...]","protected":false},"author":1,"featured_media":0,"parent":0,"menu_order":0,"comment_status":"closed","ping_status":"closed","template":"","meta":{"footnotes":""},"class_list":["post-6252","page","type-page","status-publish","hentry"],"aioseo_notices":[],"_links":{"self":[{"href":"https:\/\/www.esalco.com\/de\/wp-json\/wp\/v2\/pages\/6252","targetHints":{"allow":["GET"]}}],"collection":[{"href":"https:\/\/www.esalco.com\/de\/wp-json\/wp\/v2\/pages"}],"about":[{"href":"https:\/\/www.esalco.com\/de\/wp-json\/wp\/v2\/types\/page"}],"author":[{"embeddable":true,"href":"https:\/\/www.esalco.com\/de\/wp-json\/wp\/v2\/users\/1"}],"replies":[{"embeddable":true,"href":"https:\/\/www.esalco.com\/de\/wp-json\/wp\/v2\/comments?post=6252"}],"version-history":[{"count":6,"href":"https:\/\/www.esalco.com\/de\/wp-json\/wp\/v2\/pages\/6252\/revisions"}],"predecessor-version":[{"id":9196,"href":"https:\/\/www.esalco.com\/de\/wp-json\/wp\/v2\/pages\/6252\/revisions\/9196"}],"wp:attachment":[{"href":"https:\/\/www.esalco.com\/de\/wp-json\/wp\/v2\/media?parent=6252"}],"curies":[{"name":"wp","href":"https:\/\/api.w.org\/{rel}","templated":true}]}}