{"id":6258,"date":"2019-12-30T10:09:29","date_gmt":"2019-12-30T07:09:29","guid":{"rendered":"https:\/\/www.esalco.com\/proje-ve-agir-yuk-tasimaciligi\/"},"modified":"2025-04-17T16:27:05","modified_gmt":"2025-04-17T13:27:05","slug":"projekt-und-schwerlasttransport","status":"publish","type":"page","link":"https:\/\/www.esalco.com\/de\/projekt-und-schwerlasttransport\/","title":{"rendered":"PROJEKT- UND SCHWERLASTTRANSPORT"},"content":{"rendered":"<div class=\"bt_rc_container\"><section id=\"slider\"  class=\"boldSection btDarkSkin btTopVertical hide_on_mobiles\" ><div class=\"port\"><div class=\"boldCell\"><div class=\"boldCellInner\"><div class=\"boldRow \" ><div class=\"rowItem col-md-12 col-ms-12  btTextLeft inherit\"  ><div class=\"rowItemContent\"><div class=\"slided autoSliderHeight\" ><div class=\"slidedItem firstItem\"  data-thumb=\"https:\/\/www.esalco.com\/wp-content\/uploads\/2020\/01\/ProjeveYukTasimaciligi-1-320x138.png\"><div class=\"btSliderPort wBackground cover\" style=\"background-image: url('https:\/\/www.esalco.com\/wp-content\/uploads\/2020\/01\/ProjeveYukTasimaciligi-1.png')\"><div class=\"btSliderCell\" data-slick=\"yes\"><div class=\"btSlideGutter\"><div class=\"btSlidePane\"><div class=\"btClear btSeparator topExtraSpaced noBorder\" ><hr><\/div><div class=\"btClear btSeparator topExtraSpaced noBorder\" ><hr><\/div><div class=\"btQuoteBooking  btQuoteBookingWithoutColor c69ff90a84b2dd\" style=\"top:60px !important;\" data-admin_email=\"info@bold-themes.com\" data-cf7_id=\"5\" data-email_client=\"yes\" data-email_gdpr=\"\" data-email_gdpr_text=\"\" data-email_gdpr_not_text=\"\" data-currency=\"\" data-currency_after=\"\" data-currency_space=\"yes\" data-url_confirmation=\"\" data-url_ajax=\"https:\/\/www.esalco.com\/wp-admin\/admin-ajax.php\" data-subject=\"Air Cargo calculator\" data-email_header=\"\" data-email_footer=\"\" data-date_text=\"Preferred Service Date\" data-time_text=\"Preferred Service Time\" data-message_please_wait=\"Please wait...\" data-message_success=\"Thank you, we will contact you soon!\" data-message_error=\"Error! Please try again later.\" data-message_mandatory=\"Please fill out all required fields.\" data-rec_secret_key=\"\" data-total_text=\"Total\" data-total_format=\"currency_1\" data-total_decimals=\"2\" data-date_format=\"mm\/dd\/yy\" data-bt_cc_nonce=\"68591d3ac9\" data-hide_total=\"\"><div class=\"btQuoteBookingWrap\"><div class=\"btQuoteBookingForm btActive\"><header class=\"header btClear small  btAccentDash btRegularTitle\" ><p class=\"btSuperTitle\">PROJEKT- UND SCHWERLASTTRANSPORT<\/p><div class=\"dash\"><h4><span class=\"headline\">F\u00dcLLEN SIE DAS FORMULAR EINFACH AUS<\/span><\/h4><\/div><p class=\"btSubTitle\">LASSEN SIE UNS SOFORT MIT IHNEN KONTAKTIEREN<\/p><\/header><div class=\"btClear btSeparator topSmallSpaced noBorder\" ><hr><\/div><div class=\"btText\"><p class=\"form\" style=\"text-align: center;\">\n<div class=\"wpcf7 no-js\" id=\"wpcf7-f6306-o1\" lang=\"de-DE\" dir=\"ltr\" data-wpcf7-id=\"6306\">\n<div class=\"screen-reader-response\">\n<p role=\"status\" aria-live=\"polite\" aria-atomic=\"true\">\n<ul><\/ul>\n<\/div>\n<form action=\"\/de\/wp-json\/wp\/v2\/pages\/6258#wpcf7-f6306-o1\" method=\"post\" class=\"wpcf7-form init\" aria-label=\"Kontaktformular\" novalidate=\"novalidate\" data-status=\"init\">\n<div style=\"display: none;\">\n<input type=\"hidden\" name=\"_wpcf7\" value=\"6306\" \/><br \/>\n<input type=\"hidden\" name=\"_wpcf7_version\" value=\"6.0.6\" \/><br \/>\n<input type=\"hidden\" name=\"_wpcf7_locale\" value=\"de_DE\" \/><br \/>\n<input type=\"hidden\" name=\"_wpcf7_unit_tag\" value=\"wpcf7-f6306-o1\" \/><br \/>\n<input type=\"hidden\" name=\"_wpcf7_container_post\" value=\"0\" \/><br \/>\n<input type=\"hidden\" name=\"_wpcf7_posted_data_hash\" value=\"\" \/><br \/>\n<input type=\"hidden\" name=\"_wpcf7_recaptcha_response\" value=\"\" \/>\n<\/div>\n<div class=\"row\" style=\"display: flex;\">\n<div class=\"column\" style=\"flex: 50%;\">\n<p>Name der Firma\n\t\t<\/p>\n<p><span class=\"wpcf7-form-control-wrap\" data-name=\"firmaadi\"><input size=\"40\" maxlength=\"400\" class=\"wpcf7-form-control wpcf7-text wpcf7-validates-as-required\" aria-required=\"true\" aria-invalid=\"false\" value=\"\" type=\"text\" name=\"firmaadi\" \/><\/span>\n\t\t<\/p>\n<p>Vorname Familienname\n\t\t<\/p>\n<p><span class=\"wpcf7-form-control-wrap\" data-name=\"isim\"><input size=\"40\" maxlength=\"400\" class=\"wpcf7-form-control wpcf7-text wpcf7-validates-as-required\" aria-required=\"true\" aria-invalid=\"false\" value=\"\" type=\"text\" name=\"isim\" \/><\/span>\n\t\t<\/p>\n<p>E-mail\n\t\t<\/p>\n<p><span class=\"wpcf7-form-control-wrap\" data-name=\"email\"><input size=\"40\" maxlength=\"400\" class=\"wpcf7-form-control wpcf7-email wpcf7-validates-as-required wpcf7-text wpcf7-validates-as-email\" aria-required=\"true\" aria-invalid=\"false\" value=\"\" type=\"email\" name=\"email\" \/><\/span>\n\t\t<\/p>\n<\/p><\/div>\n<div class=\"column\" style=\"flex: 50%; margin-left: 10px; margin-bottom: 10px;\">\n<p>W\u00e4hlen Sie \u201eDienst\u201c.\n\t\t<\/p>\n<p><span class=\"wpcf7-form-control-wrap\" data-name=\"hizmet\"><select class=\"wpcf7-form-control wpcf7-select wpcf7-validates-as-required\" aria-required=\"true\" aria-invalid=\"false\" name=\"hizmet\"><option value=\"Seetransporte\">Seetransporte<\/option><option value=\"Stra\u00dfentransporte\">Stra\u00dfentransporte<\/option><option value=\"Lufttransporte\">Lufttransporte<\/option><option value=\"Schwerguttransporte\">Schwerguttransporte<\/option><option value=\"Integrierte Logistik\">Integrierte Logistik<\/option><\/select><\/span>\n\t\t<\/p>\n<p>Telefon\n\t\t<\/p>\n<p><span class=\"wpcf7-form-control-wrap\" data-name=\"telefon\"><input size=\"40\" maxlength=\"400\" class=\"wpcf7-form-control wpcf7-text wpcf7-validates-as-required\" aria-required=\"true\" aria-invalid=\"false\" value=\"\" type=\"text\" name=\"telefon\" \/><\/span>\n\t\t<\/p>\n<p>Sektor\n\t\t<\/p>\n<p><span class=\"wpcf7-form-control-wrap\" data-name=\"sektor\"><input size=\"40\" maxlength=\"400\" class=\"wpcf7-form-control wpcf7-text wpcf7-validates-as-required\" aria-required=\"true\" aria-invalid=\"false\" value=\"\" type=\"text\" name=\"sektor\" \/><\/span>\n\t\t<\/p>\n<\/p><\/div>\n<\/div>\n<div>\n<input class=\"wpcf7-form-control wpcf7-hidden\" value=\"\" type=\"hidden\" name=\"date\" \/><\/p>\n<p><span class=\"wpcf7-form-control-wrap\" data-name=\"kvkk\"><span class=\"wpcf7-form-control wpcf7-acceptance\"><span class=\"wpcf7-list-item\"><label><input type=\"checkbox\" name=\"kvkk\" value=\"1\" aria-invalid=\"false\" \/><span class=\"wpcf7-list-item-label\"><a href=\"https:\/\/www.esalco.com\/wp-content\/uploads\/2022\/10\/ESALCO_KVK_DEde.pdf\">Ich bin mit der Speicherung meiner Daten im Rahmen von KVKK einverstanden.<\/a><\/span><\/label><\/span><\/span><\/span>\n\t<\/p>\n<\/div>\n<div>\n<input class=\"wpcf7-form-control wpcf7-hidden\" value=\"\" type=\"hidden\" name=\"text\" \/><\/p>\n<p><input class=\"wpcf7-form-control wpcf7-submit has-spinner\" type=\"submit\" value=\"Senden\" \/>\n\t<\/p>\n<\/div>\n<p><input type='hidden' class='wpcf7-pum' value='{\"closepopup\":false,\"closedelay\":0,\"openpopup\":false,\"openpopup_id\":0}' \/><\/p>\n<div class=\"wpcf7-response-output\" aria-hidden=\"true\"><\/div>\n<\/form>\n<\/div>\n<\/div><div class=\"btTotalNextWrapper\"><div class=\"btQuoteTotal\"><span class=\"btQuoteTotalText\">Total<\/span><span class=\"btQuoteTotalCurrency\">&nbsp;<\/span><span class=\"btQuoteTotalCalc\"><\/span><\/div><\/div><\/div><\/div><\/div><div class=\"btClear btSeparator topExtraSpaced noBorder\" ><hr><\/div><div class=\"btClear btSeparator topExtraSpaced noBorder\" ><hr><\/div><\/div><\/div><\/div><\/div><\/div><\/div><\/div><\/div><\/div><\/div><\/div><\/div><\/section><section id=\"slider\"  class=\"boldSection btDarkSkin inherit hide_on_desktop\" ><div class=\"port\"><div class=\"boldCell\"><div class=\"boldCellInner\"><div class=\"boldRow \" ><div class=\"rowItem col-md-12 col-ms-12  btTextLeft inherit\"  ><div class=\"rowItemContent\"><div class=\"slided autoSliderHeight\"  data-slick='{\"autoplay\":true,\"autoplaySpeed\":4000,\"pauseOnHover\":false,\"pauseOnDotsHover\":true}'><div class=\"slidedItem firstItem\"  data-thumb=\"https:\/\/www.esalco.com\/wp-content\/uploads\/2020\/03\/Mobil-Slider-AgirYukTasimaciligi-1-320x806.png\"><div class=\"btSliderPort wBackground cover\" style=\"background-image: url('https:\/\/www.esalco.com\/wp-content\/uploads\/2020\/03\/Mobil-Slider-AgirYukTasimaciligi-1.png')\"><div class=\"btSliderCell\" data-slick=\"yes\"><div class=\"btSlideGutter\"><div class=\"btSlidePane\"><div class=\"btClear btSeparator topExtraSpaced noBorder\" ><hr><\/div><div class=\"btClear btSeparator topExtraSpaced noBorder\" ><hr><\/div><div class=\"btClear btSeparator topExtraSpaced noBorder\" ><hr><\/div><div class=\"btClear btSeparator topExtraSpaced noBorder\" ><hr><\/div><div class=\"btClear btSeparator topExtraSpaced noBorder\" ><hr><\/div><div class=\"btQuoteBooking  btQuoteBookingWithoutColor c69ff90a84d804\" style=\"top:600px !important;\" data-admin_email=\"info@bold-themes.com\" data-cf7_id=\"5\" data-email_client=\"yes\" data-email_gdpr=\"\" data-email_gdpr_text=\"\" data-email_gdpr_not_text=\"\" data-currency=\"\" data-currency_after=\"\" data-currency_space=\"yes\" data-url_confirmation=\"\" data-url_ajax=\"https:\/\/www.esalco.com\/wp-admin\/admin-ajax.php\" data-subject=\"Air Cargo calculator\" data-email_header=\"\" data-email_footer=\"\" data-date_text=\"Preferred Service Date\" data-time_text=\"Preferred Service Time\" data-message_please_wait=\"Please wait...\" data-message_success=\"Thank you, we will contact you soon!\" data-message_error=\"Error! Please try again later.\" data-message_mandatory=\"Please fill out all required fields.\" data-rec_secret_key=\"\" data-total_text=\"Total\" data-total_format=\"currency_1\" data-total_decimals=\"2\" data-date_format=\"mm\/dd\/yy\" data-bt_cc_nonce=\"68591d3ac9\" data-hide_total=\"\"><div class=\"btQuoteBookingWrap\"><div class=\"btQuoteBookingForm btActive\"><header class=\"header btClear small  btAccentDash btRegularTitle\" ><div class=\"dash\"><h4><span class=\"headline\">F\u00dcLLEN SIE DAS FORMULAR EINFACH AUS<\/span><\/h4><\/div><p class=\"btSubTitle\">LASSEN SIE UNS SOFORT MIT IHNEN KONTAKTIEREN<\/p><\/header><div class=\"btClear btSeparator topSmallSpaced noBorder\" ><hr><\/div><div class=\"btText\"><p class=\"form\" style=\"text-align: center;\">\n<div class=\"wpcf7 no-js\" id=\"wpcf7-f6306-o2\" lang=\"de-DE\" dir=\"ltr\" data-wpcf7-id=\"6306\">\n<div class=\"screen-reader-response\">\n<p role=\"status\" aria-live=\"polite\" aria-atomic=\"true\">\n<ul><\/ul>\n<\/div>\n<form action=\"\/de\/wp-json\/wp\/v2\/pages\/6258#wpcf7-f6306-o2\" method=\"post\" class=\"wpcf7-form init\" aria-label=\"Kontaktformular\" novalidate=\"novalidate\" data-status=\"init\">\n<div style=\"display: none;\">\n<input type=\"hidden\" name=\"_wpcf7\" value=\"6306\" \/><br \/>\n<input type=\"hidden\" name=\"_wpcf7_version\" value=\"6.0.6\" \/><br \/>\n<input type=\"hidden\" name=\"_wpcf7_locale\" value=\"de_DE\" \/><br \/>\n<input type=\"hidden\" name=\"_wpcf7_unit_tag\" value=\"wpcf7-f6306-o2\" \/><br \/>\n<input type=\"hidden\" name=\"_wpcf7_container_post\" value=\"0\" \/><br \/>\n<input type=\"hidden\" name=\"_wpcf7_posted_data_hash\" value=\"\" \/><br \/>\n<input type=\"hidden\" name=\"_wpcf7_recaptcha_response\" value=\"\" \/>\n<\/div>\n<div class=\"row\" style=\"display: flex;\">\n<div class=\"column\" style=\"flex: 50%;\">\n<p>Name der Firma\n\t\t<\/p>\n<p><span class=\"wpcf7-form-control-wrap\" data-name=\"firmaadi\"><input size=\"40\" maxlength=\"400\" class=\"wpcf7-form-control wpcf7-text wpcf7-validates-as-required\" aria-required=\"true\" aria-invalid=\"false\" value=\"\" type=\"text\" name=\"firmaadi\" \/><\/span>\n\t\t<\/p>\n<p>Vorname Familienname\n\t\t<\/p>\n<p><span class=\"wpcf7-form-control-wrap\" data-name=\"isim\"><input size=\"40\" maxlength=\"400\" class=\"wpcf7-form-control wpcf7-text wpcf7-validates-as-required\" aria-required=\"true\" aria-invalid=\"false\" value=\"\" type=\"text\" name=\"isim\" \/><\/span>\n\t\t<\/p>\n<p>E-mail\n\t\t<\/p>\n<p><span class=\"wpcf7-form-control-wrap\" data-name=\"email\"><input size=\"40\" maxlength=\"400\" class=\"wpcf7-form-control wpcf7-email wpcf7-validates-as-required wpcf7-text wpcf7-validates-as-email\" aria-required=\"true\" aria-invalid=\"false\" value=\"\" type=\"email\" name=\"email\" \/><\/span>\n\t\t<\/p>\n<\/p><\/div>\n<div class=\"column\" style=\"flex: 50%; margin-left: 10px; margin-bottom: 10px;\">\n<p>W\u00e4hlen Sie \u201eDienst\u201c.\n\t\t<\/p>\n<p><span class=\"wpcf7-form-control-wrap\" data-name=\"hizmet\"><select class=\"wpcf7-form-control wpcf7-select wpcf7-validates-as-required\" aria-required=\"true\" aria-invalid=\"false\" name=\"hizmet\"><option value=\"Seetransporte\">Seetransporte<\/option><option value=\"Stra\u00dfentransporte\">Stra\u00dfentransporte<\/option><option value=\"Lufttransporte\">Lufttransporte<\/option><option value=\"Schwerguttransporte\">Schwerguttransporte<\/option><option value=\"Integrierte Logistik\">Integrierte Logistik<\/option><\/select><\/span>\n\t\t<\/p>\n<p>Telefon\n\t\t<\/p>\n<p><span class=\"wpcf7-form-control-wrap\" data-name=\"telefon\"><input size=\"40\" maxlength=\"400\" class=\"wpcf7-form-control wpcf7-text wpcf7-validates-as-required\" aria-required=\"true\" aria-invalid=\"false\" value=\"\" type=\"text\" name=\"telefon\" \/><\/span>\n\t\t<\/p>\n<p>Sektor\n\t\t<\/p>\n<p><span class=\"wpcf7-form-control-wrap\" data-name=\"sektor\"><input size=\"40\" maxlength=\"400\" class=\"wpcf7-form-control wpcf7-text wpcf7-validates-as-required\" aria-required=\"true\" aria-invalid=\"false\" value=\"\" type=\"text\" name=\"sektor\" \/><\/span>\n\t\t<\/p>\n<\/p><\/div>\n<\/div>\n<div>\n<input class=\"wpcf7-form-control wpcf7-hidden\" value=\"\" type=\"hidden\" name=\"date\" \/><\/p>\n<p><span class=\"wpcf7-form-control-wrap\" data-name=\"kvkk\"><span class=\"wpcf7-form-control wpcf7-acceptance\"><span class=\"wpcf7-list-item\"><label><input type=\"checkbox\" name=\"kvkk\" value=\"1\" aria-invalid=\"false\" \/><span class=\"wpcf7-list-item-label\"><a href=\"https:\/\/www.esalco.com\/wp-content\/uploads\/2022\/10\/ESALCO_KVK_DEde.pdf\">Ich bin mit der Speicherung meiner Daten im Rahmen von KVKK einverstanden.<\/a><\/span><\/label><\/span><\/span><\/span>\n\t<\/p>\n<\/div>\n<div>\n<input class=\"wpcf7-form-control wpcf7-hidden\" value=\"\" type=\"hidden\" name=\"text\" \/><\/p>\n<p><input class=\"wpcf7-form-control wpcf7-submit has-spinner\" type=\"submit\" value=\"Senden\" \/>\n\t<\/p>\n<\/div>\n<p><input type='hidden' class='wpcf7-pum' value='{\"closepopup\":false,\"closedelay\":0,\"openpopup\":false,\"openpopup_id\":0}' \/><\/p>\n<div class=\"wpcf7-response-output\" aria-hidden=\"true\"><\/div>\n<\/form>\n<\/div>\n<\/div><div class=\"btTotalNextWrapper\"><div class=\"btQuoteTotal\"><span class=\"btQuoteTotalText\">Total<\/span><span class=\"btQuoteTotalCurrency\">&nbsp;<\/span><span class=\"btQuoteTotalCalc\"><\/span><\/div><\/div><\/div><\/div><\/div><div class=\"btClear btSeparator topSmallSpaced noBorder\" ><hr><\/div><div class=\"btClear btSeparator topSmallSpaced noBorder\" ><hr><\/div><div class=\"btClear btSeparator topSpaced bottomSpaced noBorder\" ><hr><\/div><div class=\"btClear btSeparator topSpaced bottomSpaced noBorder\" ><hr><\/div><\/div><\/div><\/div><\/div><\/div><\/div><\/div><\/div><\/div><\/div><\/div><\/div><\/section><section id=\"bt_section69ff90a84ec56\"  class=\"boldSection topSpaced bottomSemiSpaced gutter inherit\" ><div class=\"port\"><div class=\"boldCell\"><div class=\"boldCellInner\"><div class=\"boldRow \" ><div class=\"rowItem col-md-9 col-ms-12  btTextLeft\"  ><div class=\"rowItemContent\"><header class=\"header btClear extralarge  btAccentDash btRegularTitle\" ><p class=\"btSuperTitle\">HER ALANDA<\/p><div class=\"dash\"><h1><span class=\"headline\">PROJEKT- UND SCHWERLASTTRANSPORT<\/span><\/h1><\/div><\/header><div class=\"btClear btSeparator topSmallSpaced noBorder\" ><hr><\/div><div class=\"btText\"><p>Als Esalco Lojistik erarbeiten wir innovative und kreative L\u00f6sungen f\u00fcr Ihr Projekt und f\u00fcr Sie, indem wir unsere See-, Luft- und Stra\u00dfendienste einzeln oder in verschiedenen Kombinationen f\u00fcr Ihre nationalen oder internationalen Projekte nutzen. Mit unserem professionellen Team planen und managen wir \u00fcberdimensionale, schwere und sperrige Ladungen bis ins kleinste Detail und bringen sie auf dem sichersten Weg an den gew\u00fcnschten Ort.<\/p>\n<p>Wir setzen unsere Infrastruktur und unser Team stets ein, um in einem langfristigen, gro\u00df angelegten, aufw\u00e4ndigen und bindungsintensiven Bereich wie der Projektlogistik zu dienen. Spezielle Projekte k\u00f6nnen kurzfristig geplant sein oder sich \u00fcber viele Jahre erstrecken. Als Esalco handeln wir in diesem Bewusstsein und bieten Ihnen mit unserem hochmotivierten, sich st\u00e4ndig weiterentwickelnden, neugierigen, flexiblen und geschulten Team die Garantie, dass wir Sie so lange unterst\u00fctzen, wie Sie es brauchen. Wir arbeiten rund um die Uhr, um Ihnen mit unseren strategischen Partnern, unserem globalen Netzwerk und unserer gro\u00dfen Leidenschaft f\u00fcr die Umsetzung von Projekten dieser Gr\u00f6\u00dfenordnung einen Service von h\u00f6chster Qualit\u00e4t zu bieten. Wir sind stolz darauf, mit unserer Preispolitik und Servicequalit\u00e4t unter den Unternehmen, die sich mit Projekttransporten besch\u00e4ftigen, einen noch privilegierteren Platz einzunehmen.<\/p>\n<p>Mit unserem Team, das die internationale Gesetzgebung f\u00fcr den Schwerlasttransport beherrscht, technologische Innovationen verfolgt und nachhaltige Logistikstrategien anbietet, bieten wir einen Mehrwert f\u00fcr die Vision aller Institutionen, die bereit sind, gro\u00dfe Schritte zu unternehmen, um ihre Branche in die Zukunft zu f\u00fchren. Wir planen mit ihnen die Zukunft.<\/p>\n<p>Durch die Gestaltung der Produktionsbedingungen und -methoden erf\u00fcllen wir die Schwergutfrachtdienste, die Sie f\u00fcr Ihre Projekte ben\u00f6tigen, die das Leben von Millionen von Menschen beeinflussen werden, mit unseren L\u00f6sungen der k\u00fcnstlichen Intelligenz und unserem zuverl\u00e4ssigen Team, das wettbewerbsf\u00e4hige Preise und eine einwandfreie Nachverfolgung bietet. Wir erstellen Ihre Projektversandpl\u00e4ne und -abl\u00e4ufe mit einem gro\u00dfen \u00dcberblick, wir sind von Anfang an bis zum letzten Moment am Projekt beteiligt, wir gehen die kleinsten Details aller Projekte mit gr\u00f6\u00dfter Sorgfalt an und wir unterst\u00fctzen Sie, indem wir die Bedeutung jedes Schrittes in diesem langen Marathon verstehen.<\/p>\n<p>Wir danken Ihnen, dass Sie uns bei der Verwaltung all Ihrer Logistikprojekte, die der Produktion Kraft und Mehrwert verleihen, Ihr Vertrauen schenken, und wir w\u00fcnschen Ihnen, dass die Beispiele f\u00fcr Projekttransporte, die wir gemeinsam realisieren, Tag f\u00fcr Tag zunehmen werden.<\/p>\n<\/div><div class=\"btClear btSeparator topSmallSpaced noBorder\" ><hr><\/div><div class=\"btClear btSeparator topSmallSpaced noBorder\" ><hr><\/div><div class=\"btClear btSeparator topSemiSpaced noBorder\" ><hr><\/div><\/div><\/div><div class=\"rowItem col-md-3 col-sm-6 col-ms-12 btTextLeft inherit btDoublePadding\"  ><div class=\"rowItemContent\"><header class=\"header btClear small  btAccentDash btRegularTitle\" ><div class=\"dash\"><h4><span class=\"headline\">SUNDU\u011eUMUZ D\u0130\u011eER H\u0130ZMETLER\u0130M\u0130Z<\/span><\/h4><\/div><\/header><div class=\"btCustomMenu \" ><div class=\"menu-hizmetler-almanca-container\"><ul id=\"menu-hizmetler-almanca\" class=\"menu\"><li id=\"menu-item-6237\" class=\"menu-item menu-item-type-post_type menu-item-object-page menu-item-6237\"><a href=\"https:\/\/www.esalco.com\/de\/seeverkehr\/\">SEEVERKEHR<\/a><\/li><li id=\"menu-item-6243\" class=\"menu-item menu-item-type-post_type menu-item-object-page menu-item-6243\"><a href=\"https:\/\/www.esalco.com\/de\/lufttransport\/\">LUFTTRANSPORT<\/a><\/li><li id=\"menu-item-6250\" class=\"menu-item menu-item-type-post_type menu-item-object-page menu-item-6250\"><a href=\"https:\/\/www.esalco.com\/de\/strassenverkehr\/\">STRASSENVERKEHR<\/a><\/li><li id=\"menu-item-6262\" class=\"menu-item menu-item-type-post_type menu-item-object-page menu-item-6262\"><a href=\"https:\/\/www.esalco.com\/de\/projekt-und-schwerlasttransport\/\">PROJEKT- UND SCHWERLASTTRANSPORT<\/a><\/li><li id=\"menu-item-6256\" class=\"menu-item menu-item-type-post_type menu-item-object-page menu-item-6256\"><a href=\"https:\/\/www.esalco.com\/de\/transport-von-persoenlichen-gegenstaenden\/\">TRANSPORT VON PERS\u00d6NLICHEN GEGENST\u00c4NDEN<\/a><\/li>\n<\/ul><\/div><\/div><div class=\"btClear btSeparator topSemiSpaced noBorder\" ><hr><\/div><header class=\"header btClear small  btAccentDash btRegularTitle\" ><p class=\"btSuperTitle\">WICHTIGE DATEIEN<\/p><\/header><div class=\"btBtn btBtn btnOutline btnIconLeftPosition btnLightColor btnSmall btnFull btnIco\" ><div class=\"btIco borderless extrasmall\"><a href=\"https:\/\/www.esalco.com\/wp-content\/uploads\/2024\/03\/bolgemizdeki-limanlar.pdf\"  target=\"_blank\"  data-ico-fa=\"&#xf1c1;\" class=\"btIcoHolder\"><span>B\u00d6LGE L\u0130MANLARI<\/span><\/a><\/div><\/div><div class=\"btClear btSeparator topExtraSmallSpaced noBorder\" ><hr><\/div><div class=\"btClear btSeparator topSpaced noBorder\" ><hr><\/div><header class=\"header btClear small  btAccentDash btRegularTitle\" ><div class=\"dash\"><h4><span class=\"headline\">KONTAKT<\/span><\/h4><\/div><\/header><div class=\"btIconImageRow\" ><div class=\"btIco borderless extrasmall\"><span  data-ico-fa=\"&#xf098;\" class=\"btIcoHolder\"><span>TEL: +90 444 2 395<\/span><\/span><\/div><\/div><div class=\"btIconImageRow\" ><div class=\"btIco borderless extrasmall\"><span  data-ico-fa=\"&#xf0e0;\" class=\"btIcoHolder\"><span>Mail: webform@esalco.com.tr<\/span><\/span><\/div><\/div><div class=\"btClear btSeparator topSmallSpaced noBorder\" ><hr><\/div><\/div><\/div><\/div><div class=\"boldRow \" ><div class=\"rowItem col-md-12 col-ms-12  btTextLeft\"  ><div class=\"rowItemContent\"><\/div><\/div><\/div><\/div><\/div><\/div><\/section><section id=\"bt_section69ff90a851fd7\"  class=\"boldSection bottomSpaced gutter inherit\" ><div class=\"port\"><div class=\"boldCell\"><div class=\"boldCellInner\"><div class=\"boldRow \" ><div class=\"rowItem col-md-3 col-sm-6 col-ms-12 btTextLeft animate animate-fadein btHighlight inherit\"  ><div class=\"rowItemContent\"><div class=\"btClear btSeparator topSemiSpaced noBorder\" ><hr><\/div><div class=\"servicesItem  mediumIcon borderlessIconType \"><div class=\"sIcon\"><div class=\"btIco medium borderless\"><span  data-ico-cs=\"&#xe629;\" class=\"btIcoHolder\"><\/span><\/div><\/div><div class=\"sTxt\"><header class=\"header btClear extrasmall\" ><div class=\"dash\"><h4><span class=\"headline\">VERSAND<\/span><\/h4><\/div><\/header><p><\/p><\/div><\/div><div class=\"btClear btSeparator topSemiSpaced noBorder\" ><hr><\/div><\/div><\/div><div class=\"rowItem col-md-3 col-sm-6 col-ms-12 btTextLeft animate animate-fadein btHighlight inherit\"  ><div class=\"rowItemContent\"><div class=\"btClear btSeparator topSemiSpaced noBorder\" ><hr><\/div><div class=\"servicesItem  mediumIcon borderlessIconType \"><div class=\"sIcon\"><div class=\"btIco medium borderless\"><span  data-ico-cs=\"&#xe627;\" class=\"btIcoHolder\"><\/span><\/div><\/div><div class=\"sTxt\"><header class=\"header btClear extrasmall\" ><div class=\"dash\"><h4><span class=\"headline\">SCHUTZ<\/span><\/h4><\/div><\/header><p><\/p><\/div><\/div><div class=\"btClear btSeparator topSemiSpaced noBorder\" ><hr><\/div><\/div><\/div><div class=\"rowItem col-md-3 col-sm-6 col-ms-12 btTextLeft animate animate-fadein btHighlight inherit\"  ><div class=\"rowItemContent\"><div class=\"btClear btSeparator topSemiSpaced noBorder\" ><hr><\/div><div class=\"servicesItem  mediumIcon borderlessIconType \"><div class=\"sIcon\"><div class=\"btIco medium borderless\"><span  data-ico-cs=\"&#xe61c;\" class=\"btIcoHolder\"><\/span><\/div><\/div><div class=\"sTxt\"><header class=\"header btClear extrasmall\" ><div class=\"dash\"><h4><span class=\"headline\">LUFTABDECKUNG<\/span><\/h4><\/div><\/header><p><\/p><\/div><\/div><div class=\"btClear btSeparator topSemiSpaced noBorder\" ><hr><\/div><\/div><\/div><div class=\"rowItem col-md-3 col-sm-6 col-ms-12 btTextLeft animate animate-fadein inherit btDoublePadding\"  ><div class=\"rowItemContent\"><div class=\"btClear btSeparator topSemiSpaced noBorder\" ><hr><\/div><header class=\"header btClear small  btAccentDash btRegularTitle\" ><div class=\"dash\"><h4><span class=\"headline\">DURCHSUCHEN SIE UNSERE DIENSTLEISTUNGEN<\/span><\/h4><\/div><\/header><\/div><\/div><\/div><\/div><\/div><\/div><\/section><section id=\"bt_section69ff90a8526bd\"  class=\"boldSection btDarkSkin gutter inherit\" style=\"background-color:#0b61aa;\"><div class=\"port\"><div class=\"boldCell\"><div class=\"boldCellInner\"><div class=\"boldRow \" ><div class=\"rowItem col-md-12 col-ms-12  btTextLeft\"  ><div class=\"rowItemContent\"><div class=\"btClear btSeparator topSmallSpaced bottomSmallSpaced noBorder\" ><hr><\/div><\/div><\/div><\/div><\/div><\/div><\/div><\/section><\/div>","protected":false},"excerpt":{"rendered":"PROJEKT- UND SCHWERLASTTRANSPORTF\u00dcLLEN SIE DAS FORMULAR EINFACH AUSLASSEN SIE UNS SOFORT MIT IHNEN KONTAKTIEREN Name der Firma Vorname Familienname E-mail W\u00e4hlen Sie \u201eDienst\u201c. SeetransporteStra\u00dfentransporteLufttransporteSchwerguttransporteIntegrierte Logistik Telefon Sektor Ich bin mit der Speicherung meiner Daten im Rahmen von KVKK einverstanden. Total&nbsp;F\u00dcLLEN SIE DAS FORMULAR EINFACH AUSLASSEN SIE UNS SOFORT MIT IHNEN KONTAKTIEREN Name der Firma Vorname [...]","protected":false},"author":1,"featured_media":0,"parent":0,"menu_order":0,"comment_status":"closed","ping_status":"closed","template":"","meta":{"footnotes":""},"class_list":["post-6258","page","type-page","status-publish","hentry"],"aioseo_notices":[],"_links":{"self":[{"href":"https:\/\/www.esalco.com\/de\/wp-json\/wp\/v2\/pages\/6258","targetHints":{"allow":["GET"]}}],"collection":[{"href":"https:\/\/www.esalco.com\/de\/wp-json\/wp\/v2\/pages"}],"about":[{"href":"https:\/\/www.esalco.com\/de\/wp-json\/wp\/v2\/types\/page"}],"author":[{"embeddable":true,"href":"https:\/\/www.esalco.com\/de\/wp-json\/wp\/v2\/users\/1"}],"replies":[{"embeddable":true,"href":"https:\/\/www.esalco.com\/de\/wp-json\/wp\/v2\/comments?post=6258"}],"version-history":[{"count":6,"href":"https:\/\/www.esalco.com\/de\/wp-json\/wp\/v2\/pages\/6258\/revisions"}],"predecessor-version":[{"id":9192,"href":"https:\/\/www.esalco.com\/de\/wp-json\/wp\/v2\/pages\/6258\/revisions\/9192"}],"wp:attachment":[{"href":"https:\/\/www.esalco.com\/de\/wp-json\/wp\/v2\/media?parent=6258"}],"curies":[{"name":"wp","href":"https:\/\/api.w.org\/{rel}","templated":true}]}}