{"id":6299,"date":"2019-12-30T11:43:11","date_gmt":"2019-12-30T08:43:11","guid":{"rendered":"https:\/\/www.esalco.com\/uluslararasi-lojistik\/"},"modified":"2022-09-28T15:47:18","modified_gmt":"2022-09-28T12:47:18","slug":"bedeutung-der-internationalen-logistik","status":"publish","type":"page","link":"https:\/\/www.esalco.com\/de\/bedeutung-der-internationalen-logistik\/","title":{"rendered":"BEDEUTUNG  DER INTERNATIONALEN LOGISTIK"},"content":{"rendered":"<div class=\"bt_rc_container\"><section id=\"bt_section69f33e9a09738\" data-parallax=\"0.1\" data-parallax-offset=\"0\" class=\"boldSection topExtraSpaced bottomExtraSpaced btDarkSkin gutter btMiddleVertical btParallax wBackground cover\" style=\"background-image:url('https:\/\/www.esalco.com\/wp-content\/uploads\/2020\/01\/Uclu-Slider-2.png');\"><div class=\"port\"><div class=\"boldCell\"><div class=\"boldCellInner\"><div class=\"boldRow \" ><div class=\"rowItem col-md-12 col-ms-12  btTextLeft animate animate-fadein animate-moveleft inherit\"  ><div class=\"rowItemContent\"><header class=\"header btClear extralarge btDash bottomDash  btAccentDash btRegularTitle\" style=\"max-width: 800px;\"><div class=\"dash\"><h1><span class=\"headline\">BEDEUTUNG DER INTERNATIONALEN LOGISTIK<\/span><\/h1><\/div><\/header><div class=\"btClear btSeparator bottomSemiSpaced noBorder\" ><hr><\/div><\/div><\/div><\/div><\/div><\/div><\/div><\/section><section id=\"bt_section69f33e9a09aba\"  class=\"boldSection topSpaced bottomSpaced gutter inherit\" ><div class=\"port\"><div class=\"boldCell\"><div class=\"boldCellInner\"><div class=\"boldRow \" ><div class=\"rowItem col-sm-4 col-ms-12 btTextRight animate animate-fadein inherit btDoublePadding\"  ><div class=\"rowItemContent\"><header class=\"header btClear medium  btAccentDash btRegularTitle\" ><p class=\"btSuperTitle\">BEDEUTUNG DER INTERNATIONALEN LOGISTIK<\/p><\/header><\/div><\/div><div class=\"rowItem col-sm-4 col-ms-12 btTextLeft animate animate-fadein btTextIndent inherit btDoublePadding\"  ><div class=\"rowItemContent\"><div class=\"btText\"><p>Die Bedeutung der internationalen Logistik nimmt in der globalisierten Welt von Tag zu Tag zu. Sowohl L\u00e4nder als auch multinationale Unternehmen erkennen immer deutlicher, wie wichtig es ist, in Logistikstrategien zu investieren. Neben der Kundenzufriedenheit tragen diese Logistikstrategien, die darauf abzielen, die Kosten so niedrig wie m\u00f6glich zu halten, auch dazu bei, dass Unternehmen und L\u00e4nder langfristige Wettbewerbsvorteile schaffen.<\/p>\n<p>Neue und sich entwickelnde Gesch\u00e4ftsaktivit\u00e4ten sind die gr\u00f6\u00dfte Motivationsquelle f\u00fcr internationale Logistikunternehmen, um ihre Gesch\u00e4ftsfelder Tag f\u00fcr Tag weiterzuentwickeln. Null-Bestands-Systeme, Innovationen bei KI-basierten Programmen, sich entwickelnde Lieferketten und die allt\u00e4gliche<\/p>\n<\/div><div class=\"btClear btSeparator bottomExtraSmallSpaced noBorder\" ><hr><\/div><div class=\"btClear btSeparator bottomExtraSmallSpaced noBorder\" ><hr><\/div><\/div><\/div><div class=\"rowItem col-sm-4 col-ms-12 btTextCenter animate animate-fadein inherit\"  ><div class=\"rowItemContent\"><div class=\"bpgPhoto btTextCenter\" ><div class=\"btImage\"><img decoding=\"async\" src=\"https:\/\/www.esalco.com\/wp-content\/uploads\/2015\/09\/Three-trucks-on-blue-background-1200x750.jpg\" alt=\"Three-trucks-on-blue-background-1200x750.jpg\"><\/div><\/div><div class=\"btClear btSeparator topSmallSpaced noBorder\" ><hr><\/div><\/div><\/div><\/div><div class=\"boldRow \" ><div class=\"rowItem col-md-12 col-ms-12  btTextRight animate animate-fadein animate-moveright inherit\"  ><div class=\"rowItemContent\"><div class=\"btClear btSeparator topSmallSpaced noBorder\" ><hr><\/div><\/div><\/div><\/div><div class=\"boldRow \" ><div class=\"rowItem col-sm-4 col-ms-12 btTextLeft animate animate-fadein inherit btDoublePadding\"  ><div class=\"rowItemContent\"><\/div><\/div><div class=\"rowItem col-sm-4 col-ms-12 btTextCenter animate animate-fadein inherit\"  ><div class=\"rowItemContent\"><div class=\"bpgPhoto btTextCenter\" ><div class=\"btImage\"><img decoding=\"async\" src=\"https:\/\/www.esalco.com\/wp-content\/uploads\/2015\/09\/shutterstock_154792133.jpg\" alt=\"shutterstock_154792133.jpg\"><\/div><\/div><\/div><\/div><div class=\"rowItem col-sm-4 col-ms-12 btTextLeft animate animate-fadein inherit btDoublePadding\"  ><div class=\"rowItemContent\"><div class=\"btText\"><p>In der Gesch\u00e4ftswelt, in der sich die Produktion und die Bed\u00fcrfnisse fast t\u00e4glich \u00e4ndern, haben die Logistikunternehmen begonnen, Dienstleistungen zu erbringen, die einen Mehrwert bieten, und zwar nicht nur durch die Arbeit, die sie verrichten. Auf diese Weise hat der Logistiksektor, der bereits von unbestreitbarer Bedeutung ist, noch gr\u00f6\u00dfere Fortschritte gemacht und ist zu einem der wichtigsten Bestandteile des Wandels in der Handelswelt geworden. W\u00e4hrend Innovationen im Bereich des internationalen Transports die meisten Ver\u00e4nderungen in den Produktionsmethoden m\u00f6glich gemacht haben, haben sich neue Transportwege und -methoden auch auf die Produktionszeiten ausgewirkt und die Grundlage f\u00fcr Gesch\u00e4ftsmodelle gebildet. Die Logistikstrategien und Lieferketten von Unternehmen sind zu einem Ma\u00dfstab daf\u00fcr geworden, wie effizient sie ihre Produkte und Dienstleistungen an ihre Kunden liefern k\u00f6nnen.<\/p>\n<p>W\u00e4hrend die internationalen Schifffahrtsunternehmen ihre Leistung zunehmend an Geschwindigkeit und Sicherheit ausrichten, hat das Aufkommen intermodaler und multimodaler Transportkonzepte im Containertransport die Entwicklungen in diesem Bereich beschleunigt. Im Haus-zu-Haus-Verkehr ist es durch den gemeinsamen und integrierten Einsatz unterschiedlichster Logistikdisziplinen m\u00f6glich geworden, eine Ladung so schnell, sicher und wirtschaftlich wie m\u00f6glich von ihrem Ausgangspunkt zu ihrem Bestimmungsort zu bef\u00f6rdern. Dar\u00fcber hinaus haben die Ma\u00dfnahmen f\u00fcr einen m\u00f6glichst effizienten Einsatz der Transportfahrzeuge eine Senkung der Dienstleistungsgeb\u00fchren erm\u00f6glicht, wodurch der Wettbewerbsvorteil gewahrt werden konnte.<\/p>\n<\/div><div class=\"btClear btSeparator bottomExtraSmallSpaced noBorder\" ><hr><\/div><div class=\"btClear btSeparator bottomSemiSpaced noBorder\" ><hr><\/div><\/div><\/div><\/div><div class=\"boldRow \" ><div class=\"rowItem col-md-12 col-ms-12  btTextRight animate animate-fadein animate-moveright inherit\"  ><div class=\"rowItemContent\"><div class=\"btClear btSeparator topSmallSpaced noBorder\" ><hr><\/div><\/div><\/div><\/div><div class=\"boldRow \" ><div class=\"rowItem col-sm-4 col-ms-12 btTextLeft animate animate-fadein inherit btDoublePadding\"  ><div class=\"rowItemContent\"><\/div><\/div><div class=\"rowItem col-sm-4 col-ms-12 btTextLeft animate animate-fadein inherit btDoublePadding\"  ><div class=\"rowItemContent\"><div class=\"btText\"><p>Dar\u00fcber hinaus waren die Entwicklungen, insbesondere im Bereich der Informationstechnologie, einer der wichtigsten Faktoren, die den heutigen Stand des internationalen Verkehrs bestimmt haben. Elektronische Datenaustauschtechnologien haben den Weg f\u00fcr die Einrichtung von \u00fcber mehrere Wege zug\u00e4nglichen Systemen in internationalen Netzen geebnet, die es sowohl Kunden als auch Lieferanten auf der ganzen Welt erm\u00f6glichen, von jedem Punkt aus auf die Versandinformationen f\u00fcr dieselbe Ladung zuzugreifen.<\/p>\n<p>Das Wachstum der Transportnetze und die Zunahme des Handelsvolumens im Rahmen der globalisierten Wirtschaftsstruktur haben auch zu einer Auslagerung der logistischen Anforderungen gef\u00fchrt. Dieses Modell hat auch dazu gef\u00fchrt, dass die Rolle von Zwischenh\u00e4ndlern an Bedeutung gewonnen hat. Es ist hervorzuheben, dass die Bedeutung der erbrachten Dienstleistung unter Ber\u00fccksichtigung der Kundenzufriedenheit bei der Auswahl von Logistikdienstleistern von Tag zu Tag zunimmt. Bei der Ausarbeitung von Strategien f\u00fcr die logistische Versorgungskette gehen die Kunden langfristige Partnerschaften mit Unternehmen ein, die ihnen dabei helfen, die effektivsten und kosteng\u00fcnstigsten L\u00f6sungen zu entwickeln und die h\u00f6chste Servicequalit\u00e4t zu bieten, und sie gestalten ihre Produktionspl\u00e4ne auf der Grundlage dieser Dienstleistungen.<\/p>\n<\/div><div class=\"btClear btSeparator bottomExtraSmallSpaced noBorder\" ><hr><\/div><div class=\"btClear btSeparator bottomSemiSpaced noBorder\" ><hr><\/div><\/div><\/div><div class=\"rowItem col-sm-4 col-ms-12 btTextCenter animate animate-fadein inherit\"  ><div class=\"rowItemContent\"><div class=\"bpgPhoto btTextCenter\" ><div class=\"btImage\"><img decoding=\"async\" src=\"https:\/\/www.esalco.com\/wp-content\/uploads\/2015\/09\/shutterstock_150647810.jpg\" alt=\"shutterstock_150647810.jpg\"><\/div><\/div><\/div><\/div><\/div><\/div><\/div><\/div><\/section><\/div>","protected":false},"excerpt":{"rendered":"BEDEUTUNG DER INTERNATIONALEN LOGISTIKBEDEUTUNG DER INTERNATIONALEN LOGISTIKDie Bedeutung der internationalen Logistik nimmt in der globalisierten Welt von Tag zu Tag zu. Sowohl L\u00e4nder als auch multinationale Unternehmen erkennen immer deutlicher, wie wichtig es ist, in Logistikstrategien zu investieren. Neben der Kundenzufriedenheit tragen diese Logistikstrategien, die darauf abzielen, die Kosten so niedrig wie m\u00f6glich zu halten, [...]","protected":false},"author":1,"featured_media":0,"parent":0,"menu_order":0,"comment_status":"closed","ping_status":"closed","template":"","meta":{"footnotes":""},"class_list":["post-6299","page","type-page","status-publish","hentry"],"aioseo_notices":[],"_links":{"self":[{"href":"https:\/\/www.esalco.com\/de\/wp-json\/wp\/v2\/pages\/6299","targetHints":{"allow":["GET"]}}],"collection":[{"href":"https:\/\/www.esalco.com\/de\/wp-json\/wp\/v2\/pages"}],"about":[{"href":"https:\/\/www.esalco.com\/de\/wp-json\/wp\/v2\/types\/page"}],"author":[{"embeddable":true,"href":"https:\/\/www.esalco.com\/de\/wp-json\/wp\/v2\/users\/1"}],"replies":[{"embeddable":true,"href":"https:\/\/www.esalco.com\/de\/wp-json\/wp\/v2\/comments?post=6299"}],"version-history":[{"count":5,"href":"https:\/\/www.esalco.com\/de\/wp-json\/wp\/v2\/pages\/6299\/revisions"}],"predecessor-version":[{"id":6439,"href":"https:\/\/www.esalco.com\/de\/wp-json\/wp\/v2\/pages\/6299\/revisions\/6439"}],"wp:attachment":[{"href":"https:\/\/www.esalco.com\/de\/wp-json\/wp\/v2\/media?parent=6299"}],"curies":[{"name":"wp","href":"https:\/\/api.w.org\/{rel}","templated":true}]}}