{"id":6388,"date":"2019-12-30T09:29:36","date_gmt":"2019-12-30T06:29:36","guid":{"rendered":"https:\/\/www.esalco.com\/neden-esalco\/"},"modified":"2023-06-19T13:42:46","modified_gmt":"2023-06-19T10:42:46","slug":"warum-esalco","status":"publish","type":"page","link":"https:\/\/www.esalco.com\/de\/warum-esalco\/","title":{"rendered":"WARUM ESALCO?"},"content":{"rendered":"<div class=\"bt_rc_container\"><section id=\"bt_section69eb637392028\" data-parallax=\"0.1\" data-parallax-offset=\"0\" class=\"boldSection topExtraSpaced bottomExtraSpaced btDarkSkin gutter fullScreenHeight inherit btParallax wBackground cover\" style=\"background-image:url('https:\/\/www.esalco.com\/wp-content\/uploads\/2020\/01\/NedenEsalco-1.png');\"><div class=\"port\"><div class=\"boldCell\"><div class=\"boldCellInner\"><div class=\"boldRow \" ><div class=\"rowItem col-md-12 col-ms-12  btTextLeft animate animate-fadein animate-moveleft inherit\"  ><div class=\"rowItemContent\"><div class=\"btClear btSeparator bottomExtraSpaced noBorder\" ><hr><\/div><header class=\"header btClear extralarge btDash bottomDash  btAccentDash btRegularTitle\" style=\"max-width: 800px;\"><div class=\"dash\"><h1><span class=\"headline\">WARUM ESALCO?<\/span><\/h1><\/div><\/header><div class=\"btClear btSeparator bottomSemiSpaced noBorder\" ><hr><\/div><div class=\"btBtn btBtn btnFilled btnIconLeftPosition btnAccentColor btnSmall btnNormal\" ><a href=\"https:\/\/www.esalco.com\/de\/kontakt\/\">KONTAKT<\/a><\/div><div class=\"btBtn btBtn btnFilled btnIconLeftPosition btnNormalColor btnSmall btnNormal\" ><a href=\"https:\/\/www.esalco.com\/de\/kontakt\/\">\u00dcBER UNS<\/a><\/div><\/div><\/div><\/div><\/div><\/div><\/div><\/section><section id=\"bt_section69eb6373924d9\"  class=\"boldSection btDivider topSpaced bottomSpaced gutter inherit\" ><div class=\"port\"><div class=\"boldCell\"><div class=\"boldCellInner\"><div class=\"boldRow \" ><div class=\"rowItem col-md-3 col-sm-6 col-ms-12 btTextRight animate animate-fadein animate-moveright inherit btDoublePadding\"  ><div class=\"rowItemContent\"><header class=\"header btClear medium  btAccentDash btRegularTitle\" ><div class=\"dash\"><h3><span class=\"headline\">WAS BIETEN WIR IHNEN?<\/span><\/h3><\/div><\/header><div class=\"btClear btSeparator topSemiSpaced noBorder\" ><hr><\/div><div class=\"btText\"><blockquote style=\"text-align: left; font-weight: 500 !important;\"><p>Wir lieben es, einen Mehrwert f\u00fcr unsere Kunden, Gesch\u00e4ftspartner und Mitarbeiter zu schaffen, mit denen wir zusammenarbeiten. Um mehr \u00fcber unsere vorteilhaften Dienstleistungen zu erfahren, lesen<\/p><\/blockquote>\n<\/div><\/div><\/div><div class=\"rowItem col-md-3 col-sm-6 col-ms-12 btTextLeft animate animate-fadein btTextIndent btHighlight inherit\"  ><div class=\"rowItemContent\"><div class=\"bpgPhoto btTextCenter btLightbox\" ><div class=\"btImage\"><img decoding=\"async\" src=\"https:\/\/www.esalco.com\/wp-content\/uploads\/2015\/09\/Three-trucks-on-blue-background-640x480.jpg\" alt=\"Three-trucks-on-blue-background-640x480.jpg\"><\/div><\/div><div class=\"btClear btSeparator topSmallSpaced noBorder\" ><hr><\/div><header class=\"header btClear small  btAlternateDash btRegularTitle\" ><div class=\"dash\"><h4><span class=\"headline\">STRASSENVERKEHR<\/span><\/h4><\/div><p class=\"btSubTitle\">P\u00dcNKTLICH<\/p><\/header><div class=\"btText\"><p>Mit unserem erfahrenen Team stehen wir Ihnen zur Verf\u00fcgung, um Ihnen die schnellsten und effektivsten L\u00f6sungen im Stra\u00dfentransport anzubieten.<\/p>\n<\/div><div class=\"btClear btSeparator topSmallSpaced noBorder\" ><hr><\/div><div class=\"btBtn btBtn btnBorderless btnIconRightPosition btnNormalColor btnSmall btnNormal btnIco\" ><div class=\"btIco borderless extrasmall\"><a href=\"https:\/\/www.esalco.com\/de\/strassenverkehr\/\"  data-ico-fa=\"&#xf101;\" class=\"btIcoHolder\"><span>ZUR SEITE<\/span><\/a><\/div><\/div><div class=\"btClear btSeparator topSmallSpaced noBorder\" ><hr><\/div><\/div><\/div><div class=\"rowItem col-md-3 col-sm-6 col-ms-12 btTextLeft animate animate-fadein btTextIndent btHighlight inherit\"  ><div class=\"rowItemContent\"><div class=\"bpgPhoto btTextCenter\" ><div class=\"btImage\"><img decoding=\"async\" src=\"https:\/\/www.esalco.com\/wp-content\/uploads\/2015\/09\/shutterstock_1356599871-640x480.jpg\" alt=\"shutterstock_1356599871-640x480.jpg\"><\/div><\/div><div class=\"btClear btSeparator topSmallSpaced noBorder\" ><hr><\/div><header class=\"header btClear small  btAccentDash btRegularTitle\" ><div class=\"dash\"><h4><span class=\"headline\">LUFTVERKEHR<\/span><\/h4><\/div><p class=\"btSubTitle\">JEDER PUNKT<\/p><\/header><div class=\"btText\"><p>Da wir in der Branche anerkannt sind, arbeiten wir mit wichtigen Namen im Luftverkehr zusammen und k\u00f6nnen Ihnen den besten Service bieten.<\/p>\n<\/div><div class=\"btClear btSeparator topSmallSpaced noBorder\" ><hr><\/div><div class=\"btBtn btBtn btnBorderless btnIconRightPosition btnNormalColor btnSmall btnNormal btnIco\" ><div class=\"btIco borderless extrasmall\"><a href=\"https:\/\/www.esalco.com\/de\/lufttransport\/\"  data-ico-fa=\"&#xf101;\" class=\"btIcoHolder\"><span>ZUR SEITE<\/span><\/a><\/div><\/div><div class=\"btClear btSeparator topSmallSpaced noBorder\" ><hr><\/div><\/div><\/div><div class=\"rowItem col-md-3 col-sm-6 col-ms-12 btTextLeft animate animate-fadein btTextIndent btHighlight inherit\"  ><div class=\"rowItemContent\"><div class=\"bpgPhoto btTextCenter\" ><div class=\"btImage\"><img decoding=\"async\" src=\"https:\/\/www.esalco.com\/wp-content\/uploads\/2015\/10\/ship_flipped-640x480.jpg\" alt=\"ship_flipped-640x480.jpg\"><\/div><\/div><div class=\"btClear btSeparator topSmallSpaced noBorder\" ><hr><\/div><header class=\"header btClear small  btAccentDash btRegularTitle\" ><div class=\"dash\"><h4><span class=\"headline\">SEEVERKEHRSVERKEHR<\/span><\/h4><\/div><p class=\"btSubTitle\">BREITER DURCHMESSER<\/p><\/header><div class=\"btText\"><p>Dank unseres ausgedehnten und zuverl\u00e4ssigen Netzes von gro\u00dfen H\u00e4fen k\u00f6nnen Sie Ihre Fracht an jeden Ort der Welt transportieren.<\/p>\n<\/div><div class=\"btClear btSeparator topSmallSpaced noBorder\" ><hr><\/div><div class=\"btBtn btBtn btnBorderless btnIconRightPosition btnNormalColor btnSmall btnNormal btnIco\" ><div class=\"btIco borderless extrasmall\"><a href=\"https:\/\/www.esalco.com\/de\/seeverkehr\/\"  data-ico-fa=\"&#xf101;\" class=\"btIcoHolder\"><span>ZUR SEITE<\/span><\/a><\/div><\/div><div class=\"btClear btSeparator topSmallSpaced noBorder\" ><hr><\/div><\/div><\/div><\/div><\/div><\/div><\/div><\/section><section id=\"bt_section69eb6373945a6\"  class=\"boldSection topSemiSpaced bottomSemiSpaced btDarkSkin gutter inherit wBackground cover\" style=\"background-image:url('https:\/\/www.esalco.com\/wp-content\/uploads\/2015\/09\/Blue-background-with-trucks.jpg');\"><div class=\"port\"><div class=\"boldCell\"><div class=\"boldCellInner\"><div class=\"boldRow \" ><div class=\"rowItem col-sm-6 col-ms-12 btTextLeft\"  ><div class=\"rowItemContent\"><header class=\"header btClear small  btAccentDash btRegularTitle\" style=\"margin-bottom: 0;\"><div class=\"dash\"><h4><span class=\"headline\">KONTAKT US<\/span><\/h4><\/div><\/header><\/div><\/div><div class=\"rowItem col-sm-6 col-ms-12 btTextRight btMiddleVertical\"  ><div class=\"rowItemContent\"><div class=\"btBtn btBtn btnOutline btnIconLeftPosition btnLightColor btnSmall btnNormal btnIco\" ><div class=\"btIco borderless extrasmall\"><a href=\"https:\/\/www.esalco.com\/de\/kontakt\/\"  target=\"_blank\"  data-ico-fa=\"&#xf0e0;\" class=\"btIcoHolder\"><span>KONTAKT<\/span><\/a><\/div><\/div><div class=\"btBtn btBtn btnOutline btnIconLeftPosition btnLightColor btnSmall btnNormal btnIco\" ><div class=\"btIco borderless extrasmall\"><a href=\"https:\/\/www.esalco.com\/de\/kontakt\/\"  target=\"_blank\"  data-ico-cs=\"&#xe62a;\" class=\"btIcoHolder\"><span>UNSERE DIENSTLEISTUNGEN<\/span><\/a><\/div><\/div><\/div><\/div><\/div><\/div><\/div><\/div><\/section><section id=\"bt_section69eb637394d77\"  class=\"boldSection btDivider topSpaced bottomSpaced gutter inherit wBackground cover\" style=\"background-image:url('https:\/\/www.esalco.com\/wp-content\/uploads\/2015\/09\/Transparent-background-with-dots.png');\"><div class=\"port\"><div class=\"boldCell\"><div class=\"boldCellInner\"><div class=\"boldRow \" style=\"margin-bottom: 35px;\"><div class=\"rowItem col-md-3 col-sm-6 col-ms-12 btTextRight animate animate-fadein animate-moveright inherit btDoublePadding\"  ><div class=\"rowItemContent\"><header class=\"header btClear medium  btAccentDash btRegularTitle\" ><div class=\"dash\"><h3><span class=\"headline\">DAS VORTEILHAFTE DIENSTLEISTUNGSVERST\u00c4NDNIS VON ESALCO<\/span><\/h3><\/div><\/header><div class=\"btClear btSeparator topSemiSpaced noBorder\" ><hr><\/div><\/div><\/div><div class=\"rowItem col-md-3 col-sm-6 col-ms-12 btTextLeft animate animate-fadein btHighlight inherit\"  ><div class=\"rowItemContent\"><div class=\"btClear btSeparator topSmallSpaced noBorder\" ><hr><\/div><div class=\"servicesItem  mediumIcon borderlessIconType \"><div class=\"sIcon\"><div class=\"btIco medium borderless\"><span  data-ico-fa=\"&#xf00c;\" class=\"btIcoHolder\"><\/span><\/div><\/div><div class=\"sTxt\"><header class=\"header btClear extrasmall\" ><div class=\"dash\"><h4><span class=\"headline\">TECHNOLOGIE- UND BILDUNGSORIENTIERT<\/span><\/h4><\/div><\/header><p>Wir passen technologische Innovationen an unser System an und unterst\u00fctzen unser gro\u00dfartiges Team mit Schulungen.<br><\/p><\/div><\/div><div class=\"btClear btSeparator topSmallSpaced noBorder\" ><hr><\/div><\/div><\/div><div class=\"rowItem col-md-3 col-sm-6 col-ms-12 btTextLeft animate animate-fadein btHighlight inherit\"  ><div class=\"rowItemContent\"><div class=\"btClear btSeparator topSmallSpaced noBorder\" ><hr><\/div><div class=\"servicesItem  mediumIcon borderlessIconType \"><div class=\"sIcon\"><div class=\"btIco medium borderless\"><span  data-ico-fa=\"&#xf00c;\" class=\"btIcoHolder\"><\/span><\/div><\/div><div class=\"sTxt\"><header class=\"header btClear extrasmall\" ><div class=\"dash\"><h4><span class=\"headline\">ZUVERL\u00c4SSIG<\/span><\/h4><\/div><\/header><p>Wir f\u00fchren unsere Gesch\u00e4fte auf der Grundlage von gegenseitigem Vertrauen und Transparenz.<br><\/p><\/div><\/div><div class=\"btClear btSeparator topSmallSpaced noBorder\" ><hr><\/div><\/div><\/div><div class=\"rowItem col-md-3 col-sm-6 col-ms-12 btTextLeft animate animate-fadein btHighlight inherit\"  ><div class=\"rowItemContent\"><div class=\"btClear btSeparator topSmallSpaced noBorder\" ><hr><\/div><div class=\"servicesItem  mediumIcon borderlessIconType \"><div class=\"sIcon\"><div class=\"btIco medium borderless\"><span  data-ico-fa=\"&#xf00c;\" class=\"btIcoHolder\"><\/span><\/div><\/div><div class=\"sTxt\"><header class=\"header btClear extrasmall\" ><div class=\"dash\"><h4><span class=\"headline\">ZUG\u00c4NGLICH<\/span><\/h4><\/div><\/header><p>Wir haben ein Team, das mit seiner Seele und der Last, die es tr\u00e4gt, um die Welt reist und rund um die Uhr im Einsatz ist. <br><\/p><\/div><\/div><div class=\"btClear btSeparator topSmallSpaced noBorder\" ><hr><\/div><\/div><\/div><\/div><div class=\"boldRow \" ><div class=\"rowItem col-md-3 col-sm-6 col-ms-12 btTextLeft animate animate-fadein btHighlight inherit\"  ><div class=\"rowItemContent\"><div class=\"btClear btSeparator topSmallSpaced noBorder\" ><hr><\/div><div class=\"servicesItem  mediumIcon borderlessIconType \"><div class=\"sIcon\"><div class=\"btIco medium borderless\"><span  data-ico-fa=\"&#xf00c;\" class=\"btIcoHolder\"><\/span><\/div><\/div><div class=\"sTxt\"><header class=\"header btClear extrasmall\" ><div class=\"dash\"><h4><span class=\"headline\">L\u00d6SUNGSORIENTIERT<\/span><\/h4><\/div><\/header><p>Mit unseren kreativen Ideen l\u00f6sen wir auch Ihre komplexesten Logistikanforderungen.<br><\/p><\/div><\/div><div class=\"btClear btSeparator topSmallSpaced noBorder\" ><hr><\/div><\/div><\/div><div class=\"rowItem col-md-3 col-sm-6 col-ms-12 btTextLeft animate animate-fadein btHighlight inherit\"  ><div class=\"rowItemContent\"><div class=\"btClear btSeparator topSmallSpaced noBorder\" ><hr><\/div><div class=\"servicesItem  mediumIcon borderlessIconType \"><div class=\"sIcon\"><div class=\"btIco medium borderless\"><span  data-ico-fa=\"&#xf00c;\" class=\"btIcoHolder\"><\/span><\/div><\/div><div class=\"sTxt\"><header class=\"header btClear extrasmall\" ><div class=\"dash\"><h4><span class=\"headline\">EXPERT<\/span><\/h4><\/div><\/header><p>Unser hoch motiviertes Expertenteam, das offen f\u00fcr Entdeckungen, Entwicklungen und Ver\u00e4nderungen ist, schafft einen Mehrwert f\u00fcr unser Unternehmen.<br><\/p><\/div><\/div><div class=\"btClear btSeparator topSmallSpaced noBorder\" ><hr><\/div><\/div><\/div><div class=\"rowItem col-md-3 col-sm-6 col-ms-12 btTextLeft animate animate-fadein btHighlight inherit\"  ><div class=\"rowItemContent\"><div class=\"btClear btSeparator topSmallSpaced noBorder\" ><hr><\/div><div class=\"servicesItem  mediumIcon borderlessIconType \"><div class=\"sIcon\"><div class=\"btIco medium borderless\"><span  data-ico-fa=\"&#xf00c;\" class=\"btIcoHolder\"><\/span><\/div><\/div><div class=\"sTxt\"><header class=\"header btClear extrasmall\" ><div class=\"dash\"><h4><span class=\"headline\">VORTEILHAFTE<\/span><\/h4><\/div><\/header><p>Wir bieten Ihnen mit unserer Finanzkraft und unserem Einkaufsnetz den g\u00fcnstigsten Service.<br><\/p><\/div><\/div><div class=\"btClear btSeparator topSmallSpaced noBorder\" ><hr><\/div><\/div><\/div><div class=\"rowItem col-md-3 col-sm-6 col-ms-12 btTextLeft animate animate-fadein btHighlight inherit\"  ><div class=\"rowItemContent\"><div class=\"btClear btSeparator topSmallSpaced noBorder\" ><hr><\/div><div class=\"servicesItem  mediumIcon borderlessIconType \"><div class=\"sIcon\"><div class=\"btIco medium borderless\"><span  data-ico-fa=\"&#xf00c;\" class=\"btIcoHolder\"><\/span><\/div><\/div><div class=\"sTxt\"><header class=\"header btClear extrasmall\" ><div class=\"dash\"><h4><span class=\"headline\">BREITES NETZWERK VON AGENTUREN<\/span><\/h4><\/div><\/header><p>Mit unserem umfassenden globalen Netzwerk und unseren strategischen Partnern teilen wir den von uns erbrachten Mehrwert mit allen, die den gleichen Weg wie wir gehen.<br><\/p><\/div><\/div><div class=\"btClear btSeparator topSmallSpaced noBorder\" ><hr><\/div><\/div><\/div><\/div><\/div><\/div><\/div><\/section><section id=\"elements\" data-parallax=\"0\" data-parallax-offset=\"0\" class=\"boldSection topSpaced bottomSpaced btDarkSkin gutter inherit btParallax wBackground cover\" style=\"background-image:url('https:\/\/www.esalco.com\/wp-content\/uploads\/2015\/09\/Blue-background-with-trucks.jpg');\"><div class=\"port\"><div class=\"boldCell\"><div class=\"boldCellInner\"><div class=\"boldRow \" ><div class=\"rowItem col-sm-4 col-ms-12 btTextRight animate animate-fadein inherit btDoublePadding\"  ><div class=\"rowItemContent\"><header class=\"header btClear medium  btAccentDash btRegularTitle\" ><div class=\"dash\"><h3><span class=\"headline\">WIR LIEBEN LOGISTIK<\/span><\/h3><\/div><\/header><div class=\"btText\"><blockquote><p>Als Esalco lieben wir es, das L\u00e4cheln auf den Gesichtern unserer Kunden zu sehen und den Frieden zu sp\u00fcren, der ihre Herzen erf\u00fcllt, wenn wir ihre schwierigsten und komplexesten Logistikanforderungen mit unseren kreativen Ideen und unserer Planungskompetenz l\u00f6sen.<\/p><\/blockquote>\n<\/div><\/div><\/div><div class=\"rowItem col-md-8 col-ms-12  btTextLeft inherit\"  ><div class=\"rowItemContent\"><div class=\"slided autoSliderHeight btSliderHideArrows\"  data-slick='{\"autoplay\":true,\"autoplaySpeed\":2000,\"pauseOnHover\":false,\"pauseOnDotsHover\":true}'><div class=\"slidedItem firstItem\"  data-thumb=\"https:\/\/www.esalco.com\/wp-content\/uploads\/2015\/09\/White-truck-on-top-320x213.jpg\"><div class=\"btSliderPort wBackground cover\" style=\"background-image: url('https:\/\/www.esalco.com\/wp-content\/uploads\/2015\/09\/White-truck-on-top.jpg')\"><div class=\"btSliderCell\" data-slick=\"yes\"><div class=\"btSlideGutter\"><div class=\"btSlidePane\"><div class=\"btClear btSeparator topExtraSpaced noBorder\" ><hr><\/div><\/div><\/div><\/div><\/div><\/div><div class=\"slidedItem firstItem\"  data-thumb=\"https:\/\/www.esalco.com\/wp-content\/uploads\/2015\/09\/One-Blue-Truck-320x240.jpg\"><div class=\"btSliderPort wBackground cover\" style=\"background-image: url('https:\/\/www.esalco.com\/wp-content\/uploads\/2015\/09\/One-Blue-Truck.jpg')\"><div class=\"btSliderCell\" data-slick=\"yes\"><div class=\"btSlideGutter\"><div class=\"btSlidePane\"><div class=\"btClear btSeparator topExtraSpaced noBorder\" ><hr><\/div><\/div><\/div><\/div><\/div><\/div><div class=\"slidedItem firstItem\"  data-thumb=\"https:\/\/www.esalco.com\/wp-content\/uploads\/2015\/10\/shutterstock_14173768-320x207.jpg\"><div class=\"btSliderPort wBackground cover\" style=\"background-image: url('https:\/\/www.esalco.com\/wp-content\/uploads\/2015\/10\/shutterstock_14173768.jpg')\"><div class=\"btSliderCell\" data-slick=\"yes\"><div class=\"btSlideGutter\"><div class=\"btSlidePane\"><div class=\"btClear btSeparator topExtraSpaced noBorder\" ><hr><\/div><\/div><\/div><\/div><\/div><\/div><\/div><\/div><\/div><\/div><\/div><\/div><\/div><\/section><section id=\"bt_section69eb637396d27\"  class=\"boldSection btDivider topSpaced bottomSpaced gutter inherit\" ><div class=\"port\"><div class=\"boldCell\"><div class=\"boldCellInner\"><div class=\"boldRow \" style=\"style=&quot;margin-top:25px;&quot;\"><div class=\"rowItem col-md-12 col-ms-12  btTextLeft animate animate-fadein btHighlight inherit\"  ><div class=\"rowItemContent\"><div class=\"btClear btSeparator topSmallSpaced noBorder\" ><hr><\/div><div class=\"btClear btSeparator topSmallSpaced noBorder\" ><hr><\/div><header class=\"header btClear medium btDash bottomDash  btAccentDash btDarkAccentTitle\" ><div class=\"dash\"><h3><span class=\"headline\">ESALCO MACHT EINEN UNTERSCHIED<\/span><\/h3><\/div><\/header><div class=\"btText\"><p>Esalco schafft Mehrwert f\u00fcr seine Kunden, Gesch\u00e4ftspartner und Mitarbeiter&#8230;<\/p>\n<p>Jeden Tag ber\u00fchren wir mit unseren Logistikdienstleistungen direkt oder indirekt das Leben von Millionen von Menschen. Wir nehmen jedes Bed\u00fcrfnis unserer gesch\u00e4tzten Kunden pers\u00f6nlich. Wir machen uns mit Ihrer Fracht auf den Weg und reisen mit ihr um die Welt. Wir arbeiten daran, das L\u00e4cheln auf Ihrem Gesicht zu sehen.<\/p>\n<ul>\n<li>Wir nutzen unsere Einkaufsmacht in der Branche, um Ihnen besondere Preisvorteile zu verschaffen.<\/li>\n<li>Mit unserer Technologie der k\u00fcnstlichen Intelligenz, die Ihre Anfragen meldet und mit der Sie den Status Ihrer Auftr\u00e4ge leicht abfragen k\u00f6nnen, ist die Zusammenarbeit mit uns sehr einfach und sehr angenehm.<\/li>\n<li>Wir analysieren Ihren Bedarf richtig und erarbeiten wertsch\u00f6pfende und kreative L\u00f6sungen, ohne Sie mit Details zu belasten.<\/li>\n<li>Wir sch\u00e4tzen unser Team und arbeiten gerne zusammen. Wir spiegeln diese Synergie in unserem Gesch\u00e4ft wider.<\/li>\n<li>Wir bereichern unsere Arbeit mit den Schulungen, die wir erhalten, und bieten Ihnen den besten Service, indem wir uns selbst verbessern.<\/li>\n<\/ul>\n<\/div><div class=\"btClear btSeparator topSmallSpaced noBorder\" ><hr><\/div><\/div><\/div><\/div><div class=\"boldRow \" style=\"background-color: #EEE;\"><div class=\"rowItem col-sm-6 col-ms-12 btTextRight animate animate-fadein inherit btNoPadding\"  ><div class=\"rowItemContent\"><div class=\"bpgPhoto btTextCenter\" ><div class=\"btImage\"><img decoding=\"async\" src=\"https:\/\/www.esalco.com\/wp-content\/uploads\/2015\/09\/Three-orange-Scania-trucks-1200x750.jpg\" alt=\"Three-orange-Scania-trucks-1200x750.jpg\"><\/div><\/div><\/div><\/div><div class=\"rowItem col-sm-6 col-ms-12 btTextLeft animate animate-fadein btMiddleVertical btDoublePadding\"  ><div class=\"rowItemContent\"><div class=\"btClear btSeparator bottomSmallSpaced noBorder\"  style=\"border: transparent;\"><hr><\/div><header class=\"header btClear medium  btAccentDash btRegularTitle\" ><p class=\"btSuperTitle\">DURCH PARTNER<\/p><div class=\"dash\"><h3><span class=\"headline\">STRASSENDIENSTE<\/span><\/h3><\/div><\/header><div class=\"btText\"><p>Wir stehen Ihnen, unseren gesch\u00e4tzten Kunden, mit unserem l\u00f6sungsorientierten Ansatz, unserer operativen Erfahrung und unserer uneingeschr\u00e4nkten Unterst\u00fctzung im nationalen und internationalen Stra\u00dfentransport zur Seite.<br \/>\nKonzentrieren Sie sich auf Ihr Gesch\u00e4ft und \u00fcberlassen Sie die gesamte Logistik der Arbeit unserem Expertenteam. Weitere Informationen finden Sie auf unserer Seite Stra\u00dfentransport.<\/p>\n<\/div><div class=\"btClear btSeparator bottomSmallSpaced noBorder\"  style=\"border: transparent;\"><hr><\/div><div class=\"btBtn btBtn btnFilled btnIconLeftPosition btnNormalColor btnSmall btnNormal\" ><a href=\"https:\/\/www.esalco.com\/de\/strassenverkehr\/\">ZUR SEITE<\/a><\/div><div class=\"btClear btSeparator bottomSmallSpaced noBorder\"  style=\"border: transparent;\"><hr><\/div><\/div><\/div><\/div><div class=\"boldRow \" style=\"background-color: #EEE;\"><div class=\"rowItem col-sm-6 col-ms-12 btTextLeft animate animate-fadein btMiddleVertical btDoublePadding\"  ><div class=\"rowItemContent\"><div class=\"btClear btSeparator bottomSmallSpaced noBorder\"  style=\"border: transparent;\"><hr><\/div><header class=\"header btClear medium  btAccentDash btRegularTitle\" ><p class=\"btSuperTitle\">ZU JEDEM HAFEN<\/p><div class=\"dash\"><h3><span class=\"headline\">SEETRANSPORT<\/span><\/h3><\/div><\/header><div class=\"btText\"><p>Wir sind immer bei Ihnen, unseren gesch\u00e4tzten Kunden, mit unseren Verbindungen und Dienstleistungen in allen H\u00e4fen des Seeverkehrs. Konzentrieren Sie sich auf Ihr Gesch\u00e4ft und \u00fcberlassen Sie die gesamte Logistik der Arbeit unserem Expertenteam. Weitere Informationen finden Sie auf unserer Seite Seeverkehr.<\/p>\n<\/div><div class=\"btClear btSeparator bottomSmallSpaced noBorder\"  style=\"border: transparent;\"><hr><\/div><div class=\"btBtn btBtn btnFilled btnIconLeftPosition btnNormalColor btnSmall btnNormal\" ><a href=\"https:\/\/www.esalco.com\/de\/seeverkehr\/\">ZUR SEITE<\/a><\/div><div class=\"btClear btSeparator bottomSmallSpaced noBorder\"  style=\"border: transparent;\"><hr><\/div><\/div><\/div><div class=\"rowItem col-sm-6 col-ms-12 btTextRight animate animate-fadein inherit btNoPadding\"  ><div class=\"rowItemContent\"><div class=\"bpgPhoto btTextCenter\" ><div class=\"btImage\"><img decoding=\"async\" src=\"https:\/\/www.esalco.com\/wp-content\/uploads\/2015\/09\/shutterstock_124765441.jpg\" alt=\"shutterstock_124765441.jpg\"><\/div><\/div><\/div><\/div><\/div><div class=\"boldRow \" style=\"background-color: #EEE;\"><div class=\"rowItem col-sm-6 col-ms-12 btTextRight animate animate-fadein inherit btNoPadding\"  ><div class=\"rowItemContent\"><div class=\"bpgPhoto btTextCenter\" ><div class=\"btImage\"><img decoding=\"async\" src=\"https:\/\/www.esalco.com\/wp-content\/uploads\/2015\/09\/shutterstock_150647810.jpg\" alt=\"shutterstock_150647810.jpg\"><\/div><\/div><\/div><\/div><div class=\"rowItem col-sm-6 col-ms-12 btTextLeft animate animate-fadein btMiddleVertical btDoublePadding\"  ><div class=\"rowItemContent\"><div class=\"btClear btSeparator bottomSmallSpaced noBorder\"  style=\"border: transparent;\"><hr><\/div><header class=\"header btClear medium  btAccentDash btRegularTitle\" ><p class=\"btSuperTitle\">ZU JEDEM ZIELORT<\/p><div class=\"dash\"><h3><span class=\"headline\">UNSERE FLUGVERBINDUNGEN<\/span><\/h3><\/div><\/header><div class=\"btText\"><p>Wir liefern Ihre Fracht sicher an jeden Punkt der Welt. Wir stehen unseren gesch\u00e4tzten Kunden stets mit unserem breiten globalen Netzwerk und unseren Dienstleistungen zur Seite. Konzentrieren Sie sich auf Ihr Gesch\u00e4ft und \u00fcberlassen Sie die gesamte Logistik der Arbeit unserem Expertenteam. Weitere Informationen finden Sie auf unserer Seite \u00fcber den Lufttransport.<\/p>\n<\/div><div class=\"btClear btSeparator bottomSmallSpaced noBorder\"  style=\"border: transparent;\"><hr><\/div><div class=\"btBtn btBtn btnFilled btnIconLeftPosition btnNormalColor btnSmall btnNormal\" ><a href=\"https:\/\/www.esalco.com\/de\/lufttransport\/\">ZUR SEITE<\/a><\/div><div class=\"btClear btSeparator bottomSmallSpaced noBorder\"  style=\"border: transparent;\"><hr><\/div><\/div><\/div><\/div><\/div><\/div><\/div><\/section><\/div>","protected":false},"excerpt":{"rendered":"WARUM ESALCO?KONTAKT\u00dcBER UNSWAS BIETEN WIR IHNEN?Wir lieben es, einen Mehrwert f\u00fcr unsere Kunden, Gesch\u00e4ftspartner und Mitarbeiter zu schaffen, mit denen wir zusammenarbeiten. Um mehr \u00fcber unsere vorteilhaften Dienstleistungen zu erfahren, lesen STRASSENVERKEHRP\u00dcNKTLICHMit unserem erfahrenen Team stehen wir Ihnen zur Verf\u00fcgung, um Ihnen die schnellsten und effektivsten L\u00f6sungen im Stra\u00dfentransport anzubieten. ZUR SEITELUFTVERKEHRJEDER PUNKTDa wir in [...]","protected":false},"author":1,"featured_media":0,"parent":0,"menu_order":0,"comment_status":"closed","ping_status":"closed","template":"","meta":{"footnotes":""},"class_list":["post-6388","page","type-page","status-publish","hentry"],"aioseo_notices":[],"_links":{"self":[{"href":"https:\/\/www.esalco.com\/de\/wp-json\/wp\/v2\/pages\/6388","targetHints":{"allow":["GET"]}}],"collection":[{"href":"https:\/\/www.esalco.com\/de\/wp-json\/wp\/v2\/pages"}],"about":[{"href":"https:\/\/www.esalco.com\/de\/wp-json\/wp\/v2\/types\/page"}],"author":[{"embeddable":true,"href":"https:\/\/www.esalco.com\/de\/wp-json\/wp\/v2\/users\/1"}],"replies":[{"embeddable":true,"href":"https:\/\/www.esalco.com\/de\/wp-json\/wp\/v2\/comments?post=6388"}],"version-history":[{"count":5,"href":"https:\/\/www.esalco.com\/de\/wp-json\/wp\/v2\/pages\/6388\/revisions"}],"predecessor-version":[{"id":7878,"href":"https:\/\/www.esalco.com\/de\/wp-json\/wp\/v2\/pages\/6388\/revisions\/7878"}],"wp:attachment":[{"href":"https:\/\/www.esalco.com\/de\/wp-json\/wp\/v2\/media?parent=6388"}],"curies":[{"name":"wp","href":"https:\/\/api.w.org\/{rel}","templated":true}]}}