{"id":6392,"date":"2019-12-30T09:34:15","date_gmt":"2019-12-30T06:34:15","guid":{"rendered":"https:\/\/www.esalco.com\/degerlerimiz\/"},"modified":"2023-06-19T13:35:30","modified_gmt":"2023-06-19T10:35:30","slug":"unsere-werte","status":"publish","type":"page","link":"https:\/\/www.esalco.com\/de\/unsere-werte\/","title":{"rendered":"UNSERE WERTE"},"content":{"rendered":"<div class=\"bt_rc_container\"><section id=\"bt_section69fbffa7a6a54\" data-parallax=\"0.1\" data-parallax-offset=\"0\" class=\"boldSection topExtraSpaced bottomMoreSpaced btDarkSkin gutter fullScreenHeight inherit btParallax wBackground cover\" style=\"background-image:url('https:\/\/www.esalco.com\/wp-content\/uploads\/2020\/01\/Degerlerimiz-1.png');\"><div class=\"port\"><div class=\"boldCell\"><div class=\"boldCellInner\"><div class=\"boldRow \" ><div class=\"rowItem col-md-12 col-ms-12  btTextLeft animate animate-fadein animate-moveleft inherit\"  ><div class=\"rowItemContent\"><div class=\"btClear btSeparator bottomExtraSpaced noBorder\" ><hr><\/div><header class=\"header btClear extralarge btDash bottomDash  btAccentDash btRegularTitle\" style=\"max-width: 800px;\"><div class=\"dash\"><h1><span class=\"headline\">UNSERE WERTE ALS ESALCO<\/span><\/h1><\/div><\/header><div class=\"btClear btSeparator bottomSemiSpaced noBorder\" ><hr><\/div><div class=\"btBtn btBtn btnFilled btnIconLeftPosition btnAccentColor btnSmall btnNormal\" ><a href=\"https:\/\/www.esalco.com\/de\/kontakt\/\">KONTAKT<\/a><\/div><div class=\"btBtn btBtn btnFilled btnIconLeftPosition btnNormalColor btnSmall btnNormal\" ><a href=\"https:\/\/www.esalco.com\/\">\u00dcBER UNS<\/a><\/div><\/div><\/div><\/div><\/div><\/div><\/div><\/section><section id=\"bt_section69fbffa7a71c8\"  class=\"boldSection btDivider topSpaced bottomSpaced gutter inherit wBackground cover\" style=\"background-image:url('https:\/\/www.esalco.com\/wp-content\/uploads\/2015\/09\/Transparent-background-with-dots.png');\"><div class=\"port\"><div class=\"boldCell\"><div class=\"boldCellInner\"><div class=\"boldRow \" style=\"margin-bottom: 35px;\"><div class=\"rowItem col-md-3 col-sm-6 col-ms-12 btTextRight animate animate-fadein animate-moveright inherit btDoublePadding\"  ><div class=\"rowItemContent\"><header class=\"header btClear medium  btAccentDash btRegularTitle\" ><p class=\"btSuperTitle\">ALS ESALCO<\/p><div class=\"dash\"><h3><span class=\"headline\">UNSERE WERTE<\/span><\/h3><\/div><\/header><div class=\"btClear btSeparator topSemiSpaced noBorder\" ><hr><\/div><\/div><\/div><div class=\"rowItem col-md-3 col-sm-6 col-ms-12 btTextLeft animate animate-fadein btHighlight inherit\"  ><div class=\"rowItemContent\"><div class=\"btClear btSeparator topSmallSpaced noBorder\" ><hr><\/div><div class=\"servicesItem  mediumIcon borderlessIconType \"><div class=\"sIcon\"><div class=\"btIco medium borderless\"><span  data-ico-fa=\"&#xf00c;\" class=\"btIcoHolder\"><\/span><\/div><\/div><div class=\"sTxt\"><header class=\"header btClear extrasmall\" ><div class=\"dash\"><h4><span class=\"headline\">MENSCHENORIENTIERTER ANSATZ<\/span><\/h4><\/div><\/header><p><\/p><\/div><\/div><div class=\"btClear btSeparator topSmallSpaced noBorder\" ><hr><\/div><\/div><\/div><div class=\"rowItem col-md-3 col-sm-6 col-ms-12 btTextLeft animate animate-fadein btHighlight inherit\"  ><div class=\"rowItemContent\"><div class=\"btClear btSeparator topSmallSpaced noBorder\" ><hr><\/div><div class=\"servicesItem  mediumIcon borderlessIconType \"><div class=\"sIcon\"><div class=\"btIco medium borderless\"><span  data-ico-fa=\"&#xf00c;\" class=\"btIcoHolder\"><\/span><\/div><\/div><div class=\"sTxt\"><header class=\"header btClear extrasmall\" ><div class=\"dash\"><h4><span class=\"headline\">VERTRAUEN<\/span><\/h4><\/div><\/header><p><\/p><\/div><\/div><div class=\"btClear btSeparator topSmallSpaced noBorder\" ><hr><\/div><\/div><\/div><div class=\"rowItem col-md-3 col-sm-6 col-ms-12 btTextLeft animate animate-fadein btHighlight inherit\"  ><div class=\"rowItemContent\"><div class=\"btClear btSeparator topSmallSpaced noBorder\" ><hr><\/div><div class=\"servicesItem  mediumIcon borderlessIconType \"><div class=\"sIcon\"><div class=\"btIco medium borderless\"><span  data-ico-fa=\"&#xf00c;\" class=\"btIcoHolder\"><\/span><\/div><\/div><div class=\"sTxt\"><header class=\"header btClear extrasmall\" ><div class=\"dash\"><h4><span class=\"headline\">LANGFRISTIGE BEZIEHUNG<\/span><\/h4><\/div><\/header><p><\/p><\/div><\/div><div class=\"btClear btSeparator topSmallSpaced noBorder\" ><hr><\/div><\/div><\/div><\/div><div class=\"boldRow \" ><div class=\"rowItem col-md-3 col-sm-6 col-ms-12 btTextLeft animate animate-fadein btHighlight inherit\"  ><div class=\"rowItemContent\"><div class=\"btClear btSeparator topSmallSpaced noBorder\" ><hr><\/div><div class=\"servicesItem  mediumIcon borderlessIconType \"><div class=\"sIcon\"><div class=\"btIco medium borderless\"><span  data-ico-fa=\"&#xf00c;\" class=\"btIcoHolder\"><\/span><\/div><\/div><div class=\"sTxt\"><header class=\"header btClear extrasmall\" ><div class=\"dash\"><h4><span class=\"headline\">WIDMUNG<\/span><\/h4><\/div><\/header><p><\/p><\/div><\/div><div class=\"btClear btSeparator topSmallSpaced noBorder\" ><hr><\/div><\/div><\/div><div class=\"rowItem col-md-3 col-sm-6 col-ms-12 btTextLeft animate animate-fadein btHighlight inherit\"  ><div class=\"rowItemContent\"><div class=\"btClear btSeparator topSmallSpaced noBorder\" ><hr><\/div><div class=\"servicesItem  mediumIcon borderlessIconType \"><div class=\"sIcon\"><div class=\"btIco medium borderless\"><span  data-ico-fa=\"&#xf00c;\" class=\"btIcoHolder\"><\/span><\/div><\/div><div class=\"sTxt\"><header class=\"header btClear extrasmall\" ><div class=\"dash\"><h4><span class=\"headline\">QUALIT\u00c4TSDIENSTLEISTUNGSVERST\u00c4NDNIS<\/span><\/h4><\/div><\/header><p><\/p><\/div><\/div><div class=\"btClear btSeparator topSmallSpaced noBorder\" ><hr><\/div><\/div><\/div><div class=\"rowItem col-md-3 col-sm-6 col-ms-12 btTextLeft animate animate-fadein btHighlight inherit\"  ><div class=\"rowItemContent\"><div class=\"btClear btSeparator topSmallSpaced noBorder\" ><hr><\/div><div class=\"servicesItem  mediumIcon borderlessIconType \"><div class=\"sIcon\"><div class=\"btIco medium borderless\"><span  data-ico-fa=\"&#xf00c;\" class=\"btIcoHolder\"><\/span><\/div><\/div><div class=\"sTxt\"><header class=\"header btClear extrasmall\" ><div class=\"dash\"><h4><span class=\"headline\">KREATIVIT\u00c4T<\/span><\/h4><\/div><\/header><p><\/p><\/div><\/div><div class=\"btClear btSeparator topSmallSpaced noBorder\" ><hr><\/div><\/div><\/div><div class=\"rowItem col-md-3 col-sm-6 col-ms-12 btTextLeft animate animate-fadein btHighlight inherit\"  ><div class=\"rowItemContent\"><div class=\"btClear btSeparator topSmallSpaced noBorder\" ><hr><\/div><div class=\"servicesItem  mediumIcon borderlessIconType \"><div class=\"sIcon\"><div class=\"btIco medium borderless\"><span  data-ico-fa=\"&#xf00c;\" class=\"btIcoHolder\"><\/span><\/div><\/div><div class=\"sTxt\"><header class=\"header btClear extrasmall\" ><div class=\"dash\"><h4><span class=\"headline\">ENGAGEMENT F\u00dcR ETHISCHE WERTE<\/span><\/h4><\/div><\/header><p><\/p><\/div><\/div><div class=\"btClear btSeparator topSmallSpaced noBorder\" ><hr><\/div><\/div><\/div><\/div><\/div><\/div><\/div><\/section><section id=\"bt_section69fbffa7a8338\"  class=\"boldSection topSemiSpaced bottomSemiSpaced btDarkSkin gutter inherit wBackground cover\" style=\"background-image:url('https:\/\/www.esalco.com\/wp-content\/uploads\/2015\/09\/Blue-background-with-trucks.jpg');\"><div class=\"port\"><div class=\"boldCell\"><div class=\"boldCellInner\"><div class=\"boldRow \" ><div class=\"rowItem col-sm-6 col-ms-12 btTextLeft\"  ><div class=\"rowItemContent\"><header class=\"header btClear small  btAccentDash btRegularTitle\" style=\"margin-bottom: 0;\"><div class=\"dash\"><h4><span class=\"headline\">KONTAKT US<\/span><\/h4><\/div><\/header><\/div><\/div><div class=\"rowItem col-sm-6 col-ms-12 btTextRight btMiddleVertical\"  ><div class=\"rowItemContent\"><div class=\"btBtn btBtn btnOutline btnIconLeftPosition btnLightColor btnSmall btnNormal btnIco\" ><div class=\"btIco borderless extrasmall\"><a href=\"https:\/\/www.esalco.com\/de\/kontakt\/\"  target=\"_blank\"  data-ico-fa=\"&#xf0e0;\" class=\"btIcoHolder\"><span>KONTAKT<\/span><\/a><\/div><\/div><div class=\"btBtn btBtn btnOutline btnIconLeftPosition btnLightColor btnSmall btnNormal btnIco\" ><div class=\"btIco borderless extrasmall\"><a href=\"https:\/\/www.esalco.com\/\"  target=\"_blank\"  data-ico-cs=\"&#xe62a;\" class=\"btIcoHolder\"><span>UNSERE LEISTUNGEN<\/span><\/a><\/div><\/div><\/div><\/div><\/div><\/div><\/div><\/div><\/section><section id=\"bt_section69fbffa7a88b1\"  class=\"boldSection btDivider topSpaced bottomSpaced gutter inherit\" ><div class=\"port\"><div class=\"boldCell\"><div class=\"boldCellInner\"><div class=\"boldRow \" ><div class=\"rowItem col-md-3 col-sm-6 col-ms-12 btTextRight animate animate-fadein animate-moveright inherit btDoublePadding\"  ><div class=\"rowItemContent\"><header class=\"header btClear medium  btAccentDash btRegularTitle\" ><div class=\"dash\"><h3><span class=\"headline\">WAS BIETEN WIR IHNEN?<\/span><\/h3><\/div><\/header><div class=\"btClear btSeparator topSemiSpaced noBorder\" ><hr><\/div><div class=\"btText\"><blockquote style=\"text-align: left; font-weight: 500 !important;\"><p>Wir lieben es, einen Mehrwert f\u00fcr unsere Kunden, Gesch\u00e4ftspartner und Mitarbeiter zu schaffen, mit denen wir zusammenarbeiten. Um mehr \u00fcber unsere vorteilhaften Dienstleistungen zu erfahren, lesen Sie bitte die Details.<\/p><\/blockquote>\n<\/div><\/div><\/div><div class=\"rowItem col-md-3 col-sm-6 col-ms-12 btTextLeft animate animate-fadein btTextIndent btHighlight inherit\"  ><div class=\"rowItemContent\"><div class=\"bpgPhoto btTextCenter btLightbox\" ><div class=\"btImage\"><img decoding=\"async\" src=\"https:\/\/www.esalco.com\/wp-content\/uploads\/2015\/09\/Three-trucks-on-blue-background-640x480.jpg\" alt=\"Three-trucks-on-blue-background-640x480.jpg\"><\/div><\/div><div class=\"btClear btSeparator topSmallSpaced noBorder\" ><hr><\/div><header class=\"header btClear small  btAlternateDash btRegularTitle\" ><div class=\"dash\"><h4><span class=\"headline\">STRASSENVERKEHR<\/span><\/h4><\/div><p class=\"btSubTitle\">P\u00dcNKTLICH<\/p><\/header><div class=\"btText\"><p>Mit unserem erfahrenen Team stehen wir Ihnen zur Verf\u00fcgung, um Ihnen die schnellsten und effektivsten L\u00f6sungen im Stra\u00dfentransport anzubieten.<\/p>\n<\/div><div class=\"btClear btSeparator topSmallSpaced noBorder\" ><hr><\/div><div class=\"btBtn btBtn btnBorderless btnIconRightPosition btnNormalColor btnSmall btnNormal btnIco\" ><div class=\"btIco borderless extrasmall\"><a href=\"https:\/\/www.esalco.com\/de\/strassenverkehr\/\"  data-ico-fa=\"&#xf101;\" class=\"btIcoHolder\"><span>ZUR SEITE<\/span><\/a><\/div><\/div><div class=\"btClear btSeparator topSmallSpaced noBorder\" ><hr><\/div><\/div><\/div><div class=\"rowItem col-md-3 col-sm-6 col-ms-12 btTextLeft animate animate-fadein btTextIndent btHighlight inherit\"  ><div class=\"rowItemContent\"><div class=\"bpgPhoto btTextCenter\" ><div class=\"btImage\"><img decoding=\"async\" src=\"https:\/\/www.esalco.com\/wp-content\/uploads\/2015\/09\/shutterstock_1356599871-640x480.jpg\" alt=\"shutterstock_1356599871-640x480.jpg\"><\/div><\/div><div class=\"btClear btSeparator topSmallSpaced noBorder\" ><hr><\/div><header class=\"header btClear small  btAccentDash btRegularTitle\" ><div class=\"dash\"><h4><span class=\"headline\">LUFTVERKEHR<\/span><\/h4><\/div><p class=\"btSubTitle\">JEDER PUNKT<\/p><\/header><div class=\"btText\"><p>Da wir in der Branche anerkannt sind, arbeiten wir mit wichtigen Namen im Luftverkehr zusammen und k\u00f6nnen Ihnen den besten Service bieten.<\/p>\n<\/div><div class=\"btClear btSeparator topSmallSpaced noBorder\" ><hr><\/div><div class=\"btBtn btBtn btnBorderless btnIconRightPosition btnNormalColor btnSmall btnNormal btnIco\" ><div class=\"btIco borderless extrasmall\"><a href=\"https:\/\/www.esalco.com\/de\/lufttransport\/\"  data-ico-fa=\"&#xf101;\" class=\"btIcoHolder\"><span>ZUR SEITE<\/span><\/a><\/div><\/div><div class=\"btClear btSeparator topSmallSpaced noBorder\" ><hr><\/div><\/div><\/div><div class=\"rowItem col-md-3 col-sm-6 col-ms-12 btTextLeft animate animate-fadein btTextIndent btHighlight inherit\"  ><div class=\"rowItemContent\"><div class=\"bpgPhoto btTextCenter\" ><div class=\"btImage\"><img decoding=\"async\" src=\"https:\/\/www.esalco.com\/wp-content\/uploads\/2015\/10\/ship_flipped-640x480.jpg\" alt=\"ship_flipped-640x480.jpg\"><\/div><\/div><div class=\"btClear btSeparator topSmallSpaced noBorder\" ><hr><\/div><header class=\"header btClear small  btAccentDash btRegularTitle\" ><div class=\"dash\"><h4><span class=\"headline\">SEEVERKEHRSVERKEHR<\/span><\/h4><\/div><p class=\"btSubTitle\">BREITER DURCHMESSER<\/p><\/header><div class=\"btText\"><p>Dank unseres ausgedehnten und zuverl\u00e4ssigen Netzes von gro\u00dfen H\u00e4fen k\u00f6nnen Sie Ihre Fracht an jeden Ort der Welt transportieren.<\/p>\n<\/div><div class=\"btClear btSeparator topSmallSpaced noBorder\" ><hr><\/div><div class=\"btBtn btBtn btnBorderless btnIconRightPosition btnNormalColor btnSmall btnNormal btnIco\" ><div class=\"btIco borderless extrasmall\"><a href=\"https:\/\/www.esalco.com\/de\/seeverkehr\/\"  data-ico-fa=\"&#xf101;\" class=\"btIcoHolder\"><span>ZUR SEITE<\/span><\/a><\/div><\/div><div class=\"btClear btSeparator topSmallSpaced noBorder\" ><hr><\/div><\/div><\/div><\/div><\/div><\/div><\/div><\/section><section id=\"elements\" data-parallax=\"0\" data-parallax-offset=\"0\" class=\"boldSection topSpaced bottomSpaced btDarkSkin gutter inherit btParallax wBackground cover\" style=\"background-image:url('https:\/\/www.esalco.com\/wp-content\/uploads\/2015\/09\/Blue-background-with-trucks.jpg');\"><div class=\"port\"><div class=\"boldCell\"><div class=\"boldCellInner\"><div class=\"boldRow \" ><div class=\"rowItem col-sm-4 col-ms-12 btTextRight animate animate-fadein inherit btDoublePadding\"  ><div class=\"rowItemContent\"><header class=\"header btClear medium  btAccentDash btRegularTitle\" ><div class=\"dash\"><h3><span class=\"headline\">WIR LIEBEN LOGISTIK<\/span><\/h3><\/div><\/header><div class=\"btText\"><blockquote><p>Als Esalco lieben wir es, das L\u00e4cheln auf den Gesichtern unserer Kunden zu sehen und den Frieden zu sp\u00fcren, der ihre Herzen erf\u00fcllt, wenn wir ihre schwierigsten und komplexesten Logistikanforderungen mit unseren kreativen Ideen und unserer Planungskompetenz l\u00f6sen.<\/p><\/blockquote>\n<\/div><\/div><\/div><div class=\"rowItem col-md-8 col-ms-12  btTextLeft inherit\"  ><div class=\"rowItemContent\"><div class=\"slided autoSliderHeight btSliderHideArrows\"  data-slick='{\"autoplay\":true,\"autoplaySpeed\":2000,\"pauseOnHover\":false,\"pauseOnDotsHover\":true}'><div class=\"slidedItem firstItem\"  data-thumb=\"https:\/\/www.esalco.com\/wp-content\/uploads\/2015\/09\/White-truck-on-top-320x213.jpg\"><div class=\"btSliderPort wBackground cover\" style=\"background-image: url('https:\/\/www.esalco.com\/wp-content\/uploads\/2015\/09\/White-truck-on-top.jpg')\"><div class=\"btSliderCell\" data-slick=\"yes\"><div class=\"btSlideGutter\"><div class=\"btSlidePane\"><div class=\"btClear btSeparator topExtraSpaced noBorder\" ><hr><\/div><\/div><\/div><\/div><\/div><\/div><div class=\"slidedItem firstItem\"  data-thumb=\"https:\/\/www.esalco.com\/wp-content\/uploads\/2015\/09\/One-Blue-Truck-320x240.jpg\"><div class=\"btSliderPort wBackground cover\" style=\"background-image: url('https:\/\/www.esalco.com\/wp-content\/uploads\/2015\/09\/One-Blue-Truck.jpg')\"><div class=\"btSliderCell\" data-slick=\"yes\"><div class=\"btSlideGutter\"><div class=\"btSlidePane\"><div class=\"btClear btSeparator topExtraSpaced noBorder\" ><hr><\/div><\/div><\/div><\/div><\/div><\/div><div class=\"slidedItem firstItem\"  data-thumb=\"https:\/\/www.esalco.com\/wp-content\/uploads\/2015\/10\/shutterstock_14173768-320x207.jpg\"><div class=\"btSliderPort wBackground cover\" style=\"background-image: url('https:\/\/www.esalco.com\/wp-content\/uploads\/2015\/10\/shutterstock_14173768.jpg')\"><div class=\"btSliderCell\" data-slick=\"yes\"><div class=\"btSlideGutter\"><div class=\"btSlidePane\"><div class=\"btClear btSeparator topExtraSpaced noBorder\" ><hr><\/div><\/div><\/div><\/div><\/div><\/div><\/div><\/div><\/div><\/div><\/div><\/div><\/div><\/section><section id=\"bt_section69fbffa7aacc6\"  class=\"boldSection btDivider topSpaced bottomSpaced gutter inherit\" ><div class=\"port\"><div class=\"boldCell\"><div class=\"boldCellInner\"><div class=\"boldRow \" style=\"background-color: #EEE;\"><div class=\"rowItem col-sm-6 col-ms-12 btTextRight animate animate-fadein inherit btNoPadding\"  ><div class=\"rowItemContent\"><div class=\"bpgPhoto btTextCenter\" ><div class=\"btImage\"><img decoding=\"async\" src=\"https:\/\/www.esalco.com\/wp-content\/uploads\/2015\/09\/Three-orange-Scania-trucks-1200x750.jpg\" alt=\"Three-orange-Scania-trucks-1200x750.jpg\"><\/div><\/div><\/div><\/div><div class=\"rowItem col-sm-6 col-ms-12 btTextLeft animate animate-fadein btMiddleVertical btDoublePadding\"  ><div class=\"rowItemContent\"><div class=\"btClear btSeparator bottomSmallSpaced noBorder\"  style=\"border: transparent;\"><hr><\/div><header class=\"header btClear medium  btAccentDash btRegularTitle\" ><p class=\"btSuperTitle\">DURCH PARTNER<\/p><div class=\"dash\"><h3><span class=\"headline\">STRASSENDIENSTE<\/span><\/h3><\/div><\/header><div class=\"btText\"><p>Wir stehen Ihnen, unseren gesch\u00e4tzten Kunden, mit unserem l\u00f6sungsorientierten Ansatz, unserer operativen Erfahrung und unserer uneingeschr\u00e4nkten Unterst\u00fctzung im nationalen und internationalen Stra\u00dfentransport zur Seite.<br \/>\nKonzentrieren Sie sich auf Ihr Gesch\u00e4ft und \u00fcberlassen Sie die gesamte Logistik der Arbeit unserem Expertenteam. Weitere Informationen finden Sie auf unserer Seite Stra\u00dfentransport.<\/p>\n<\/div><div class=\"btClear btSeparator bottomSmallSpaced noBorder\"  style=\"border: transparent;\"><hr><\/div><div class=\"btBtn btBtn btnFilled btnIconLeftPosition btnNormalColor btnSmall btnNormal\" ><a href=\"https:\/\/www.esalco.com\/de\/strassenverkehr\/\">ZUR SEITE<\/a><\/div><div class=\"btClear btSeparator bottomSmallSpaced noBorder\"  style=\"border: transparent;\"><hr><\/div><\/div><\/div><\/div><div class=\"boldRow \" style=\"background-color: #EEE;\"><div class=\"rowItem col-sm-6 col-ms-12 btTextLeft animate animate-fadein btMiddleVertical btDoublePadding\"  ><div class=\"rowItemContent\"><div class=\"btClear btSeparator bottomSmallSpaced noBorder\"  style=\"border: transparent;\"><hr><\/div><header class=\"header btClear medium  btAccentDash btRegularTitle\" ><p class=\"btSuperTitle\">ZU JEDEM HAFEN<\/p><div class=\"dash\"><h3><span class=\"headline\">SEETRANSPORT<\/span><\/h3><\/div><\/header><div class=\"btText\"><p>Wir sind immer bei Ihnen, unseren gesch\u00e4tzten Kunden, mit unseren Verbindungen und Dienstleistungen in allen H\u00e4fen des Seeverkehrs. Konzentrieren Sie sich auf Ihr Gesch\u00e4ft und \u00fcberlassen Sie die gesamte Logistik der Arbeit unserem Expertenteam. Weitere Informationen finden Sie auf unserer Seite Seeverkehr.<\/p>\n<\/div><div class=\"btClear btSeparator bottomSmallSpaced noBorder\"  style=\"border: transparent;\"><hr><\/div><div class=\"btBtn btBtn btnFilled btnIconLeftPosition btnNormalColor btnSmall btnNormal\" ><a href=\"https:\/\/www.esalco.com\/de\/seeverkehr\/\">ZUR SEITE<\/a><\/div><div class=\"btClear btSeparator bottomSmallSpaced noBorder\"  style=\"border: transparent;\"><hr><\/div><\/div><\/div><div class=\"rowItem col-sm-6 col-ms-12 btTextRight animate animate-fadein inherit btNoPadding\"  ><div class=\"rowItemContent\"><div class=\"bpgPhoto btTextCenter\" ><div class=\"btImage\"><img decoding=\"async\" src=\"https:\/\/www.esalco.com\/wp-content\/uploads\/2015\/09\/shutterstock_124765441.jpg\" alt=\"shutterstock_124765441.jpg\"><\/div><\/div><\/div><\/div><\/div><div class=\"boldRow \" style=\"background-color: #EEE;\"><div class=\"rowItem col-sm-6 col-ms-12 btTextRight animate animate-fadein inherit btNoPadding\"  ><div class=\"rowItemContent\"><div class=\"bpgPhoto btTextCenter\" ><div class=\"btImage\"><img decoding=\"async\" src=\"https:\/\/www.esalco.com\/wp-content\/uploads\/2015\/09\/shutterstock_150647810.jpg\" alt=\"shutterstock_150647810.jpg\"><\/div><\/div><\/div><\/div><div class=\"rowItem col-sm-6 col-ms-12 btTextLeft animate animate-fadein btMiddleVertical btDoublePadding\"  ><div class=\"rowItemContent\"><div class=\"btClear btSeparator bottomSmallSpaced noBorder\"  style=\"border: transparent;\"><hr><\/div><header class=\"header btClear medium  btAccentDash btRegularTitle\" ><p class=\"btSuperTitle\">ZU JEDEM ZIELORT<\/p><div class=\"dash\"><h3><span class=\"headline\">UNSERE FLUGVERBINDUNGEN<\/span><\/h3><\/div><\/header><div class=\"btText\"><p>Wir liefern Ihre Fracht sicher an jeden Punkt der Welt. Wir stehen unseren gesch\u00e4tzten Kunden stets mit unserem breiten globalen Netzwerk und unseren Dienstleistungen zur Seite. Konzentrieren Sie sich auf Ihr Gesch\u00e4ft und \u00fcberlassen Sie die gesamte Logistik der Arbeit unserem Expertenteam. Weitere Informationen finden Sie auf unserer Seite \u00fcber den Lufttransport.<\/p>\n<\/div><div class=\"btClear btSeparator bottomSmallSpaced noBorder\"  style=\"border: transparent;\"><hr><\/div><div class=\"btBtn btBtn btnFilled btnIconLeftPosition btnNormalColor btnSmall btnNormal\" ><a href=\"https:\/\/www.esalco.com\/de\/lufttransport\/\">ZUR SEITE<\/a><\/div><div class=\"btClear btSeparator bottomSmallSpaced noBorder\"  style=\"border: transparent;\"><hr><\/div><\/div><\/div><\/div><\/div><\/div><\/div><\/section><\/div>","protected":false},"excerpt":{"rendered":"UNSERE WERTE ALS ESALCOKONTAKT\u00dcBER UNSALS ESALCOUNSERE WERTEMENSCHENORIENTIERTER ANSATZVERTRAUENLANGFRISTIGE BEZIEHUNGWIDMUNGQUALIT\u00c4TSDIENSTLEISTUNGSVERST\u00c4NDNISKREATIVIT\u00c4TENGAGEMENT F\u00dcR ETHISCHE WERTEKONTAKT USKONTAKTUNSERE LEISTUNGENWAS BIETEN WIR IHNEN?Wir lieben es, einen Mehrwert f\u00fcr unsere Kunden, Gesch\u00e4ftspartner und Mitarbeiter zu schaffen, mit denen wir zusammenarbeiten. Um mehr \u00fcber unsere vorteilhaften Dienstleistungen zu erfahren, lesen Sie bitte die Details. STRASSENVERKEHRP\u00dcNKTLICHMit unserem erfahrenen Team stehen wir Ihnen zur Verf\u00fcgung, [...]","protected":false},"author":1,"featured_media":0,"parent":0,"menu_order":0,"comment_status":"closed","ping_status":"closed","template":"","meta":{"footnotes":""},"class_list":["post-6392","page","type-page","status-publish","hentry"],"aioseo_notices":[],"_links":{"self":[{"href":"https:\/\/www.esalco.com\/de\/wp-json\/wp\/v2\/pages\/6392","targetHints":{"allow":["GET"]}}],"collection":[{"href":"https:\/\/www.esalco.com\/de\/wp-json\/wp\/v2\/pages"}],"about":[{"href":"https:\/\/www.esalco.com\/de\/wp-json\/wp\/v2\/types\/page"}],"author":[{"embeddable":true,"href":"https:\/\/www.esalco.com\/de\/wp-json\/wp\/v2\/users\/1"}],"replies":[{"embeddable":true,"href":"https:\/\/www.esalco.com\/de\/wp-json\/wp\/v2\/comments?post=6392"}],"version-history":[{"count":5,"href":"https:\/\/www.esalco.com\/de\/wp-json\/wp\/v2\/pages\/6392\/revisions"}],"predecessor-version":[{"id":7866,"href":"https:\/\/www.esalco.com\/de\/wp-json\/wp\/v2\/pages\/6392\/revisions\/7866"}],"wp:attachment":[{"href":"https:\/\/www.esalco.com\/de\/wp-json\/wp\/v2\/media?parent=6392"}],"curies":[{"name":"wp","href":"https:\/\/api.w.org\/{rel}","templated":true}]}}