{"id":6565,"date":"2019-12-31T15:01:42","date_gmt":"2019-12-31T12:01:42","guid":{"rendered":"https:\/\/www.esalco.com\/kariyer\/"},"modified":"2023-05-28T20:48:37","modified_gmt":"2023-05-28T17:48:37","slug":"werdegang","status":"publish","type":"page","link":"https:\/\/www.esalco.com\/de\/werdegang\/","title":{"rendered":"WERDEGANG"},"content":{"rendered":"<div class=\"bt_rc_container\"><section id=\"bt_section69ff8083b2e92\" data-parallax=\"0.1\" data-parallax-offset=\"-50\" class=\"boldSection topExtraSpaced bottomMoreSpaced btDarkSkin gutter inherit btParallax wBackground cover\" style=\"background-image:url('https:\/\/www.esalco.com\/wp-content\/uploads\/2020\/01\/Uclu-Slider-2.png');\"><div class=\"port\"><div class=\"boldCell\"><div class=\"boldCellInner\"><div class=\"boldRow \" ><div class=\"rowItem col-md-12 col-ms-12  btTextLeft animate animate-fadein animate-moveleft inherit\"  ><div class=\"rowItemContent\"><header class=\"header btClear extralarge btDash bottomDash  btAccentDash btRegularTitle\" style=\"max-width: 800px;\"><p class=\"btSuperTitle\">BEI ESALCO<\/p><div class=\"dash\"><h1><span class=\"headline\">WERDEGANG<\/span><\/h1><\/div><\/header><div class=\"btClear btSeparator bottomSemiSpaced noBorder\" ><hr><\/div><div class=\"btBtn btBtn btnFilled btnIconLeftPosition btnAccentColor btnSmall btnNormal btnIco\" ><div class=\"btIco borderless extrasmall\"><a href=\"https:\/\/www.esalco.com\/de\/kontakt\/\"  data-ico-fa=\"&#xf0e5;\" class=\"btIcoHolder\"><span>KONTAKT<\/span><\/a><\/div><\/div><div class=\"btBtn btBtn btnFilled btnIconLeftPosition btnNormalColor btnSmall btnNormal btnIco\" ><div class=\"btIco borderless extrasmall\"><a href=\"https:\/\/www.esalco.com\/de\/warum-esalco\/\"  data-ico-cs=\"&#xe61d;\" class=\"btIcoHolder\"><span>\u00dcBER UNS<\/span><\/a><\/div><\/div><\/div><\/div><\/div><\/div><\/div><\/div><\/section><section id=\"bt_section69ff8083b357d\"  class=\"boldSection btDivider topSpaced bottomSpaced gutter inherit wBackground cover\" style=\"background-image:url('https:\/\/www.esalco.com\/wp-content\/uploads\/2015\/09\/Transparent-background-with-dots.png');\"><div class=\"port\"><div class=\"boldCell\"><div class=\"boldCellInner\"><div class=\"boldRow \" style=\"margin-bottom: 35px;\"><div class=\"rowItem col-md-12 col-ms-12  btTextLeft animate animate-fadein btHighlight inherit\"  ><div class=\"rowItemContent\"><div class=\"btClear btSeparator topSmallSpaced noBorder\" ><hr><\/div><div class=\"servicesItem  mediumIcon borderlessIconType \"><div class=\"sIcon\"><div class=\"btIco medium borderless\"><span  data-ico-fa=\"&#xf00c;\" class=\"btIcoHolder\"><\/span><\/div><\/div><div class=\"sTxt\"><header class=\"header btClear extrasmall\" ><div class=\"dash\"><h4><span class=\"headline\">Willkommen auf der Karriereseite von Esalco Logistics.<\/span><\/h4><\/div><\/header><p>\r<br>Mit unserem jungen, dynamischen und kompetenten Team wachsen wir von Tag zu Tag. Das Geheimnis unseres Unternehmenserfolgs liegt in der St\u00e4rke unseres Teams.\r<br>\r<br>Wir wissen, dass die Erfahrung, ein Teammitglied zu sein, genauso wichtig ist wie die Erfahrung des Kunden.\r<br>Wir unterst\u00fctzen stets alle Mitglieder unserer Familie, indem wir sie im Rahmen einer langfristigen Karriereentwicklung zu relevanten Schulungen begleiten und ihre maximale Beteiligung an allen Aktivit\u00e4ten sicherstellen.\r<br>\r<br>Auf den Seiten der Personalabteilung lernen Sie die Werte kennen, die uns zu dem machen, was wir sind, und Sie finden Antworten auf Ihre Fragen zu unserem Einstellungsverfahren und unserer Karrierepolitik.\r<br>\r<br><strong>Esalco Logistics Familie und Mitarbeiterzufriedenheit<\/strong>\r<br><ul>\r<br> \t<li>Die Zufriedenheit der Mitarbeiter ist bei Esalco von gro\u00dfer Bedeutung.<\/li>\r<br> \t<li>Bei Esalco ist jeder &quot;der Leiter seines eigenen Unternehmens&quot;. Ergreift bei seiner\/ihrer Arbeit die Initiative, trifft seine\/ihre eigenen Entscheidungen.<\/li>\r<br> \t<li>Die j\u00e4hrlichen Ziele und die Strategie unserer Organisation werden in Sitzungen festgelegt, an denen alle Mitarbeiter teilnehmen.<\/li>\r<br> \t<li>Offene Kommunikation ist bei Esalco sehr wichtig, und die Mitarbeiter k\u00f6nnen sich mit ihren Anliegen direkt an den General Manager wenden.<\/li>\r<br> \t<li>Esalco ist offen f\u00fcr Vorschl\u00e4ge, wir ber\u00fccksichtigen alle Beitr\u00e4ge unserer Teammitglieder.<\/li>\r<br> \t<li>Wir glauben an das Sprichwort: &quot;Taten sprechen lauter als Worte&quot;. Zufriedenheitsumfragen, die von unseren Kunden in bestimmten Zeitr\u00e4umen durchgef\u00fchrt werden, sind wichtig f\u00fcr die Leistungsmessung unserer Teammitglieder.<\/li>\r<br><\/ul>\r<br><strong>Personalbeschaffung und Karrieremanagement<\/strong>\r<br><ul>\r<br> \t<li>Die Grundlage unserer Einstellungspolitik besteht darin, die Arbeitskr\u00e4fte entsprechend unserer Bedarfsanalysen effektiv zu planen und die richtigen Personen in den richtigen Positionen einzusetzen, die am besten zu den Werten und der Kultur des Unternehmens passen.<\/li>\r<br> \t<li>Wir bewerten unsere Kandidaten im Rahmen der f\u00fcr die Stelle erforderlichen grundlegenden und aufgabenspezifischen Kompetenzen. Zu den wesentlichen Merkmalen unserer Unternehmenskultur geh\u00f6ren Eigeninitiative, Offenheit f\u00fcr Ver\u00e4nderungen, Kundenorientierung, gute Kommunikation und Zusammenarbeit.<\/li>\r<br> \t<li>Als Unternehmen, das seine F\u00fchrungskr\u00e4fte aus den eigenen Reihen ausbilden will, unterst\u00fctzen wir unsere Mitarbeiter mit Praktiken wie &quot;interne und externe Schulungen&quot;, &quot;On-the-Job-Training&quot; und &quot;Job Enrichment&quot;, damit sie in ihrer Laufbahn vorankommen k\u00f6nnen.<\/li>\r<br><\/ul>\r\n<br><\/p><\/div><\/div><div class=\"btClear btSeparator topSmallSpaced noBorder\" ><hr><\/div><\/div><\/div><\/div><\/div><\/div><\/div><\/section><section id=\"bt_section69ff8083b3bd1\"  class=\"boldSection topSemiSpaced bottomSemiSpaced btDarkSkin gutter inherit wBackground cover\" style=\"background-image:url('https:\/\/www.esalco.com\/wp-content\/uploads\/2015\/09\/Blue-background-with-trucks.jpg');\"><div class=\"port\"><div class=\"boldCell\"><div class=\"boldCellInner\"><div class=\"boldRow \" ><div class=\"rowItem col-sm-6 col-ms-12 btTextLeft\"  ><div class=\"rowItemContent\"><header class=\"header btClear small  btAccentDash btRegularTitle\" style=\"margin-bottom: 0;\"><p class=\"btSuperTitle\">Treten Sie unserer Familie bei<\/p><div class=\"dash\"><h4><span class=\"headline\">Stellenausschreibungen und Bewerbung<\/span><\/h4><\/div><\/header><\/div><\/div><div class=\"rowItem col-sm-6 col-ms-12 btTextRight btMiddleVertical\"  ><div class=\"rowItemContent\"><div class=\"btBtn btBtn btnOutline btnIconLeftPosition btnLightColor btnSmall btnNormal btnIco\" ><div class=\"btIco borderless extrasmall\"><a href=\"https:\/\/www.esalco.com\/de\/kontakt\/\"  target=\"_blank\"  data-ico-fa=\"&#xf00c;\" class=\"btIcoHolder\"><span>BEWERBUNG<\/span><\/a><\/div><\/div><div class=\"btBtn btBtn btnOutline btnIconLeftPosition btnLightColor btnSmall btnNormal btnIco\" ><div class=\"btIco borderless extrasmall\"><a href=\"https:\/\/www.esalco.com\/de\/kontakt\/\"  target=\"_blank\"  data-ico-fa=\"&#xf0e0;\" class=\"btIcoHolder\"><span>KONTAKT<\/span><\/a><\/div><\/div><\/div><\/div><\/div><\/div><\/div><\/div><\/section><\/div>","protected":false},"excerpt":{"rendered":"BEI ESALCOWERDEGANGKONTAKT\u00dcBER UNSWillkommen auf der Karriereseite von Esalco Logistics. Mit unserem jungen, dynamischen und kompetenten Team wachsen wir von Tag zu Tag. Das Geheimnis unseres Unternehmenserfolgs liegt in der St\u00e4rke unseres Teams. Wir wissen, dass die Erfahrung, ein Teammitglied zu sein, genauso wichtig ist wie die Erfahrung des Kunden. Wir unterst\u00fctzen stets alle Mitglieder unserer [...]","protected":false},"author":1,"featured_media":0,"parent":0,"menu_order":0,"comment_status":"closed","ping_status":"closed","template":"","meta":{"footnotes":""},"class_list":["post-6565","page","type-page","status-publish","hentry"],"aioseo_notices":[],"_links":{"self":[{"href":"https:\/\/www.esalco.com\/de\/wp-json\/wp\/v2\/pages\/6565","targetHints":{"allow":["GET"]}}],"collection":[{"href":"https:\/\/www.esalco.com\/de\/wp-json\/wp\/v2\/pages"}],"about":[{"href":"https:\/\/www.esalco.com\/de\/wp-json\/wp\/v2\/types\/page"}],"author":[{"embeddable":true,"href":"https:\/\/www.esalco.com\/de\/wp-json\/wp\/v2\/users\/1"}],"replies":[{"embeddable":true,"href":"https:\/\/www.esalco.com\/de\/wp-json\/wp\/v2\/comments?post=6565"}],"version-history":[{"count":4,"href":"https:\/\/www.esalco.com\/de\/wp-json\/wp\/v2\/pages\/6565\/revisions"}],"predecessor-version":[{"id":7838,"href":"https:\/\/www.esalco.com\/de\/wp-json\/wp\/v2\/pages\/6565\/revisions\/7838"}],"wp:attachment":[{"href":"https:\/\/www.esalco.com\/de\/wp-json\/wp\/v2\/media?parent=6565"}],"curies":[{"name":"wp","href":"https:\/\/api.w.org\/{rel}","templated":true}]}}