{"id":3075,"date":"2019-12-30T09:29:36","date_gmt":"2019-12-30T06:29:36","guid":{"rendered":"https:\/\/www.esalco.com\/neden-esalco\/"},"modified":"2023-06-19T13:40:18","modified_gmt":"2023-06-19T10:40:18","slug":"pourquoi-esalco","status":"publish","type":"page","link":"https:\/\/www.esalco.com\/fr\/pourquoi-esalco\/","title":{"rendered":"POURQUOI ESALCO?"},"content":{"rendered":"<div class=\"bt_rc_container\"><section id=\"bt_section69eb63606f5bb\" data-parallax=\"0.1\" data-parallax-offset=\"0\" class=\"boldSection topExtraSpaced bottomExtraSpaced btDarkSkin gutter fullScreenHeight inherit btParallax wBackground cover\" style=\"background-image:url('https:\/\/www.esalco.com\/wp-content\/uploads\/2020\/01\/NedenEsalco-1.png');\"><div class=\"port\"><div class=\"boldCell\"><div class=\"boldCellInner\"><div class=\"boldRow \" ><div class=\"rowItem col-md-12 col-ms-12  btTextLeft animate animate-fadein animate-moveleft inherit\"  ><div class=\"rowItemContent\"><div class=\"btClear btSeparator bottomExtraSpaced noBorder\" ><hr><\/div><header class=\"header btClear extralarge btDash bottomDash  btAccentDash btRegularTitle\" style=\"max-width: 800px;\"><div class=\"dash\"><h1><span class=\"headline\">POURQUOI ESALCO?<\/span><\/h1><\/div><\/header><div class=\"btClear btSeparator bottomSemiSpaced noBorder\" ><hr><\/div><div class=\"btBtn btBtn btnFilled btnIconLeftPosition btnAccentColor btnSmall btnNormal\" ><a href=\"https:\/\/www.esalco.com\/fr\/contact\/\">Nous contacter<\/a><\/div><div class=\"btBtn btBtn btnFilled btnIconLeftPosition btnNormalColor btnSmall btnNormal\" ><a href=\"https:\/\/www.esalco.com\/fr\/bienvenue\/\">A propos d\u2019Esalco<\/a><\/div><\/div><\/div><\/div><\/div><\/div><\/div><\/section><section id=\"bt_section69eb63606f9c5\"  class=\"boldSection btDivider topSpaced bottomSpaced gutter inherit\" ><div class=\"port\"><div class=\"boldCell\"><div class=\"boldCellInner\"><div class=\"boldRow \" ><div class=\"rowItem col-md-3 col-sm-6 col-ms-12 btTextRight animate animate-fadein animate-moveright inherit btDoublePadding\"  ><div class=\"rowItemContent\"><header class=\"header btClear medium  btAccentDash btRegularTitle\" ><div class=\"dash\"><h3><span class=\"headline\">NOS SERVICES<\/span><\/h3><\/div><p class=\"btSubTitle\">QUE PROPOSONS NOUS ?<\/p><\/header><div class=\"btClear btSeparator topSemiSpaced noBorder\" ><hr><\/div><div class=\"btText\"><blockquote style=\"text-align: left; font-weight: 500 !important;\"><p>\u2018Consultez notre page pour voir les avantages que repr\u00e9sente choisir Esalco\u2019<\/p><\/blockquote>\n<\/div><\/div><\/div><div class=\"rowItem col-md-3 col-sm-6 col-ms-12 btTextLeft animate animate-fadein btTextIndent btHighlight inherit\"  ><div class=\"rowItemContent\"><div class=\"bpgPhoto btTextCenter btLightbox\" ><div class=\"btImage\"><img decoding=\"async\" src=\"https:\/\/www.esalco.com\/wp-content\/uploads\/2015\/09\/Three-trucks-on-blue-background-640x480.jpg\" alt=\"Three-trucks-on-blue-background-640x480.jpg\"><\/div><\/div><div class=\"btClear btSeparator topSmallSpaced noBorder\" ><hr><\/div><header class=\"header btClear small  btAlternateDash btRegularTitle\" ><div class=\"dash\"><h4><span class=\"headline\">TRANSPORT ROUTIER<\/span><\/h4><\/div><p class=\"btSubTitle\">PONCTUEL<\/p><\/header><div class=\"btText\"><p>Notre \u00e9quipe comp\u00e9tente est \u00e0 votre service pour vous proposer les solutions les plus rapides et efficaces en transport routier.<\/p>\n<\/div><div class=\"btClear btSeparator topSmallSpaced noBorder\" ><hr><\/div><div class=\"btBtn btBtn btnBorderless btnIconRightPosition btnNormalColor btnSmall btnNormal btnIco\" ><div class=\"btIco borderless extrasmall\"><a href=\"https:\/\/www.esalco.com\/fr\/transport-routier\/\"  data-ico-fa=\"&#xf101;\" class=\"btIcoHolder\"><span>ALLER SUR LA PAGE<\/span><\/a><\/div><\/div><div class=\"btClear btSeparator topSmallSpaced noBorder\" ><hr><\/div><\/div><\/div><div class=\"rowItem col-md-3 col-sm-6 col-ms-12 btTextLeft animate animate-fadein btTextIndent btHighlight inherit\"  ><div class=\"rowItemContent\"><div class=\"bpgPhoto btTextCenter\" ><div class=\"btImage\"><img decoding=\"async\" src=\"https:\/\/www.esalco.com\/wp-content\/uploads\/2015\/09\/shutterstock_1356599871-640x480.jpg\" alt=\"shutterstock_1356599871-640x480.jpg\"><\/div><\/div><div class=\"btClear btSeparator topSmallSpaced noBorder\" ><hr><\/div><header class=\"header btClear small  btAccentDash btRegularTitle\" ><div class=\"dash\"><h4><span class=\"headline\">TRANSPORT AERIEN<\/span><\/h4><\/div><p class=\"btSubTitle\">A L\u2019ECHELLE GLOBALE<\/p><\/header><div class=\"btText\"><p>Notre r\u00e9putation nous ouvre des portes qui nous permettent de collaborer avec les leaders du transport a\u00e9rien et nous sommes ravis de partager ce r\u00e9seau pour vos besoins sp\u00e9cifiques.<\/p>\n<\/div><div class=\"btClear btSeparator topSmallSpaced noBorder\" ><hr><\/div><div class=\"btBtn btBtn btnBorderless btnIconRightPosition btnNormalColor btnSmall btnNormal btnIco\" ><div class=\"btIco borderless extrasmall\"><a href=\"https:\/\/www.esalco.com\/fr\/transport-aerien\/\"  data-ico-fa=\"&#xf101;\" class=\"btIcoHolder\"><span>ALLER SUR LA PAGE<\/span><\/a><\/div><\/div><div class=\"btClear btSeparator topSmallSpaced noBorder\" ><hr><\/div><\/div><\/div><div class=\"rowItem col-md-3 col-sm-6 col-ms-12 btTextLeft animate animate-fadein btTextIndent btHighlight inherit\"  ><div class=\"rowItemContent\"><div class=\"bpgPhoto btTextCenter\" ><div class=\"btImage\"><img decoding=\"async\" src=\"https:\/\/www.esalco.com\/wp-content\/uploads\/2015\/10\/ship_flipped-640x480.jpg\" alt=\"ship_flipped-640x480.jpg\"><\/div><\/div><div class=\"btClear btSeparator topSmallSpaced noBorder\" ><hr><\/div><header class=\"header btClear small  btAccentDash btRegularTitle\" ><div class=\"dash\"><h4><span class=\"headline\">TRANSPORT MARITIME<\/span><\/h4><\/div><p class=\"btSubTitle\">REPANDUE DANS LE MONDE<\/p><\/header><div class=\"btText\"><p>Gr\u00e2ce \u00e0 nos r\u00e9seaux complets et fiables qui s&rsquo;\u00e9tendent \u00e0 des ports importants du monde, vous pourrez transporter toute charge que vous voulez \u00e0 toute destination.<\/p>\n<\/div><div class=\"btClear btSeparator topSmallSpaced noBorder\" ><hr><\/div><div class=\"btBtn btBtn btnBorderless btnIconRightPosition btnNormalColor btnSmall btnNormal btnIco\" ><div class=\"btIco borderless extrasmall\"><a href=\"https:\/\/www.esalco.com\/fr\/transport-maritime\/\"  data-ico-fa=\"&#xf101;\" class=\"btIcoHolder\"><span>ALLER SUR LA PAGE<\/span><\/a><\/div><\/div><div class=\"btClear btSeparator topSmallSpaced noBorder\" ><hr><\/div><\/div><\/div><\/div><\/div><\/div><\/div><\/section><section id=\"bt_section69eb636071d47\"  class=\"boldSection topSemiSpaced bottomSemiSpaced btDarkSkin gutter inherit wBackground cover\" style=\"background-image:url('https:\/\/www.esalco.com\/wp-content\/uploads\/2015\/09\/Blue-background-with-trucks.jpg');\"><div class=\"port\"><div class=\"boldCell\"><div class=\"boldCellInner\"><div class=\"boldRow \" ><div class=\"rowItem col-sm-6 col-ms-12 btTextLeft\"  ><div class=\"rowItemContent\"><header class=\"header btClear small  btAccentDash btRegularTitle\" style=\"margin-bottom: 0;\"><div class=\"dash\"><h4><span class=\"headline\">NOUS CONTACTER<\/span><\/h4><\/div><\/header><\/div><\/div><div class=\"rowItem col-sm-6 col-ms-12 btTextRight btMiddleVertical\"  ><div class=\"rowItemContent\"><div class=\"btBtn btBtn btnOutline btnIconLeftPosition btnLightColor btnSmall btnNormal btnIco\" ><div class=\"btIco borderless extrasmall\"><a href=\"https:\/\/www.esalco.com\/fr\/contact\/\"  target=\"_blank\"  data-ico-fa=\"&#xf0e0;\" class=\"btIcoHolder\"><span>CONTACT<\/span><\/a><\/div><\/div><div class=\"btBtn btBtn btnOutline btnIconLeftPosition btnLightColor btnSmall btnNormal btnIco\" ><div class=\"btIco borderless extrasmall\"><a href=\"https:\/\/www.esalco.com\/fr\/nos-services\/\"  target=\"_blank\"  data-ico-cs=\"&#xe62a;\" class=\"btIcoHolder\"><span>NOS SERVICES<\/span><\/a><\/div><\/div><\/div><\/div><\/div><\/div><\/div><\/div><\/section><section id=\"bt_section69eb6360724a7\"  class=\"boldSection btDivider topSpaced bottomSpaced gutter inherit wBackground cover\" style=\"background-image:url('https:\/\/www.esalco.com\/wp-content\/uploads\/2015\/09\/Transparent-background-with-dots.png');\"><div class=\"port\"><div class=\"boldCell\"><div class=\"boldCellInner\"><div class=\"boldRow \" style=\"margin-bottom: 35px;\"><div class=\"rowItem col-md-3 col-sm-6 col-ms-12 btTextRight animate animate-fadein animate-moveright inherit btDoublePadding\"  ><div class=\"rowItemContent\"><header class=\"header btClear medium  btAccentDash btRegularTitle\" ><div class=\"dash\"><h3><span class=\"headline\">LES VALEURS ESALCO<\/span><\/h3><\/div><\/header><div class=\"btClear btSeparator topSemiSpaced noBorder\" ><hr><\/div><\/div><\/div><div class=\"rowItem col-md-3 col-sm-6 col-ms-12 btTextLeft animate animate-fadein btHighlight inherit\"  ><div class=\"rowItemContent\"><div class=\"btClear btSeparator topSmallSpaced noBorder\" ><hr><\/div><div class=\"servicesItem  mediumIcon borderlessIconType \"><div class=\"sIcon\"><div class=\"btIco medium borderless\"><span  data-ico-fa=\"&#xf00c;\" class=\"btIcoHolder\"><\/span><\/div><\/div><div class=\"sTxt\"><header class=\"header btClear extrasmall\" ><div class=\"dash\"><h4><span class=\"headline\">ATTENTION<\/span><\/h4><\/div><\/header><p>Garantie de retour rapide pour toutes vos questions <br><\/p><\/div><\/div><div class=\"btClear btSeparator topSmallSpaced noBorder\" ><hr><\/div><\/div><\/div><div class=\"rowItem col-md-3 col-sm-6 col-ms-12 btTextLeft animate animate-fadein btHighlight inherit\"  ><div class=\"rowItemContent\"><div class=\"btClear btSeparator topSmallSpaced noBorder\" ><hr><\/div><div class=\"servicesItem  mediumIcon borderlessIconType \"><div class=\"sIcon\"><div class=\"btIco medium borderless\"><span  data-ico-fa=\"&#xf00c;\" class=\"btIcoHolder\"><\/span><\/div><\/div><div class=\"sTxt\"><header class=\"header btClear extrasmall\" ><div class=\"dash\"><h4><span class=\"headline\">CONFIANCE<\/span><\/h4><\/div><\/header><p>La confiance r\u00e9ciproque est essentielle pour nous. <br><\/p><\/div><\/div><div class=\"btClear btSeparator topSmallSpaced noBorder\" ><hr><\/div><\/div><\/div><div class=\"rowItem col-md-3 col-sm-6 col-ms-12 btTextLeft animate animate-fadein btHighlight inherit\"  ><div class=\"rowItemContent\"><div class=\"btClear btSeparator topSmallSpaced noBorder\" ><hr><\/div><div class=\"servicesItem  mediumIcon borderlessIconType \"><div class=\"sIcon\"><div class=\"btIco medium borderless\"><span  data-ico-fa=\"&#xf00c;\" class=\"btIcoHolder\"><\/span><\/div><\/div><div class=\"sTxt\"><header class=\"header btClear extrasmall\" ><div class=\"dash\"><h4><span class=\"headline\">ACCESSIBILITE<\/span><\/h4><\/div><\/header><p>Nous sommes \u00e0 votre disposition 24 heures sur 24, 7 jours par semaine. <br><\/p><\/div><\/div><div class=\"btClear btSeparator topSmallSpaced noBorder\" ><hr><\/div><\/div><\/div><\/div><div class=\"boldRow \" ><div class=\"rowItem col-md-3 col-sm-6 col-ms-12 btTextLeft animate animate-fadein btHighlight inherit\"  ><div class=\"rowItemContent\"><div class=\"btClear btSeparator topSmallSpaced noBorder\" ><hr><\/div><div class=\"servicesItem  mediumIcon borderlessIconType \"><div class=\"sIcon\"><div class=\"btIco medium borderless\"><span  data-ico-fa=\"&#xf00c;\" class=\"btIcoHolder\"><\/span><\/div><\/div><div class=\"sTxt\"><header class=\"header btClear extrasmall\" ><div class=\"dash\"><h4><span class=\"headline\">ORIENTATION VERS LA SOLUTION<\/span><\/h4><\/div><\/header><p>Nous sommes d\u00e9di\u00e9s \u00e0 r\u00e9soudre vos probl\u00e8mes ; o\u00f9 il y a un probl\u00e8me, Esalco offre une solution. <br><\/p><\/div><\/div><div class=\"btClear btSeparator topSmallSpaced noBorder\" ><hr><\/div><\/div><\/div><div class=\"rowItem col-md-3 col-sm-6 col-ms-12 btTextLeft animate animate-fadein btHighlight inherit\"  ><div class=\"rowItemContent\"><div class=\"btClear btSeparator topSmallSpaced noBorder\" ><hr><\/div><div class=\"servicesItem  mediumIcon borderlessIconType \"><div class=\"sIcon\"><div class=\"btIco medium borderless\"><span  data-ico-fa=\"&#xf00c;\" class=\"btIcoHolder\"><\/span><\/div><\/div><div class=\"sTxt\"><header class=\"header btClear extrasmall\" ><div class=\"dash\"><h4><span class=\"headline\">COMPETENCE<\/span><\/h4><\/div><\/header><p>Nous sommes \u00e0 votre disposition avec notre \u00e9quipe qualifi\u00e9e et sp\u00e9cialis\u00e9e.<br><\/p><\/div><\/div><div class=\"btClear btSeparator topSmallSpaced noBorder\" ><hr><\/div><\/div><\/div><div class=\"rowItem col-md-3 col-sm-6 col-ms-12 btTextLeft animate animate-fadein btHighlight inherit\"  ><div class=\"rowItemContent\"><div class=\"btClear btSeparator topSmallSpaced noBorder\" ><hr><\/div><div class=\"servicesItem  mediumIcon borderlessIconType \"><div class=\"sIcon\"><div class=\"btIco medium borderless\"><span  data-ico-fa=\"&#xf00c;\" class=\"btIcoHolder\"><\/span><\/div><\/div><div class=\"sTxt\"><header class=\"header btClear extrasmall\" ><div class=\"dash\"><h4><span class=\"headline\">RENTABILITE<\/span><\/h4><\/div><\/header><p>Nous vous proposons des prix comp\u00e9tents gr\u00e2ce \u00e0 notre r\u00e9seau diversifi\u00e9. <br><\/p><\/div><\/div><div class=\"btClear btSeparator topSmallSpaced noBorder\" ><hr><\/div><\/div><\/div><div class=\"rowItem col-md-3 col-sm-6 col-ms-12 btTextLeft animate animate-fadein btHighlight inherit\"  ><div class=\"rowItemContent\"><div class=\"btClear btSeparator topSmallSpaced noBorder\" ><hr><\/div><div class=\"servicesItem  mediumIcon borderlessIconType \"><div class=\"sIcon\"><div class=\"btIco medium borderless\"><span  data-ico-fa=\"&#xf00c;\" class=\"btIcoHolder\"><\/span><\/div><\/div><div class=\"sTxt\"><header class=\"header btClear extrasmall\" ><div class=\"dash\"><h4><span class=\"headline\">GLOBALITE<\/span><\/h4><\/div><\/header><p>Notre r\u00e9seau global nous permet de vous fournir des op\u00e9rations pertinents. <br><\/p><\/div><\/div><div class=\"btClear btSeparator topSmallSpaced noBorder\" ><hr><\/div><\/div><\/div><\/div><\/div><\/div><\/div><\/section><section id=\"elements\" data-parallax=\"0\" data-parallax-offset=\"0\" class=\"boldSection topSpaced bottomSpaced btDarkSkin gutter inherit btParallax wBackground cover\" style=\"background-image:url('https:\/\/www.esalco.com\/wp-content\/uploads\/2015\/09\/Blue-background-with-trucks.jpg');\"><div class=\"port\"><div class=\"boldCell\"><div class=\"boldCellInner\"><div class=\"boldRow \" ><div class=\"rowItem col-sm-4 col-ms-12 btTextRight animate animate-fadein inherit btDoublePadding\"  ><div class=\"rowItemContent\"><header class=\"header btClear medium  btAccentDash btRegularTitle\" ><div class=\"dash\"><h3><span class=\"headline\">PIONNIERS DE TRANSPORT<\/span><\/h3><\/div><\/header><div class=\"btText\"><blockquote><p>Une des raisons pour lesquelles nous sommes l&rsquo;un des leaders du monde de la logistique est l\u2019importance que nous attachons \u00e0 nos relations et \u00e0 la satisfaction de nos clients.<\/p>\n<p>Devenez un de nos innombrables clients satisfaits en choisissant Esalco pour le transport de toutes sortes de marchandises dans toutes les r\u00e9gions du monde.<\/p><\/blockquote>\n<\/div><\/div><\/div><div class=\"rowItem col-md-8 col-ms-12  btTextLeft inherit\"  ><div class=\"rowItemContent\"><div class=\"slided autoSliderHeight btSliderHideArrows\"  data-slick='{\"autoplay\":true,\"autoplaySpeed\":2000,\"pauseOnHover\":false,\"pauseOnDotsHover\":true}'><div class=\"slidedItem firstItem\"  data-thumb=\"https:\/\/www.esalco.com\/wp-content\/uploads\/2015\/09\/White-truck-on-top-320x213.jpg\"><div class=\"btSliderPort wBackground cover\" style=\"background-image: url('https:\/\/www.esalco.com\/wp-content\/uploads\/2015\/09\/White-truck-on-top.jpg')\"><div class=\"btSliderCell\" data-slick=\"yes\"><div class=\"btSlideGutter\"><div class=\"btSlidePane\"><div class=\"btClear btSeparator topExtraSpaced noBorder\" ><hr><\/div><\/div><\/div><\/div><\/div><\/div><div class=\"slidedItem firstItem\"  data-thumb=\"https:\/\/www.esalco.com\/wp-content\/uploads\/2015\/09\/One-Blue-Truck-320x240.jpg\"><div class=\"btSliderPort wBackground cover\" style=\"background-image: url('https:\/\/www.esalco.com\/wp-content\/uploads\/2015\/09\/One-Blue-Truck.jpg')\"><div class=\"btSliderCell\" data-slick=\"yes\"><div class=\"btSlideGutter\"><div class=\"btSlidePane\"><div class=\"btClear btSeparator topExtraSpaced noBorder\" ><hr><\/div><\/div><\/div><\/div><\/div><\/div><div class=\"slidedItem firstItem\"  data-thumb=\"https:\/\/www.esalco.com\/wp-content\/uploads\/2015\/10\/shutterstock_14173768-320x207.jpg\"><div class=\"btSliderPort wBackground cover\" style=\"background-image: url('https:\/\/www.esalco.com\/wp-content\/uploads\/2015\/10\/shutterstock_14173768.jpg')\"><div class=\"btSliderCell\" data-slick=\"yes\"><div class=\"btSlideGutter\"><div class=\"btSlidePane\"><div class=\"btClear btSeparator topExtraSpaced noBorder\" ><hr><\/div><\/div><\/div><\/div><\/div><\/div><\/div><\/div><\/div><\/div><\/div><\/div><\/div><\/section><section id=\"bt_section69eb636074bf1\"  class=\"boldSection btDivider topSpaced bottomSpaced gutter inherit\" ><div class=\"port\"><div class=\"boldCell\"><div class=\"boldCellInner\"><div class=\"boldRow \" style=\"style=&quot;margin-top:25px;&quot;\"><div class=\"rowItem col-md-12 col-ms-12  btTextLeft animate animate-fadein btHighlight inherit\"  ><div class=\"rowItemContent\"><div class=\"btClear btSeparator topSmallSpaced noBorder\" ><hr><\/div><div class=\"btClear btSeparator topSmallSpaced noBorder\" ><hr><\/div><header class=\"header btClear medium btDash bottomDash  btAccentDash btDarkAccentTitle\" ><div class=\"dash\"><h3><span class=\"headline\">ESALCO FAIT LA DIFF\u00c9RENCE<\/span><\/h3><\/div><\/header><div class=\"btText\"><p><em>Esalco ajoute de la valeur \u00e0 ses clients, \u00e0 ses partenaires commerciaux et \u00e0 ses employ\u00e9s.<\/em><\/p>\n<p>Nos services logistiques nous permettent de contr\u0131buer dans \u00a0la vie de millions de personnes, tous les jours, directement ou indirectement. Nous prenons \u00e0\u00a0 c\u0153ur tous les besoins de nos clients, partons avec votre charge et parcourons le monde pour voir le sourire sur votre visage.<\/p>\n<ul>\n<li>Nous utilisons notre pouvoir d&rsquo;achat dans l&rsquo;industrie pour vous offrir une rentabilit\u00e9 sup\u00e9rieure<\/li>\n<li>Notre dispositif d&rsquo;intelligence artificielle signale vos demandes et vous permet de facilement interroger le statut de vos commandes.<\/li>\n<li>Nous produisons des solutions cr\u00e9atives \u00e0 valeur ajout\u00e9e en analysant vos besoins de mani\u00e8re pertinente pour \u00e9viter de vous encombrer dans les d\u00e9tails.<\/li>\n<li>Nous appr\u00e9cions notre \u00e9quipe et aimons travailler ensemble. Nous refl\u00e9tons cette synergie dans notre travail.<\/li>\n<li>Nous enrichissons notre travail avec les formations que nous recevons, nous nous am\u00e9liorons et vous offrons un service qui s\u2019am\u00e9liore sans cesse.<\/li>\n<\/ul>\n<\/div><div class=\"btClear btSeparator topSmallSpaced noBorder\" ><hr><\/div><\/div><\/div><\/div><div class=\"boldRow \" style=\"background-color: #EEE;\"><div class=\"rowItem col-sm-6 col-ms-12 btTextRight animate animate-fadein inherit btNoPadding\"  ><div class=\"rowItemContent\"><div class=\"bpgPhoto btTextCenter\" ><div class=\"btImage\"><img decoding=\"async\" src=\"https:\/\/www.esalco.com\/wp-content\/uploads\/2015\/09\/Three-orange-Scania-trucks-1200x750.jpg\" alt=\"Three-orange-Scania-trucks-1200x750.jpg\"><\/div><\/div><\/div><\/div><div class=\"rowItem col-sm-6 col-ms-12 btTextLeft animate animate-fadein btMiddleVertical btDoublePadding\"  ><div class=\"rowItemContent\"><div class=\"btClear btSeparator bottomSmallSpaced noBorder\"  style=\"border: transparent;\"><hr><\/div><header class=\"header btClear medium  btAccentDash btRegularTitle\" ><div class=\"dash\"><h3><span class=\"headline\">TRANSPORT ROUTIER<\/span><\/h3><\/div><\/header><div class=\"btText\"><p>Nous vous proposons les solutions les plus efficaces dans le transport routier, vous pouvez parcourir nos solutions rapides avec notre large r\u00e9seau de distribution sur notre page Transport routier.<\/p>\n<\/div><div class=\"btClear btSeparator bottomSmallSpaced noBorder\"  style=\"border: transparent;\"><hr><\/div><div class=\"btBtn btBtn btnFilled btnIconLeftPosition btnNormalColor btnSmall btnNormal\" ><a href=\"https:\/\/www.esalco.com\/fr\/transport-routier\/\">ALLER SUR LA PAGE<\/a><\/div><div class=\"btClear btSeparator bottomSmallSpaced noBorder\"  style=\"border: transparent;\"><hr><\/div><\/div><\/div><\/div><div class=\"boldRow \" style=\"background-color: #EEE;\"><div class=\"rowItem col-sm-6 col-ms-12 btTextLeft animate animate-fadein btMiddleVertical btDoublePadding\"  ><div class=\"rowItemContent\"><div class=\"btClear btSeparator bottomSmallSpaced noBorder\"  style=\"border: transparent;\"><hr><\/div><header class=\"header btClear medium  btAccentDash btRegularTitle\" ><div class=\"dash\"><h3><span class=\"headline\">TRANSPORT MARITIME<\/span><\/h3><\/div><\/header><div class=\"btText\"><p>Nous proposons des services complets dans le transport maritime, avec nos connexions globales et nos services atteignant chaque port. Vous pouvez parcourir notre page Transport Maritime.<\/p>\n<\/div><div class=\"btClear btSeparator bottomSmallSpaced noBorder\"  style=\"border: transparent;\"><hr><\/div><div class=\"btBtn btBtn btnFilled btnIconLeftPosition btnNormalColor btnSmall btnNormal\" ><a href=\"https:\/\/www.esalco.com\/fr\/transport-maritime\/\">ALLER SUR LA PAGE<\/a><\/div><div class=\"btClear btSeparator bottomSmallSpaced noBorder\"  style=\"border: transparent;\"><hr><\/div><\/div><\/div><div class=\"rowItem col-sm-6 col-ms-12 btTextRight animate animate-fadein inherit btNoPadding\"  ><div class=\"rowItemContent\"><div class=\"bpgPhoto btTextCenter\" ><div class=\"btImage\"><img decoding=\"async\" src=\"https:\/\/www.esalco.com\/wp-content\/uploads\/2015\/09\/shutterstock_124765441.jpg\" alt=\"shutterstock_124765441.jpg\"><\/div><\/div><\/div><\/div><\/div><div class=\"boldRow \" style=\"background-color: #EEE;\"><div class=\"rowItem col-sm-6 col-ms-12 btTextRight animate animate-fadein inherit btNoPadding\"  ><div class=\"rowItemContent\"><div class=\"bpgPhoto btTextCenter\" ><div class=\"btImage\"><img decoding=\"async\" src=\"https:\/\/www.esalco.com\/wp-content\/uploads\/2015\/09\/shutterstock_150647810.jpg\" alt=\"shutterstock_150647810.jpg\"><\/div><\/div><\/div><\/div><div class=\"rowItem col-sm-6 col-ms-12 btTextLeft animate animate-fadein btMiddleVertical btDoublePadding\"  ><div class=\"rowItemContent\"><div class=\"btClear btSeparator bottomSmallSpaced noBorder\"  style=\"border: transparent;\"><hr><\/div><header class=\"header btClear medium  btAccentDash btRegularTitle\" ><div class=\"dash\"><h3><span class=\"headline\">TRANSPORT AERIEN<\/span><\/h3><\/div><\/header><div class=\"btText\"><p>Pour atteindre chaque point du monde le plus rapidement possible, nous mettons nos partenaires \u00e0 votre disposition. Nous livrons vos marchandises de toute provenance \u00e0 toute destination, le plus rapidement possible. Vous pouvez parcourir notre page Transport A\u00e9rien pour plus d&rsquo;informations.<\/p>\n<\/div><div class=\"btClear btSeparator bottomSmallSpaced noBorder\"  style=\"border: transparent;\"><hr><\/div><div class=\"btBtn btBtn btnFilled btnIconLeftPosition btnNormalColor btnSmall btnNormal\" ><a href=\"https:\/\/www.esalco.com\/fr\/transport-aerien\/\">ALLER SUR LA PAGE<\/a><\/div><div class=\"btClear btSeparator bottomSmallSpaced noBorder\"  style=\"border: transparent;\"><hr><\/div><\/div><\/div><\/div><\/div><\/div><\/div><\/section><\/div>","protected":false},"excerpt":{"rendered":"POURQUOI ESALCO?Nous contacterA propos d\u2019EsalcoNOS SERVICESQUE PROPOSONS NOUS ?\u2018Consultez notre page pour voir les avantages que repr\u00e9sente choisir Esalco\u2019 TRANSPORT ROUTIERPONCTUELNotre \u00e9quipe comp\u00e9tente est \u00e0 votre service pour vous proposer les solutions les plus rapides et efficaces en transport routier. ALLER SUR LA PAGETRANSPORT AERIENA L\u2019ECHELLE GLOBALENotre r\u00e9putation nous ouvre des portes qui nous permettent [...]","protected":false},"author":1,"featured_media":0,"parent":0,"menu_order":0,"comment_status":"closed","ping_status":"closed","template":"","meta":{"footnotes":""},"class_list":["post-3075","page","type-page","status-publish","hentry"],"aioseo_notices":[],"_links":{"self":[{"href":"https:\/\/www.esalco.com\/fr\/wp-json\/wp\/v2\/pages\/3075","targetHints":{"allow":["GET"]}}],"collection":[{"href":"https:\/\/www.esalco.com\/fr\/wp-json\/wp\/v2\/pages"}],"about":[{"href":"https:\/\/www.esalco.com\/fr\/wp-json\/wp\/v2\/types\/page"}],"author":[{"embeddable":true,"href":"https:\/\/www.esalco.com\/fr\/wp-json\/wp\/v2\/users\/1"}],"replies":[{"embeddable":true,"href":"https:\/\/www.esalco.com\/fr\/wp-json\/wp\/v2\/comments?post=3075"}],"version-history":[{"count":3,"href":"https:\/\/www.esalco.com\/fr\/wp-json\/wp\/v2\/pages\/3075\/revisions"}],"predecessor-version":[{"id":7872,"href":"https:\/\/www.esalco.com\/fr\/wp-json\/wp\/v2\/pages\/3075\/revisions\/7872"}],"wp:attachment":[{"href":"https:\/\/www.esalco.com\/fr\/wp-json\/wp\/v2\/media?parent=3075"}],"curies":[{"name":"wp","href":"https:\/\/api.w.org\/{rel}","templated":true}]}}