{"id":3085,"date":"2019-12-30T10:05:55","date_gmt":"2019-12-30T07:05:55","guid":{"rendered":"https:\/\/www.esalco.com\/is-ortaklarimiz\/"},"modified":"2024-03-21T17:06:37","modified_gmt":"2024-03-21T14:06:37","slug":"nos-partenaires-commerciaux","status":"publish","type":"page","link":"https:\/\/www.esalco.com\/fr\/nos-partenaires-commerciaux\/","title":{"rendered":"NOS PARTENAIRES COMMERCIAUX"},"content":{"rendered":"<div class=\"bt_rc_container\"><section id=\"bt_section69f301e572adc\" data-parallax=\"0.1\" data-parallax-offset=\"0\" class=\"boldSection topExtraSpaced bottomMoreSpaced btDarkSkin gutter fullScreenHeight inherit btParallax wBackground cover\" style=\"background-image:url('https:\/\/www.esalco.com\/wp-content\/uploads\/2020\/01\/\u0130sOrtaklarimiz.png');\"><div class=\"port\"><div class=\"boldCell\"><div class=\"boldCellInner\"><div class=\"boldRow \" ><div class=\"rowItem col-md-12 col-ms-12  btTextLeft animate animate-fadein animate-moveleft inherit\"  ><div class=\"rowItemContent\"><div class=\"btClear btSeparator bottomExtraSpaced noBorder\" ><hr><\/div><header class=\"header btClear extralarge btDash bottomDash  btAccentDash btRegularTitle\" style=\"max-width: 800px;\"><div class=\"dash\"><h1><span class=\"headline\">NOS PARTENAIRES COMMERCIAUX<\/span><\/h1><\/div><\/header><div class=\"btClear btSeparator bottomSemiSpaced noBorder\" ><hr><\/div><div class=\"btBtn btBtn btnFilled btnIconLeftPosition btnAccentColor btnSmall btnNormal\" ><a href=\"https:\/\/www.esalco.com\/fr\/contact\/\">Nous contacter<\/a><\/div><div class=\"btBtn btBtn btnFilled btnIconLeftPosition btnNormalColor btnSmall btnNormal\" ><a href=\"https:\/\/www.esalco.com\/fr\/bienvenue\/\">A propos d\u2019Esalco<\/a><\/div><\/div><\/div><\/div><\/div><\/div><\/div><\/section><section id=\"bt_section69f301e5730fa\"  class=\"boldSection gutter inherit resimo\" ><div class=\"port\"><div class=\"boldCell\"><div class=\"boldCellInner\"><div class=\"boldRow \" ><div class=\"rowItem col-md-12 col-ms-12  btTextLeft\"  ><div class=\"rowItemContent\"><div class=\"btText\"><h5 style=\"text-align: center;\">Geni\u015f k\u00fcresel a\u011f\u0131m\u0131z, stratejik ortaklar\u0131m\u0131z ve sat\u0131n alma g\u00fcc\u00fcm\u00fcz ile birlikte, bizimle ayn\u0131 yolda y\u00fcr\u00fcyen t\u00fcm m\u00fc\u015fterilerimize \u00fcretti\u011fimiz katma de\u011ferli hizmetleri sunmay\u0131 \u00e7ok seviyoruz.<\/h5>\n<\/div><\/div><\/div><\/div><div class=\"boldRow \" ><div class=\"rowItem col-sm-4 col-ms-12 btTextLeft\"  ><div class=\"rowItemContent\"><div class=\"bpgPhoto btTextCenter resimo\" ><div class=\"btImage\"><img decoding=\"async\" src=\"https:\/\/www.esalco.com\/wp-content\/uploads\/2020\/01\/ortaklar-bor.jpg\" alt=\"ortaklar-bor.jpg\"><\/div><\/div><\/div><\/div><div class=\"rowItem col-sm-4 col-ms-12 btTextLeft\"  ><div class=\"rowItemContent\"><div class=\"bpgPhoto btTextCenter resimo\" ><div class=\"btImage\"><img decoding=\"async\" src=\"https:\/\/www.esalco.com\/wp-content\/uploads\/2024\/03\/kerry-logistics.jpeg\" alt=\"kerry logistics\"><\/div><\/div><\/div><\/div><div class=\"rowItem col-sm-4 col-ms-12 btTextLeft\"  ><div class=\"rowItemContent\"><div class=\"bpgPhoto btTextCenter resimo\" ><div class=\"btImage\"><img decoding=\"async\" src=\"https:\/\/www.esalco.com\/wp-content\/uploads\/2020\/01\/ortaklar-1.jpg\" alt=\"ortaklar-1.jpg\"><\/div><\/div><\/div><\/div><\/div><div class=\"boldRow \" ><\/div><\/div><\/div><\/div><\/section><section id=\"bt_section69f301e57443c\"  class=\"boldSection gutter inherit resimo\" ><div class=\"port\"><div class=\"boldCell\"><div class=\"boldCellInner\"><div class=\"boldRow \" ><div class=\"rowItem col-md-12 col-ms-12  btTextLeft\"  ><div class=\"rowItemContent\"><header class=\"header btClear large btDash bottomDash  btAccentDash btRegularTitle\" ><div class=\"dash\"><h2><span class=\"headline\">ASSOCIATIONS DONT NOUS SOMMES MEMBRE<\/span><\/h2><\/div><\/header><\/div><\/div><\/div><div class=\"boldRow \" ><div class=\"rowItem col-sm-4 col-ms-12 btTextLeft\"  ><div class=\"rowItemContent\"><div class=\"bpgPhoto btTextCenter resimo\" ><div class=\"btImage\"><img decoding=\"async\" src=\"https:\/\/www.esalco.com\/wp-content\/uploads\/2020\/01\/dernek1.jpg\" alt=\"dernek1.jpg\"><\/div><\/div><\/div><\/div><div class=\"rowItem col-sm-4 col-ms-12 btTextLeft\"  ><div class=\"rowItemContent\"><div class=\"bpgPhoto btTextCenter resimo\" ><div class=\"btImage\"><img decoding=\"async\" src=\"https:\/\/www.esalco.com\/wp-content\/uploads\/2020\/01\/dernek2.jpg\" alt=\"dernek2.jpg\"><\/div><\/div><\/div><\/div><div class=\"rowItem col-sm-4 col-ms-12 btTextLeft\"  ><div class=\"rowItemContent\"><div class=\"bpgPhoto btTextCenter resimo\" ><div class=\"btImage\"><img decoding=\"async\" src=\"https:\/\/www.esalco.com\/wp-content\/uploads\/2020\/01\/dernek3.jpg\" alt=\"dernek3.jpg\"><\/div><\/div><\/div><\/div><\/div><div class=\"boldRow \" ><div class=\"rowItem col-sm-4 col-ms-12 btTextLeft\"  ><div class=\"rowItemContent\"><div class=\"bpgPhoto btTextCenter resimo\" ><div class=\"btImage\"><img decoding=\"async\" src=\"https:\/\/www.esalco.com\/wp-content\/uploads\/2020\/01\/dernek4.jpg\" alt=\"dernek4.jpg\"><\/div><\/div><\/div><\/div><div class=\"rowItem col-sm-4 col-ms-12 btTextLeft\"  ><div class=\"rowItemContent\"><div class=\"bpgPhoto btTextCenter resimo\" ><div class=\"btImage\"><img decoding=\"async\" src=\"https:\/\/www.esalco.com\/wp-content\/uploads\/2020\/07\/wca-inter-global-vector-logo.png\" alt=\"wca Inter Global\"><\/div><\/div><\/div><\/div><div class=\"rowItem col-sm-4 col-ms-12 btTextLeft\"  ><div class=\"rowItemContent\"><div class=\"bpgPhoto btTextCenter resimo\"  style=\"padding-top:105px;\"><div class=\"btImage\"><img decoding=\"async\" src=\"https:\/\/www.esalco.com\/wp-content\/uploads\/2020\/07\/jctrans.jpg\" alt=\"jctrans.net logo\"><\/div><\/div><\/div><\/div><\/div><div class=\"boldRow \" ><div class=\"rowItem col-sm-4 col-ms-12 btTextLeft\"  ><div class=\"rowItemContent\"><\/div><\/div><div class=\"rowItem col-sm-4 col-ms-12 btTextLeft\"  ><div class=\"rowItemContent\"><div class=\"bpgPhoto btTextCenter resimo\" ><div class=\"btImage\"><img decoding=\"async\" src=\"https:\/\/www.esalco.com\/wp-content\/uploads\/2020\/01\/tim.jpg\" alt=\"tim.jpg\"><\/div><\/div><\/div><\/div><div class=\"rowItem col-sm-4 col-ms-12 btTextLeft\"  ><div class=\"rowItemContent\"><\/div><\/div><\/div><\/div><\/div><\/div><\/section><\/div>","protected":false},"excerpt":{"rendered":"NOS PARTENAIRES COMMERCIAUXNous contacterA propos d\u2019EsalcoGeni\u015f k\u00fcresel a\u011f\u0131m\u0131z, stratejik ortaklar\u0131m\u0131z ve sat\u0131n alma g\u00fcc\u00fcm\u00fcz ile birlikte, bizimle ayn\u0131 yolda y\u00fcr\u00fcyen t\u00fcm m\u00fc\u015fterilerimize \u00fcretti\u011fimiz katma de\u011ferli hizmetleri sunmay\u0131 \u00e7ok seviyoruz. ASSOCIATIONS DONT NOUS SOMMES MEMBRE","protected":false},"author":1,"featured_media":0,"parent":0,"menu_order":0,"comment_status":"closed","ping_status":"closed","template":"","meta":{"footnotes":""},"class_list":["post-3085","page","type-page","status-publish","hentry"],"aioseo_notices":[],"_links":{"self":[{"href":"https:\/\/www.esalco.com\/fr\/wp-json\/wp\/v2\/pages\/3085","targetHints":{"allow":["GET"]}}],"collection":[{"href":"https:\/\/www.esalco.com\/fr\/wp-json\/wp\/v2\/pages"}],"about":[{"href":"https:\/\/www.esalco.com\/fr\/wp-json\/wp\/v2\/types\/page"}],"author":[{"embeddable":true,"href":"https:\/\/www.esalco.com\/fr\/wp-json\/wp\/v2\/users\/1"}],"replies":[{"embeddable":true,"href":"https:\/\/www.esalco.com\/fr\/wp-json\/wp\/v2\/comments?post=3085"}],"version-history":[{"count":2,"href":"https:\/\/www.esalco.com\/fr\/wp-json\/wp\/v2\/pages\/3085\/revisions"}],"predecessor-version":[{"id":9046,"href":"https:\/\/www.esalco.com\/fr\/wp-json\/wp\/v2\/pages\/3085\/revisions\/9046"}],"wp:attachment":[{"href":"https:\/\/www.esalco.com\/fr\/wp-json\/wp\/v2\/media?parent=3085"}],"curies":[{"name":"wp","href":"https:\/\/api.w.org\/{rel}","templated":true}]}}