{"id":3104,"date":"2019-12-30T10:09:29","date_gmt":"2019-12-30T07:09:29","guid":{"rendered":"https:\/\/www.esalco.com\/proje-ve-agir-yuk-tasimaciligi\/"},"modified":"2025-04-17T16:26:34","modified_gmt":"2025-04-17T13:26:34","slug":"transport-exceptionnel","status":"publish","type":"page","link":"https:\/\/www.esalco.com\/fr\/transport-exceptionnel\/","title":{"rendered":"TRANSPORT EXCEPTIONNEL DE CHARGES LOURDES POUR PROJETS"},"content":{"rendered":"<div class=\"bt_rc_container\"><section id=\"slider\"  class=\"boldSection btDarkSkin btTopVertical hide_on_mobiles\" ><div class=\"port\"><div class=\"boldCell\"><div class=\"boldCellInner\"><div class=\"boldRow \" ><div class=\"rowItem col-md-12 col-ms-12  btTextLeft inherit\"  ><div class=\"rowItemContent\"><div class=\"slided autoSliderHeight\" ><div class=\"slidedItem firstItem\"  data-thumb=\"https:\/\/www.esalco.com\/wp-content\/uploads\/2020\/05\/ProjeveYukTasimaciligi-1-320x138.png\"><div class=\"btSliderPort wBackground cover\" style=\"background-image: url('https:\/\/www.esalco.com\/wp-content\/uploads\/2020\/05\/ProjeveYukTasimaciligi-1.png')\"><div class=\"btSliderCell\" data-slick=\"yes\"><div class=\"btSlideGutter\"><div class=\"btSlidePane\"><div class=\"btClear btSeparator topExtraSpaced noBorder\" ><hr><\/div><div class=\"btClear btSeparator topSemiSpaced noBorder\" ><hr><\/div><div class=\"btClear btSeparator topExtraSpaced noBorder\" ><hr><\/div><div class=\"btQuoteBooking  btQuoteBookingWithoutColor c69f3021a286f6\" style=\"top:60px !important;\" data-admin_email=\"info@bold-themes.com\" data-cf7_id=\"5\" data-email_client=\"yes\" data-email_gdpr=\"\" data-email_gdpr_text=\"\" data-email_gdpr_not_text=\"\" data-currency=\"\" data-currency_after=\"\" data-currency_space=\"yes\" data-url_confirmation=\"\" data-url_ajax=\"https:\/\/www.esalco.com\/wp-admin\/admin-ajax.php\" data-subject=\"Air Cargo calculator\" data-email_header=\"\" data-email_footer=\"\" data-date_text=\"Preferred Service Date\" data-time_text=\"Preferred Service Time\" data-message_please_wait=\"Please wait...\" data-message_success=\"Thank you, we will contact you soon!\" data-message_error=\"Error! Please try again later.\" data-message_mandatory=\"Please fill out all required fields.\" data-rec_secret_key=\"\" data-total_text=\"Total\" data-total_format=\"currency_1\" data-total_decimals=\"2\" data-date_format=\"mm\/dd\/yy\" data-bt_cc_nonce=\"f7e2e30ea5\" data-hide_total=\"\"><div class=\"btQuoteBookingWrap\"><div class=\"btQuoteBookingForm btActive\"><header class=\"header btClear small  btAccentDash btRegularTitle\" ><p class=\"btSuperTitle\">TRANSPORT EXCEPTIONNEL DE CHARGES LOURDES POUR PROJETS<\/p><div class=\"dash\"><h4><span class=\"headline\">REMPLISSEZ LE FORMULAIRE<\/span><\/h4><\/div><p class=\"btSubTitle\">NOUS VOUS CONTACTERONS<\/p><\/header><div class=\"btClear btSeparator topSmallSpaced noBorder\" ><hr><\/div><div class=\"btText\"><p class=\"form\" style=\"text-align: center;\">\n<div class=\"wpcf7 no-js\" id=\"wpcf7-f3063-o1\" lang=\"tr-TR\" dir=\"ltr\" data-wpcf7-id=\"3063\">\n<div class=\"screen-reader-response\">\n<p role=\"status\" aria-live=\"polite\" aria-atomic=\"true\">\n<ul><\/ul>\n<\/div>\n<form action=\"\/fr\/wp-json\/wp\/v2\/pages\/3104#wpcf7-f3063-o1\" method=\"post\" class=\"wpcf7-form init\" aria-label=\"\u0130leti\u015fim Formu\" novalidate=\"novalidate\" data-status=\"init\">\n<div style=\"display: none;\">\n<input type=\"hidden\" name=\"_wpcf7\" value=\"3063\" \/><br \/>\n<input type=\"hidden\" name=\"_wpcf7_version\" value=\"6.0.6\" \/><br \/>\n<input type=\"hidden\" name=\"_wpcf7_locale\" value=\"tr_TR\" \/><br \/>\n<input type=\"hidden\" name=\"_wpcf7_unit_tag\" value=\"wpcf7-f3063-o1\" \/><br \/>\n<input type=\"hidden\" name=\"_wpcf7_container_post\" value=\"0\" \/><br \/>\n<input type=\"hidden\" name=\"_wpcf7_posted_data_hash\" value=\"\" \/><br \/>\n<input type=\"hidden\" name=\"_wpcf7_recaptcha_response\" value=\"\" \/>\n<\/div>\n<div class=\"row\" style=\"display: flex;\">\n<div class=\"column\" style=\"flex: 50%;\">\n<p>Nom de l\u2019entreprise\n\t\t<\/p>\n<p><span class=\"wpcf7-form-control-wrap\" data-name=\"firmaadi\"><input size=\"40\" maxlength=\"400\" class=\"wpcf7-form-control wpcf7-text wpcf7-validates-as-required\" aria-required=\"true\" aria-invalid=\"false\" value=\"\" type=\"text\" name=\"firmaadi\" \/><\/span>\n\t\t<\/p>\n<p>Nom et pr\u00e9nom\n\t\t<\/p>\n<p><span class=\"wpcf7-form-control-wrap\" data-name=\"isim\"><input size=\"40\" maxlength=\"400\" class=\"wpcf7-form-control wpcf7-text wpcf7-validates-as-required\" aria-required=\"true\" aria-invalid=\"false\" value=\"\" type=\"text\" name=\"isim\" \/><\/span>\n\t\t<\/p>\n<p>E-mail\n\t\t<\/p>\n<p><span class=\"wpcf7-form-control-wrap\" data-name=\"email\"><input size=\"40\" maxlength=\"400\" class=\"wpcf7-form-control wpcf7-email wpcf7-validates-as-required wpcf7-text wpcf7-validates-as-email\" aria-required=\"true\" aria-invalid=\"false\" value=\"\" type=\"email\" name=\"email\" \/><\/span>\n\t\t<\/p>\n<\/p><\/div>\n<div class=\"column\" style=\"flex: 50%; margin-left: 10px; margin-bottom: 10px;\">\n<p>Choisir le service\n\t\t<\/p>\n<p><span class=\"wpcf7-form-control-wrap\" data-name=\"hizmet\"><select class=\"wpcf7-form-control wpcf7-select wpcf7-validates-as-required\" aria-required=\"true\" aria-invalid=\"false\" name=\"hizmet\"><option value=\"\">&#8212;L\u00fctfen bir se\u00e7enek se\u00e7in&#8212;<\/option><option value=\"TRANSPORT MARITIME\">TRANSPORT MARITIME<\/option><option value=\"TRANSPORT ROUTIER\">TRANSPORT ROUTIER<\/option><option value=\"TRANSPORT AERIEN\">TRANSPORT AERIEN<\/option><option value=\"TRANSPORT EXCEPTIONNEL\">TRANSPORT EXCEPTIONNEL<\/option><option value=\"SOLUTIONS INTEGREES\">SOLUTIONS INTEGREES<\/option><\/select><\/span>\n\t\t<\/p>\n<p>Num\u00e9ro de t\u00e9l\u00e9phone\n\t\t<\/p>\n<p><span class=\"wpcf7-form-control-wrap\" data-name=\"telefon\"><input size=\"40\" maxlength=\"400\" class=\"wpcf7-form-control wpcf7-text\" aria-invalid=\"false\" value=\"\" type=\"text\" name=\"telefon\" \/><\/span>\n\t\t<\/p>\n<p>Secteur d\u2019activit\u00e9\n\t\t<\/p>\n<p><span class=\"wpcf7-form-control-wrap\" data-name=\"sektor\"><input size=\"40\" maxlength=\"400\" class=\"wpcf7-form-control wpcf7-text wpcf7-validates-as-required\" aria-required=\"true\" aria-invalid=\"false\" value=\"\" type=\"text\" name=\"sektor\" \/><\/span>\n\t\t<\/p>\n<\/p><\/div>\n<\/div>\n<div>\n<input class=\"wpcf7-form-control wpcf7-hidden\" value=\"\" type=\"hidden\" name=\"date\" \/><\/p>\n<p><span class=\"wpcf7-form-control-wrap\" data-name=\"kvkk\"><span class=\"wpcf7-form-control wpcf7-acceptance\"><span class=\"wpcf7-list-item\"><label><input type=\"checkbox\" name=\"kvkk\" value=\"1\" aria-invalid=\"false\" \/><span class=\"wpcf7-list-item-label\"><a href=\"https:\/\/www.esalco.com\/wp-content\/uploads\/2022\/05\/Esalco-aydinlatma-metni.pdf\">J\u2019approuve l\u2019enregistrement de mes donn\u00e9es personnelles dans le cadre des lois sur la protection des donn\u00e9es personnelles.<\/a><\/span><\/label><\/span><\/span><\/span>\n\t<\/p>\n<\/div>\n<div>\n<input class=\"wpcf7-form-control wpcf7-hidden\" value=\"\" type=\"hidden\" name=\"text\" \/><\/p>\n<p><input class=\"wpcf7-form-control wpcf7-submit has-spinner\" type=\"submit\" value=\"ENVOYER\" \/>\n\t<\/p>\n<\/div>\n<p><input type='hidden' class='wpcf7-pum' value='{\"closepopup\":false,\"closedelay\":0,\"openpopup\":false,\"openpopup_id\":0}' \/><\/p>\n<div class=\"wpcf7-response-output\" aria-hidden=\"true\"><\/div>\n<\/form>\n<\/div>\n<\/div><div class=\"btTotalNextWrapper\"><div class=\"btQuoteTotal\"><span class=\"btQuoteTotalText\">Total<\/span><span class=\"btQuoteTotalCurrency\">&nbsp;<\/span><span class=\"btQuoteTotalCalc\"><\/span><\/div><\/div><\/div><\/div><\/div><div class=\"btClear btSeparator topExtraSpaced noBorder\" ><hr><\/div><div class=\"btClear btSeparator topExtraSpaced noBorder\" ><hr><\/div><\/div><\/div><\/div><\/div><\/div><\/div><\/div><\/div><\/div><\/div><\/div><\/div><\/section><section id=\"slider\"  class=\"boldSection btDarkSkin inherit hide_on_desktop\" ><div class=\"port\"><div class=\"boldCell\"><div class=\"boldCellInner\"><div class=\"boldRow \" ><div class=\"rowItem col-md-12 col-ms-12  btTextLeft inherit\"  ><div class=\"rowItemContent\"><div class=\"slided autoSliderHeight\"  data-slick='{\"autoplay\":true,\"autoplaySpeed\":4000,\"pauseOnHover\":false,\"pauseOnDotsHover\":true}'><div class=\"slidedItem firstItem\"  data-thumb=\"https:\/\/www.esalco.com\/wp-content\/uploads\/2020\/05\/A\u011f\u0131r-Proje-Frans\u0131zca-Mobil-320x806.png\"><div class=\"btSliderPort wBackground cover\" style=\"background-image: url('https:\/\/www.esalco.com\/wp-content\/uploads\/2020\/05\/A\u011f\u0131r-Proje-Frans\u0131zca-Mobil.png')\"><div class=\"btSliderCell\" data-slick=\"yes\"><div class=\"btSlideGutter\"><div class=\"btSlidePane\"><div class=\"btClear btSeparator topExtraSpaced noBorder\" ><hr><\/div><div class=\"btClear btSeparator topExtraSpaced noBorder\" ><hr><\/div><div class=\"btClear btSeparator topExtraSpaced noBorder\" ><hr><\/div><div class=\"btClear btSeparator topExtraSpaced noBorder\" ><hr><\/div><div class=\"btClear btSeparator topExtraSpaced noBorder\" ><hr><\/div><div class=\"btQuoteBooking  btQuoteBookingWithoutColor c69f3021a316f0\" style=\"top:570px !important;\" data-admin_email=\"info@bold-themes.com\" data-cf7_id=\"5\" data-email_client=\"yes\" data-email_gdpr=\"\" data-email_gdpr_text=\"\" data-email_gdpr_not_text=\"\" data-currency=\"\" data-currency_after=\"\" data-currency_space=\"yes\" data-url_confirmation=\"\" data-url_ajax=\"https:\/\/www.esalco.com\/wp-admin\/admin-ajax.php\" data-subject=\"Air Cargo calculator\" data-email_header=\"\" data-email_footer=\"\" data-date_text=\"Preferred Service Date\" data-time_text=\"Preferred Service Time\" data-message_please_wait=\"Please wait...\" data-message_success=\"Thank you, we will contact you soon!\" data-message_error=\"Error! Please try again later.\" data-message_mandatory=\"Please fill out all required fields.\" data-rec_secret_key=\"\" data-total_text=\"Total\" data-total_format=\"currency_1\" data-total_decimals=\"2\" data-date_format=\"mm\/dd\/yy\" data-bt_cc_nonce=\"f7e2e30ea5\" data-hide_total=\"\"><div class=\"btQuoteBookingWrap\"><div class=\"btQuoteBookingForm btActive\"><header class=\"header btClear small  btAccentDash btRegularTitle\" ><p class=\"btSuperTitle\">TRANSPORT EXCEPTIONNEL DE CHARGES LOURDES POUR PROJETS<\/p><div class=\"dash\"><h4><span class=\"headline\">REMPLISSEZ LE FORMULAIRE<\/span><\/h4><\/div><p class=\"btSubTitle\">NOUS VOUS CONTACTERONS<\/p><\/header><div class=\"btClear btSeparator topSmallSpaced noBorder\" ><hr><\/div><div class=\"btText\"><p class=\"form\" style=\"text-align: center;\">\n<div class=\"wpcf7 no-js\" id=\"wpcf7-f3063-o2\" lang=\"tr-TR\" dir=\"ltr\" data-wpcf7-id=\"3063\">\n<div class=\"screen-reader-response\">\n<p role=\"status\" aria-live=\"polite\" aria-atomic=\"true\">\n<ul><\/ul>\n<\/div>\n<form action=\"\/fr\/wp-json\/wp\/v2\/pages\/3104#wpcf7-f3063-o2\" method=\"post\" class=\"wpcf7-form init\" aria-label=\"\u0130leti\u015fim Formu\" novalidate=\"novalidate\" data-status=\"init\">\n<div style=\"display: none;\">\n<input type=\"hidden\" name=\"_wpcf7\" value=\"3063\" \/><br \/>\n<input type=\"hidden\" name=\"_wpcf7_version\" value=\"6.0.6\" \/><br \/>\n<input type=\"hidden\" name=\"_wpcf7_locale\" value=\"tr_TR\" \/><br \/>\n<input type=\"hidden\" name=\"_wpcf7_unit_tag\" value=\"wpcf7-f3063-o2\" \/><br \/>\n<input type=\"hidden\" name=\"_wpcf7_container_post\" value=\"0\" \/><br \/>\n<input type=\"hidden\" name=\"_wpcf7_posted_data_hash\" value=\"\" \/><br \/>\n<input type=\"hidden\" name=\"_wpcf7_recaptcha_response\" value=\"\" \/>\n<\/div>\n<div class=\"row\" style=\"display: flex;\">\n<div class=\"column\" style=\"flex: 50%;\">\n<p>Nom de l\u2019entreprise\n\t\t<\/p>\n<p><span class=\"wpcf7-form-control-wrap\" data-name=\"firmaadi\"><input size=\"40\" maxlength=\"400\" class=\"wpcf7-form-control wpcf7-text wpcf7-validates-as-required\" aria-required=\"true\" aria-invalid=\"false\" value=\"\" type=\"text\" name=\"firmaadi\" \/><\/span>\n\t\t<\/p>\n<p>Nom et pr\u00e9nom\n\t\t<\/p>\n<p><span class=\"wpcf7-form-control-wrap\" data-name=\"isim\"><input size=\"40\" maxlength=\"400\" class=\"wpcf7-form-control wpcf7-text wpcf7-validates-as-required\" aria-required=\"true\" aria-invalid=\"false\" value=\"\" type=\"text\" name=\"isim\" \/><\/span>\n\t\t<\/p>\n<p>E-mail\n\t\t<\/p>\n<p><span class=\"wpcf7-form-control-wrap\" data-name=\"email\"><input size=\"40\" maxlength=\"400\" class=\"wpcf7-form-control wpcf7-email wpcf7-validates-as-required wpcf7-text wpcf7-validates-as-email\" aria-required=\"true\" aria-invalid=\"false\" value=\"\" type=\"email\" name=\"email\" \/><\/span>\n\t\t<\/p>\n<\/p><\/div>\n<div class=\"column\" style=\"flex: 50%; margin-left: 10px; margin-bottom: 10px;\">\n<p>Choisir le service\n\t\t<\/p>\n<p><span class=\"wpcf7-form-control-wrap\" data-name=\"hizmet\"><select class=\"wpcf7-form-control wpcf7-select wpcf7-validates-as-required\" aria-required=\"true\" aria-invalid=\"false\" name=\"hizmet\"><option value=\"\">&#8212;L\u00fctfen bir se\u00e7enek se\u00e7in&#8212;<\/option><option value=\"TRANSPORT MARITIME\">TRANSPORT MARITIME<\/option><option value=\"TRANSPORT ROUTIER\">TRANSPORT ROUTIER<\/option><option value=\"TRANSPORT AERIEN\">TRANSPORT AERIEN<\/option><option value=\"TRANSPORT EXCEPTIONNEL\">TRANSPORT EXCEPTIONNEL<\/option><option value=\"SOLUTIONS INTEGREES\">SOLUTIONS INTEGREES<\/option><\/select><\/span>\n\t\t<\/p>\n<p>Num\u00e9ro de t\u00e9l\u00e9phone\n\t\t<\/p>\n<p><span class=\"wpcf7-form-control-wrap\" data-name=\"telefon\"><input size=\"40\" maxlength=\"400\" class=\"wpcf7-form-control wpcf7-text\" aria-invalid=\"false\" value=\"\" type=\"text\" name=\"telefon\" \/><\/span>\n\t\t<\/p>\n<p>Secteur d\u2019activit\u00e9\n\t\t<\/p>\n<p><span class=\"wpcf7-form-control-wrap\" data-name=\"sektor\"><input size=\"40\" maxlength=\"400\" class=\"wpcf7-form-control wpcf7-text wpcf7-validates-as-required\" aria-required=\"true\" aria-invalid=\"false\" value=\"\" type=\"text\" name=\"sektor\" \/><\/span>\n\t\t<\/p>\n<\/p><\/div>\n<\/div>\n<div>\n<input class=\"wpcf7-form-control wpcf7-hidden\" value=\"\" type=\"hidden\" name=\"date\" \/><\/p>\n<p><span class=\"wpcf7-form-control-wrap\" data-name=\"kvkk\"><span class=\"wpcf7-form-control wpcf7-acceptance\"><span class=\"wpcf7-list-item\"><label><input type=\"checkbox\" name=\"kvkk\" value=\"1\" aria-invalid=\"false\" \/><span class=\"wpcf7-list-item-label\"><a href=\"https:\/\/www.esalco.com\/wp-content\/uploads\/2022\/05\/Esalco-aydinlatma-metni.pdf\">J\u2019approuve l\u2019enregistrement de mes donn\u00e9es personnelles dans le cadre des lois sur la protection des donn\u00e9es personnelles.<\/a><\/span><\/label><\/span><\/span><\/span>\n\t<\/p>\n<\/div>\n<div>\n<input class=\"wpcf7-form-control wpcf7-hidden\" value=\"\" type=\"hidden\" name=\"text\" \/><\/p>\n<p><input class=\"wpcf7-form-control wpcf7-submit has-spinner\" type=\"submit\" value=\"ENVOYER\" \/>\n\t<\/p>\n<\/div>\n<p><input type='hidden' class='wpcf7-pum' value='{\"closepopup\":false,\"closedelay\":0,\"openpopup\":false,\"openpopup_id\":0}' \/><\/p>\n<div class=\"wpcf7-response-output\" aria-hidden=\"true\"><\/div>\n<\/form>\n<\/div>\n<\/div><div class=\"btTotalNextWrapper\"><div class=\"btQuoteTotal\"><span class=\"btQuoteTotalText\">Total<\/span><span class=\"btQuoteTotalCurrency\">&nbsp;<\/span><span class=\"btQuoteTotalCalc\"><\/span><\/div><\/div><\/div><\/div><\/div><div class=\"btClear btSeparator topSmallSpaced noBorder\" ><hr><\/div><div class=\"btClear btSeparator topSpaced bottomSpaced noBorder\" ><hr><\/div><div class=\"btClear btSeparator topSpaced bottomSpaced noBorder\" ><hr><\/div><\/div><\/div><\/div><\/div><\/div><\/div><\/div><\/div><\/div><\/div><\/div><\/div><\/section><section id=\"bt_section69f3021a393e0\"  class=\"boldSection topSpaced bottomSemiSpaced gutter inherit\" ><div class=\"port\"><div class=\"boldCell\"><div class=\"boldCellInner\"><div class=\"boldRow \" ><div class=\"rowItem col-md-9 col-ms-12  btTextLeft\"  ><div class=\"rowItemContent\"><header class=\"header btClear extralarge  btAccentDash btRegularTitle\" ><div class=\"dash\"><h1><span class=\"headline\">TRANSPORT EXCEPTIONNEL DE CHARGES LOURDES POUR PROJETS<\/span><\/h1><\/div><\/header><div class=\"btClear btSeparator topSmallSpaced noBorder\" ><hr><\/div><div class=\"btText\"><p>Esalco vous fournit des solutions innovantes et cr\u00e9atives adapt\u00e9es \u00e0 votre projet en utilisant nos services maritimes, a\u00e9riens et routiers individuellement ou en diff\u00e9rentes combinaisons \u00e0 l\u2019\u00e9chelle national et international. Notre \u00e9quipe professionnelle assure la planification pouss\u00e9e que requiert le transport de charges hors gabarit, lourdes et volumineuses, et garantie une livraison en s\u00e9curit\u00e9 et dans les d\u00e9lais.<\/p>\n<p>Pour pouvoir maintenir la qualit\u00e9 du service que nous fournissons, nous prenons les mesures n\u00e9cessaires pour endosser et encourager notre \u00e9quipe, et soutenir et renouveler notre infrastructure. Sachant que le domaine de la logistique de projet est tr\u00e8s exigeant, nous investissons tous nos moyens pour la r\u00e9ussite de ces engagements qui peuvent \u00eatre parfois \u00e0 tr\u00e8s long terme. Notre \u00e9quipe fait sa mission de rester curieuse, de se d\u00e9velopper constamment, d\u2019\u00eatre flexible et bien form\u00e9e et de garder la plus grande motivation tout au long de notre collaboration. Nous travaillons 24 heures sur 24 avec passion pour la r\u00e9alisation de vos projets de cette \u00e9chelle et vous fournissions un service de la plus haute qualit\u00e9 avec notre r\u00e9seau mondial \u00e9tendu gr\u00e2ce a nos partenaires strat\u00e9giques tout autour du globe et des prix comp\u00e9titifs.<\/p>\n<p>Nous apportons une valeur ajout\u00e9e \u00e0 la vision de toutes les entreprises qui se sont engag\u00e9es \u00e0 faire de grands pas pour ouvrir leur industrie vers le futur. Notre \u00e9quipe experte dans la l\u00e9gislation internationale du transport de marchandises lourdes, suit les innovations technologiques et propose des strat\u00e9gies logistiques durables. Ainsi, nous planifions le futur avec nos partenaires.<\/p>\n<p>Nous entreprenons le long marathon qu\u2019est la logistique de projets de plus grande \u00e9chelle, qui toucheront la vie de millions de personnes en changeant les modes et conditions de production avec expertise. Nous vous assistons avec des prix comp\u00e9titifs, des nouvelles technologies d&rsquo;intelligence artificielle qui assurent un suivi parfait de vos op\u00e9rations et notre \u00e9quipe qui ne cesse de se d\u00e9velopper pour mieux vous accommoder. Notre vision globale des besoins de vos projets nous permet de planifier les moindres d\u00e9tails du tout d\u00e9but \u00e0 la fin de votre op\u00e9ration, \u00eatre pr\u00e9sent et accorder la m\u00eame importance et donner le m\u00eame soin \u00e0 tous les pas qui constitue cette course longue.<\/p>\n<p>Nous vous remercions de nous faire confiance pour la gestion de tous vos projets logistiques \u00e0 tr\u00e8s grande \u00e9chelle, qui cr\u00e9ent de la valeur ajout\u00e9e, et modifient les moyens de production, et souhaitons collaborer de plus en plus pour modeler le futur.<\/p>\n<\/div><div class=\"btClear btSeparator topSmallSpaced noBorder\" ><hr><\/div><div class=\"btClear btSeparator topSmallSpaced noBorder\" ><hr><\/div><div class=\"btClear btSeparator topSemiSpaced noBorder\" ><hr><\/div><\/div><\/div><div class=\"rowItem col-md-3 col-sm-6 col-ms-12 btTextLeft inherit btDoublePadding\"  ><div class=\"rowItemContent\"><header class=\"header btClear small  btAccentDash btRegularTitle\" ><div class=\"dash\"><h4><span class=\"headline\">NOS SERVICES<\/span><\/h4><\/div><\/header><div class=\"btCustomMenu \" ><div class=\"menu-hizmetlerimiz-fr-container\"><ul id=\"menu-hizmetlerimiz-fr\" class=\"menu\"><li id=\"menu-item-3171\" class=\"menu-item menu-item-type-post_type menu-item-object-page menu-item-3171\"><a href=\"https:\/\/www.esalco.com\/fr\/transport-maritime\/\">TRANSPORT MARITIME<\/a><\/li><li id=\"menu-item-3172\" class=\"menu-item menu-item-type-post_type menu-item-object-page menu-item-3172\"><a href=\"https:\/\/www.esalco.com\/fr\/transport-routier\/\">TRANSPORT ROUTIER<\/a><\/li><li id=\"menu-item-3173\" class=\"menu-item menu-item-type-post_type menu-item-object-page menu-item-3173\"><a href=\"https:\/\/www.esalco.com\/fr\/transport-aerien\/\">TRANSPORT AERIEN<\/a><\/li><li id=\"menu-item-3174\" class=\"menu-item menu-item-type-post_type menu-item-object-page menu-item-3174\"><a href=\"https:\/\/www.esalco.com\/fr\/transport-exceptionnel\/\">TRANSPORT EXCEPTIONNEL DE CHARGES LOURDES POUR PROJETS<\/a><\/li><li id=\"menu-item-3176\" class=\"menu-item menu-item-type-post_type menu-item-object-page menu-item-3176\"><a href=\"https:\/\/www.esalco.com\/fr\/solutions-integrees\/\">SOLUTIONS INTEGREES<\/a><\/li>\n<\/ul><\/div><\/div><div class=\"btClear btSeparator topSemiSpaced noBorder\" ><hr><\/div><header class=\"header btClear small  btAccentDash btRegularTitle\" ><p class=\"btSuperTitle\">DOCUMENTS IMPORTANTS<\/p><\/header><div class=\"btBtn btBtn btnOutline btnIconLeftPosition btnLightColor btnSmall btnFull btnIco\" ><div class=\"btIco borderless extrasmall\"><a href=\"https:\/\/www.esalco.com\/wp-content\/uploads\/2024\/03\/bolgemizdeki-limanlar.pdf\"  target=\"_blank\"  data-ico-fa=\"&#xf1c1;\" class=\"btIcoHolder\"><span>PORTS REGIONAUX<\/span><\/a><\/div><\/div><div class=\"btClear btSeparator topExtraSmallSpaced noBorder\" ><hr><\/div><div class=\"btClear btSeparator topSpaced noBorder\" ><hr><\/div><header class=\"header btClear small  btAccentDash btRegularTitle\" ><div class=\"dash\"><h4><span class=\"headline\">NOUS CONTACTER<\/span><\/h4><\/div><\/header><div class=\"btIconImageRow\" ><div class=\"btIco borderless extrasmall\"><span  data-ico-fa=\"&#xf098;\" class=\"btIcoHolder\"><span>TEL: +90 444 2 395<\/span><\/span><\/div><\/div><div class=\"btIconImageRow\" ><div class=\"btIco borderless extrasmall\"><span  data-ico-fa=\"&#xf0e0;\" class=\"btIcoHolder\"><span>Mail: webform@esalco.com.tr<\/span><\/span><\/div><\/div><div class=\"btClear btSeparator topSmallSpaced noBorder\" ><hr><\/div><\/div><\/div><\/div><div class=\"boldRow \" ><div class=\"rowItem col-md-12 col-ms-12  btTextLeft\"  ><div class=\"rowItemContent\"><\/div><\/div><\/div><\/div><\/div><\/div><\/section><section id=\"bt_section69f3021a3f447\"  class=\"boldSection bottomSpaced gutter inherit\" ><div class=\"port\"><div class=\"boldCell\"><div class=\"boldCellInner\"><div class=\"boldRow \" ><div class=\"rowItem col-md-3 col-sm-6 col-ms-12 btTextLeft animate animate-fadein btHighlight inherit\"  ><div class=\"rowItemContent\"><div class=\"btClear btSeparator topSemiSpaced noBorder\" ><hr><\/div><div class=\"servicesItem  mediumIcon borderlessIconType \"><div class=\"sIcon\"><div class=\"btIco medium borderless\"><span  data-ico-cs=\"&#xe629;\" class=\"btIcoHolder\"><\/span><\/div><\/div><div class=\"sTxt\"><header class=\"header btClear extrasmall\" ><div class=\"dash\"><h4><span class=\"headline\">EXP\u00c9DITION<\/span><\/h4><\/div><\/header><p><\/p><\/div><\/div><div class=\"btClear btSeparator topSemiSpaced noBorder\" ><hr><\/div><\/div><\/div><div class=\"rowItem col-md-3 col-sm-6 col-ms-12 btTextLeft animate animate-fadein btHighlight inherit\"  ><div class=\"rowItemContent\"><div class=\"btClear btSeparator topSemiSpaced noBorder\" ><hr><\/div><div class=\"servicesItem  mediumIcon borderlessIconType \"><div class=\"sIcon\"><div class=\"btIco medium borderless\"><span  data-ico-cs=\"&#xe627;\" class=\"btIcoHolder\"><\/span><\/div><\/div><div class=\"sTxt\"><header class=\"header btClear extrasmall\" ><div class=\"dash\"><h4><span class=\"headline\">PROTECTION<\/span><\/h4><\/div><\/header><p><\/p><\/div><\/div><div class=\"btClear btSeparator topSemiSpaced noBorder\" ><hr><\/div><\/div><\/div><div class=\"rowItem col-md-3 col-sm-6 col-ms-12 btTextLeft animate animate-fadein btHighlight inherit\"  ><div class=\"rowItemContent\"><div class=\"btClear btSeparator topSemiSpaced noBorder\" ><hr><\/div><div class=\"servicesItem  mediumIcon borderlessIconType \"><div class=\"sIcon\"><div class=\"btIco medium borderless\"><span  data-ico-cs=\"&#xe61c;\" class=\"btIcoHolder\"><\/span><\/div><\/div><div class=\"sTxt\"><header class=\"header btClear extrasmall\" ><div class=\"dash\"><h4><span class=\"headline\">PROTECTION M\u00c9T\u00c9O<\/span><\/h4><\/div><\/header><p><\/p><\/div><\/div><div class=\"btClear btSeparator topSemiSpaced noBorder\" ><hr><\/div><\/div><\/div><div class=\"rowItem col-md-3 col-sm-6 col-ms-12 btTextLeft animate animate-fadein inherit btDoublePadding\"  ><div class=\"rowItemContent\"><div class=\"btClear btSeparator topSemiSpaced noBorder\" ><hr><\/div><header class=\"header btClear small  btAccentDash btRegularTitle\" ><div class=\"dash\"><h4><span class=\"headline\">PARCOUREZ NOS SERVICES<\/span><\/h4><\/div><\/header><\/div><\/div><\/div><\/div><\/div><\/div><\/section><section id=\"bt_section69f3021a4014a\"  class=\"boldSection btDarkSkin gutter inherit\" style=\"background-color:#0b61aa;\"><div class=\"port\"><div class=\"boldCell\"><div class=\"boldCellInner\"><div class=\"boldRow \" ><div class=\"rowItem col-md-12 col-ms-12  btTextLeft\"  ><div class=\"rowItemContent\"><div class=\"btClear btSeparator topSmallSpaced bottomSmallSpaced noBorder\" ><hr><\/div><\/div><\/div><\/div><\/div><\/div><\/div><\/section><\/div>","protected":false},"excerpt":{"rendered":"TRANSPORT EXCEPTIONNEL DE CHARGES LOURDES POUR PROJETSREMPLISSEZ LE FORMULAIRENOUS VOUS CONTACTERONS Nom de l\u2019entreprise Nom et pr\u00e9nom E-mail Choisir le service &#8212;L\u00fctfen bir se\u00e7enek se\u00e7in&#8212;TRANSPORT MARITIMETRANSPORT ROUTIERTRANSPORT AERIENTRANSPORT EXCEPTIONNELSOLUTIONS INTEGREES Num\u00e9ro de t\u00e9l\u00e9phone Secteur d\u2019activit\u00e9 J\u2019approuve l\u2019enregistrement de mes donn\u00e9es personnelles dans le cadre des lois sur la protection des donn\u00e9es personnelles. Total&nbsp;TRANSPORT EXCEPTIONNEL DE [...]","protected":false},"author":1,"featured_media":0,"parent":0,"menu_order":0,"comment_status":"closed","ping_status":"closed","template":"","meta":{"footnotes":""},"class_list":["post-3104","page","type-page","status-publish","hentry"],"aioseo_notices":[],"_links":{"self":[{"href":"https:\/\/www.esalco.com\/fr\/wp-json\/wp\/v2\/pages\/3104","targetHints":{"allow":["GET"]}}],"collection":[{"href":"https:\/\/www.esalco.com\/fr\/wp-json\/wp\/v2\/pages"}],"about":[{"href":"https:\/\/www.esalco.com\/fr\/wp-json\/wp\/v2\/types\/page"}],"author":[{"embeddable":true,"href":"https:\/\/www.esalco.com\/fr\/wp-json\/wp\/v2\/users\/1"}],"replies":[{"embeddable":true,"href":"https:\/\/www.esalco.com\/fr\/wp-json\/wp\/v2\/comments?post=3104"}],"version-history":[{"count":5,"href":"https:\/\/www.esalco.com\/fr\/wp-json\/wp\/v2\/pages\/3104\/revisions"}],"predecessor-version":[{"id":9907,"href":"https:\/\/www.esalco.com\/fr\/wp-json\/wp\/v2\/pages\/3104\/revisions\/9907"}],"wp:attachment":[{"href":"https:\/\/www.esalco.com\/fr\/wp-json\/wp\/v2\/media?parent=3104"}],"curies":[{"name":"wp","href":"https:\/\/api.w.org\/{rel}","templated":true}]}}