{"id":3143,"date":"2019-12-26T18:08:51","date_gmt":"2019-12-26T15:08:51","guid":{"rendered":"https:\/\/www.esalco.com\/iletisim\/"},"modified":"2025-08-18T17:17:48","modified_gmt":"2025-08-18T14:17:48","slug":"contact","status":"publish","type":"page","link":"https:\/\/www.esalco.com\/fr\/contact\/","title":{"rendered":"CONTACT"},"content":{"rendered":"<div class=\"bt_rc_container\"><section id=\"bt_section6a0319b908f3e\" data-parallax=\"0.1\" data-parallax-offset=\"0\" class=\"boldSection topExtraSpaced bottomMoreSpaced btDarkSkin gutter fullScreenHeight btMiddleVertical btParallax wBackground cover\" style=\"background-image:url('https:\/\/www.esalco.com\/wp-content\/uploads\/2020\/01\/Iletisim-1.png');\"><div class=\"port\"><div class=\"boldCell\"><div class=\"boldCellInner\"><div class=\"boldRow \" ><div class=\"rowItem col-md-12 col-ms-12  btTextLeft animate animate-fadein animate-moveleft inherit\"  ><div class=\"rowItemContent\"><header class=\"header btClear extralarge btDash bottomDash  btAccentDash btRegularTitle\" style=\"max-width: 800px;\"><div class=\"dash\"><h1><span class=\"headline\">CONTACTEZ-NOUS<\/span><\/h1><\/div><p class=\"btSubTitle\">Vous pouvez nous joindre par n&rsquo;importe quel canal de communication que vous souhaitez.<\/p><\/header><div class=\"btClear btSeparator bottomSemiSpaced noBorder\" ><hr><\/div><div class=\"btBtn btBtn btnFilled btnIconLeftPosition btnAccentColor btnSmall btnNormal btnIco\" ><div class=\"btIco borderless extrasmall\"><a href=\"https:\/\/www.esalco.com\/fr\/bienvenue\/\"  data-ico-cs=\"&#xe606;\" class=\"btIcoHolder\"><span>QUI SOMMES-NOUS<\/span><\/a><\/div><\/div><div class=\"btBtn btBtn btnFilled btnIconLeftPosition btnNormalColor btnSmall btnNormal\" ><a href=\"https:\/\/www.esalco.com\/fr\/nos-services\/\">NOS SERVICES<\/a><\/div><\/div><\/div><\/div><\/div><\/div><\/div><\/section><section id=\"bt_section6a0319b9094da\"  class=\"boldSection topSpaced bottomSpaced btLightSkin gutter inherit\" ><div class=\"port\"><div class=\"boldCell\"><div class=\"boldCellInner\"><div class=\"boldRow \" ><div class=\"rowItem col-sm-4 col-ms-12 btTextRight inherit btDoublePadding\"  ><div class=\"rowItemContent\"><header class=\"header btClear medium  btAccentDash btRegularTitle\" ><div class=\"dash\"><h3><span class=\"headline\">Vous pouvez nous joindre 24h \/ 24 et 7j \/ 7 depuis la cha\u00eene que vous souhaitez.<\/span><\/h3><\/div><\/header><\/div><\/div><div class=\"rowItem col-sm-4 col-ms-12 btTextLeft inherit btNoPadding\"  ><div class=\"rowItemContent\"><div class=\"btText\"><div class=\"wpcf7 no-js\" id=\"wpcf7-f3146-o1\" lang=\"tr-TR\" dir=\"ltr\" data-wpcf7-id=\"3146\">\n<div class=\"screen-reader-response\">\n<p role=\"status\" aria-live=\"polite\" aria-atomic=\"true\">\n<ul><\/ul>\n<\/div>\n<form action=\"\/fr\/wp-json\/wp\/v2\/pages\/3143#wpcf7-f3146-o1\" method=\"post\" class=\"wpcf7-form init\" aria-label=\"\u0130leti\u015fim Formu\" novalidate=\"novalidate\" data-status=\"init\">\n<div style=\"display: none;\">\n<input type=\"hidden\" name=\"_wpcf7\" value=\"3146\" \/><br \/>\n<input type=\"hidden\" name=\"_wpcf7_version\" value=\"6.0.6\" \/><br \/>\n<input type=\"hidden\" name=\"_wpcf7_locale\" value=\"tr_TR\" \/><br \/>\n<input type=\"hidden\" name=\"_wpcf7_unit_tag\" value=\"wpcf7-f3146-o1\" \/><br \/>\n<input type=\"hidden\" name=\"_wpcf7_container_post\" value=\"0\" \/><br \/>\n<input type=\"hidden\" name=\"_wpcf7_posted_data_hash\" value=\"\" \/><br \/>\n<input type=\"hidden\" name=\"_wpcf7_recaptcha_response\" value=\"\" \/>\n<\/div>\n<p>Nom et pr\u00e9nom\n<\/p>\n<p><span class=\"wpcf7-form-control-wrap\" data-name=\"your-name\"><input size=\"40\" maxlength=\"400\" class=\"wpcf7-form-control wpcf7-text wpcf7-validates-as-required\" aria-required=\"true\" aria-invalid=\"false\" value=\"\" type=\"text\" name=\"your-name\" \/><\/span>\n<\/p>\n<p>Email\n<\/p>\n<p><span class=\"wpcf7-form-control-wrap\" data-name=\"your-email\"><input size=\"40\" maxlength=\"400\" class=\"wpcf7-form-control wpcf7-email wpcf7-validates-as-required wpcf7-text wpcf7-validates-as-email\" aria-required=\"true\" aria-invalid=\"false\" value=\"\" type=\"email\" name=\"your-email\" \/><\/span>\n<\/p>\n<p>Num\u00e9ro de t\u00e9l\u00e9phone\n<\/p>\n<p><span class=\"wpcf7-form-control-wrap\" data-name=\"your-tel\"><input size=\"40\" maxlength=\"400\" class=\"wpcf7-form-control wpcf7-text wpcf7-validates-as-required\" aria-required=\"true\" aria-invalid=\"false\" value=\"\" type=\"text\" name=\"your-tel\" \/><\/span>\n<\/p>\n<p>Sujet\n<\/p>\n<p><span class=\"wpcf7-form-control-wrap\" data-name=\"your-subject\"><input size=\"40\" maxlength=\"400\" class=\"wpcf7-form-control wpcf7-text\" aria-invalid=\"false\" value=\"\" type=\"text\" name=\"your-subject\" \/><\/span>\n<\/p>\n<p>Votre message\n<\/p>\n<p><span class=\"wpcf7-form-control-wrap\" data-name=\"your-message\"><textarea cols=\"40\" rows=\"10\" maxlength=\"2000\" class=\"wpcf7-form-control wpcf7-textarea\" aria-invalid=\"false\" name=\"your-message\"><\/textarea><\/span>\n<\/p>\n<p><span class=\"wpcf7-form-control-wrap\" data-name=\"kvkk\"><span class=\"wpcf7-form-control wpcf7-acceptance\"><span class=\"wpcf7-list-item\"><label><input type=\"checkbox\" name=\"kvkk\" value=\"1\" aria-invalid=\"false\" \/><span class=\"wpcf7-list-item-label\"><a href=\"https:\/\/www.esalco.com\/wp-content\/uploads\/2022\/05\/Esalco-aydinlatma-metni.pdf\">J\u2019approuve l\u2019enregistrement de mes donn\u00e9es personnelles dans le cadre des lois sur la protection des donn\u00e9es personnelles.<\/a><\/span><\/label><\/span><\/span><\/span><br \/>\n<input class=\"wpcf7-form-control wpcf7-hidden\" value=\"\" type=\"hidden\" name=\"text\" \/><br \/>\n<input class=\"wpcf7-form-control wpcf7-hidden\" value=\"\" type=\"hidden\" name=\"date\" \/><\/p>\n<p><input class=\"wpcf7-form-control wpcf7-submit has-spinner\" type=\"submit\" value=\"ENVOYER\" \/>\n<\/p>\n<p><input type='hidden' class='wpcf7-pum' value='{\"closepopup\":false,\"closedelay\":0,\"openpopup\":false,\"openpopup_id\":0}' \/><\/p>\n<div class=\"wpcf7-response-output\" aria-hidden=\"true\"><\/div>\n<\/form>\n<\/div>\n<\/div><\/div><\/div><div class=\"rowItem col-sm-4 col-ms-12 btTextCenter inherit btDoublePadding\"  ><div class=\"rowItemContent\"><div class=\"servicesItem  mediumIcon accentIconType \"><div class=\"sIcon\"><div class=\"btIco medium accent\"><a href=\"tel:4442395\"  data-ico-s7=\"&#xe6b5;\" class=\"btIcoHolder\"><\/a><\/div><\/div><div class=\"sTxt\"><header class=\"header btClear extrasmall\" ><div class=\"dash\"><h4><span class=\"headline\">TELEPHONE<\/span><\/h4><\/div><\/header><p>Appelez-nous facilement\r<br>444 23 95\r<br>0(850) 309 22 39<br><\/p><\/div><\/div><div class=\"btClear btSeparator topSmallSpaced noBorder\" ><hr><\/div><div class=\"servicesItem  mediumIcon accentIconType \"><div class=\"sIcon\"><div class=\"btIco medium accent\"><a href=\"#\"  data-ico-s7=\"&#xe60b;\" class=\"btIcoHolder\"><\/a><\/div><\/div><div class=\"sTxt\"><header class=\"header btClear extrasmall\" ><div class=\"dash\"><h4><span class=\"headline\">HEURES DE TRAVAIL<\/span><\/h4><\/div><\/header><p>En semaine: de 8h30 \u00e0 17h30<br><\/p><\/div><\/div><div class=\"btIconImageRow\" ><div class=\"btIco default extrasmall\"><a href=\"https:\/\/www.facebook.com\/EsalcoLojistik\"  target=\"no_target\"  data-ico-fa=\"&#xf09a;\" class=\"btIcoHolder\"><\/a><\/div><div class=\"btIco default extrasmall\"><a href=\"https:\/\/www.instagram.com\/esalcologistics\/\"  target=\"no_target\"  data-ico-fa=\"&#xf16d;\" class=\"btIcoHolder\"><\/a><\/div><div class=\"btIco default extrasmall\"><a href=\"https:\/\/www.linkedin.com\/company\/esalco-logistics\/\"  target=\"no_target\"  data-ico-fa=\"&#xf0e1;\" class=\"btIcoHolder\"><\/a><\/div><\/div><\/div><\/div><\/div><\/div><\/div><\/div><\/section><section id=\"bt_section6a0319b91232b\"  class=\"boldSection btDivider btLightSkin inherit\" ><div class=\"port\"><div class=\"boldCell\"><div class=\"boldCellInner\"><div class=\"boldRow \" ><div class=\"rowItem col-md-12 col-ms-12  btTextCenter inherit btNoPadding\"  ><div class=\"rowItemContent\"><div class=\"btText\"><p><iframe style=\"border: 0;\" src=\"https:\/\/www.google.com\/maps\/embed?pb=!1m18!1m12!1m3!1d3011.128015248774!2d29.053436815373995!3d41.000571179301645!2m3!1f0!2f0!3f0!3m2!1i1024!2i768!4f13.1!3m3!1m2!1s0x14cac73bf02d391b%3A0xc3853497d4e06a81!2sEsalco%20Lojistik!5e0!3m2!1sen!2str!4v1577435404812!5m2!1sen!2str\" width=\"100%\" height=\"250\" frameborder=\"0\" allowfullscreen=\"allowfullscreen\"><\/iframe><\/p>\n<\/div><\/div><\/div><\/div><\/div><\/div><\/div><\/section><\/div>","protected":false},"excerpt":{"rendered":"CONTACTEZ-NOUSVous pouvez nous joindre par n&rsquo;importe quel canal de communication que vous souhaitez.QUI SOMMES-NOUSNOS SERVICESVous pouvez nous joindre 24h \/ 24 et 7j \/ 7 depuis la cha\u00eene que vous souhaitez. Nom et pr\u00e9nom Email Num\u00e9ro de t\u00e9l\u00e9phone Sujet Votre message J\u2019approuve l\u2019enregistrement de mes donn\u00e9es personnelles dans le cadre des lois sur la protection [...]","protected":false},"author":1,"featured_media":0,"parent":0,"menu_order":0,"comment_status":"closed","ping_status":"closed","template":"","meta":{"footnotes":""},"class_list":["post-3143","page","type-page","status-publish","hentry"],"aioseo_notices":[],"_links":{"self":[{"href":"https:\/\/www.esalco.com\/fr\/wp-json\/wp\/v2\/pages\/3143","targetHints":{"allow":["GET"]}}],"collection":[{"href":"https:\/\/www.esalco.com\/fr\/wp-json\/wp\/v2\/pages"}],"about":[{"href":"https:\/\/www.esalco.com\/fr\/wp-json\/wp\/v2\/types\/page"}],"author":[{"embeddable":true,"href":"https:\/\/www.esalco.com\/fr\/wp-json\/wp\/v2\/users\/1"}],"replies":[{"embeddable":true,"href":"https:\/\/www.esalco.com\/fr\/wp-json\/wp\/v2\/comments?post=3143"}],"version-history":[{"count":5,"href":"https:\/\/www.esalco.com\/fr\/wp-json\/wp\/v2\/pages\/3143\/revisions"}],"predecessor-version":[{"id":10178,"href":"https:\/\/www.esalco.com\/fr\/wp-json\/wp\/v2\/pages\/3143\/revisions\/10178"}],"wp:attachment":[{"href":"https:\/\/www.esalco.com\/fr\/wp-json\/wp\/v2\/media?parent=3143"}],"curies":[{"name":"wp","href":"https:\/\/api.w.org\/{rel}","templated":true}]}}