{"id":3219,"date":"2019-12-31T15:01:42","date_gmt":"2019-12-31T12:01:42","guid":{"rendered":"https:\/\/www.esalco.com\/kariyer\/"},"modified":"2022-06-16T23:49:03","modified_gmt":"2022-06-16T20:49:03","slug":"carriere-a-esalco","status":"publish","type":"page","link":"https:\/\/www.esalco.com\/fr\/carriere-a-esalco\/","title":{"rendered":"CARRIERE A ESALCO"},"content":{"rendered":"<div class=\"bt_rc_container\"><section id=\"bt_section69ff72110fb16\" data-parallax=\"0.1\" data-parallax-offset=\"-50\" class=\"boldSection topExtraSpaced bottomMoreSpaced btDarkSkin gutter inherit btParallax wBackground cover\" style=\"background-image:url('https:\/\/www.esalco.com\/wp-content\/uploads\/2020\/01\/Uclu-Slider-2.png');\"><div class=\"port\"><div class=\"boldCell\"><div class=\"boldCellInner\"><div class=\"boldRow \" ><div class=\"rowItem col-md-12 col-ms-12  btTextLeft animate animate-fadein animate-moveleft inherit\"  ><div class=\"rowItemContent\"><header class=\"header btClear extralarge btDash bottomDash  btAccentDash btRegularTitle\" style=\"max-width: 800px;\"><p class=\"btSuperTitle\">CARRIERE<\/p><div class=\"dash\"><h1><span class=\"headline\">A ESALCO<\/span><\/h1><\/div><\/header><div class=\"btClear btSeparator bottomSemiSpaced noBorder\" ><hr><\/div><div class=\"btBtn btBtn btnFilled btnIconLeftPosition btnAccentColor btnSmall btnNormal btnIco\" ><div class=\"btIco borderless extrasmall\"><a href=\"#\"  data-ico-fa=\"&#xf0e5;\" class=\"btIcoHolder\"><span>Nous contacter<\/span><\/a><\/div><\/div><div class=\"btBtn btBtn btnFilled btnIconLeftPosition btnNormalColor btnSmall btnNormal btnIco\" ><div class=\"btIco borderless extrasmall\"><a href=\"#\"  data-ico-cs=\"&#xe61d;\" class=\"btIcoHolder\"><span>Nos services<\/span><\/a><\/div><\/div><\/div><\/div><\/div><\/div><\/div><\/div><\/section><section id=\"bt_section69ff721110265\"  class=\"boldSection btDivider topSpaced bottomSpaced gutter inherit wBackground cover\" style=\"background-image:url('https:\/\/www.esalco.com\/wp-content\/uploads\/2015\/09\/Transparent-background-with-dots.png');\"><div class=\"port\"><div class=\"boldCell\"><div class=\"boldCellInner\"><div class=\"boldRow \" style=\"margin-bottom: 35px;\"><div class=\"rowItem col-md-12 col-ms-12  btTextLeft animate animate-fadein btHighlight inherit\"  ><div class=\"rowItemContent\"><div class=\"btClear btSeparator topSmallSpaced noBorder\" ><hr><\/div><div class=\"servicesItem  mediumIcon borderlessIconType \"><div class=\"sIcon\"><div class=\"btIco medium borderless\"><span  data-ico-fa=\"&#xf00c;\" class=\"btIcoHolder\"><\/span><\/div><\/div><div class=\"sTxt\"><header class=\"header btClear extrasmall\" ><div class=\"dash\"><h4><span class=\"headline\">Bienvenue sur la page carri\u00e8re d&rsquo;Esalco<\/span><\/h4><\/div><\/header><p>Nous grandissons de jour en jour avec notre \u00e9quipe jeune, dynamique et experte. Le secret de la r\u00e9ussite de notre entreprise repose sur la force de notre \u00e9quipe.\r<br>\r<br>Pour nous, l\u2019exp\u00e9rience de notre \u00e9quipe est tout aussi importante que l&rsquo;exp\u00e9rience que nous procurons a nos clients. Nous soutenons toujours tous les membres de notre famille avec des programmes de formations pertinents dans le cadre du d\u00e9veloppement de leur carri\u00e8re \u00e0 long terme.\r<br>\r<br>Vous pouvez consulter notre page de Ressources Humaines pour vous familiariser avec nos valeurs et trouverez des r\u00e9ponses aux questions que vous vous posez sur notre processus d&#8217;embauche et nos politiques de carri\u00e8re.\r<br>\r<br><b>Satisfaction des employ\u00e9s de la famille Esalco<\/b>\r<br>\r<br>&#8211; La satisfaction des employ\u00e9s est une grande priorit\u00e9 chez Esalco.\r<br>\r<br>&#8211; L\u2019Independence des employ\u00e9s est valoris\u00e9e chez Esalco : tous le monde est encourag\u00e9 \u00e0 prendre l\u2019initiative de son propre travail\r<br>\r<br>&#8211; Les objectifs et la strat\u00e9gie annuels d\u2019Esalco sont d\u00e9termin\u00e9s lors de r\u00e9unions tenues avec la participation de tous nos employ\u00e9s.\r<br>\r<br>&#8211; Une communication ouverte est essentielle chez Esalco et les employ\u00e9s peuvent directement signaler leurs probl\u00e8mes au directeur g\u00e9n\u00e9ral.\r<br>\r<br>&#8211; Esalco est ouvert aux suggestions, nous consid\u00e9rons tous les messages de tous les membres de notre \u00e9quipe.\r<br>\r<br>&#8211; Nous croyons que les actions ont plus de poids que les mots, et conform\u00e9ment a ce maxime, ce sont les enqu\u00eates de satisfaction de nos clients qui constituent l\u2019essentiel des mesures de performance des membres de notre \u00e9quipe.\r<br>\r<br><b>Recrutement et gestion de carri\u00e8re<\/b>\r<br>\r<br>&#8211; La base de notre politique de recrutement repose sur la planification efficace des effectifs conform\u00e9ment \u00e0 notre analyse des besoins et d\u2019embaucher les personnes les plus appropri\u00e9es, qui partagent les valeurs et la culture de l&rsquo;entreprise et de les placer aux bons postes.\r<br>\r<br>&#8211; Nous \u00e9valuons nos candidats dans le cadre des comp\u00e9tences sp\u00e9cifiques aux t\u00e2ches requises par le poste. Les conditions sine qua non de notre culture d&rsquo;entreprise sont : la r\u00e9activit\u00e9, l\u2019ouverture d\u2019esprit, la capacit\u00e9 d\u2019adaptation aux changements, l\u2019orientation vers le client, le travaille en \u00e9quipe, et une excellente aptitude \u00e0 la communication et la coop\u00e9ration.\r<br>\r<br>&#8211; En tant qu&rsquo;institution qui vise \u00e0 former ses propres managers, nous soutenons nos employ\u00e9s pour qu\u2019ils avancent dans leur carri\u00e8re avec des pratiques telles que \u00abla formation interne et externe\u00bb, \u00abla formation en cours d&#8217;emploi\u00bb, \u00ab l\u2019enrichissement de l\u2019emploi\u00bb.\r\n<br><\/p><\/div><\/div><div class=\"btClear btSeparator topSmallSpaced noBorder\" ><hr><\/div><\/div><\/div><\/div><\/div><\/div><\/div><\/section><section id=\"bt_section69ff72111090e\"  class=\"boldSection topSemiSpaced bottomSemiSpaced btDarkSkin gutter inherit wBackground cover\" style=\"background-image:url('https:\/\/www.esalco.com\/wp-content\/uploads\/2015\/09\/Blue-background-with-trucks.jpg');\"><div class=\"port\"><div class=\"boldCell\"><div class=\"boldCellInner\"><div class=\"boldRow \" ><div class=\"rowItem col-sm-6 col-ms-12 btTextLeft\"  ><div class=\"rowItemContent\"><header class=\"header btClear small  btAccentDash btRegularTitle\" style=\"margin-bottom: 0;\"><p class=\"btSuperTitle\">Rejoindre la Famille ESALCO<\/p><div class=\"dash\"><h4><span class=\"headline\">Offres et demandes d\u2019emploi<\/span><\/h4><\/div><\/header><\/div><\/div><div class=\"rowItem col-sm-6 col-ms-12 btTextRight btMiddleVertical\"  ><div class=\"rowItemContent\"><div class=\"btBtn btBtn btnOutline btnIconLeftPosition btnLightColor btnSmall btnNormal btnIco\" ><div class=\"btIco borderless extrasmall\"><a href=\"https:\/\/www.esalco.com\/fr\/#popmake-4142\"  target=\"_blank\"  data-ico-fa=\"&#xf00c;\" class=\"btIcoHolder\"><span>Faire une demande d\u2019emploi<\/span><\/a><\/div><\/div><div class=\"btBtn btBtn btnOutline btnIconLeftPosition btnLightColor btnSmall btnNormal btnIco\" ><div class=\"btIco borderless extrasmall\"><a href=\"https:\/\/www.esalco.com\/fr\/contact\/\"  target=\"_blank\"  data-ico-fa=\"&#xf0e0;\" class=\"btIcoHolder\"><span>Nous Contacter<\/span><\/a><\/div><\/div><\/div><\/div><\/div><\/div><\/div><\/div><\/section><\/div>","protected":false},"excerpt":{"rendered":"CARRIEREA ESALCONous contacterNos servicesBienvenue sur la page carri\u00e8re d&rsquo;EsalcoNous grandissons de jour en jour avec notre \u00e9quipe jeune, dynamique et experte. Le secret de la r\u00e9ussite de notre entreprise repose sur la force de notre \u00e9quipe. Pour nous, l\u2019exp\u00e9rience de notre \u00e9quipe est tout aussi importante que l&rsquo;exp\u00e9rience que nous procurons a nos clients. Nous [...]","protected":false},"author":1,"featured_media":0,"parent":0,"menu_order":0,"comment_status":"closed","ping_status":"closed","template":"","meta":{"footnotes":""},"class_list":["post-3219","page","type-page","status-publish","hentry"],"aioseo_notices":[],"_links":{"self":[{"href":"https:\/\/www.esalco.com\/fr\/wp-json\/wp\/v2\/pages\/3219","targetHints":{"allow":["GET"]}}],"collection":[{"href":"https:\/\/www.esalco.com\/fr\/wp-json\/wp\/v2\/pages"}],"about":[{"href":"https:\/\/www.esalco.com\/fr\/wp-json\/wp\/v2\/types\/page"}],"author":[{"embeddable":true,"href":"https:\/\/www.esalco.com\/fr\/wp-json\/wp\/v2\/users\/1"}],"replies":[{"embeddable":true,"href":"https:\/\/www.esalco.com\/fr\/wp-json\/wp\/v2\/comments?post=3219"}],"version-history":[{"count":1,"href":"https:\/\/www.esalco.com\/fr\/wp-json\/wp\/v2\/pages\/3219\/revisions"}],"predecessor-version":[{"id":5232,"href":"https:\/\/www.esalco.com\/fr\/wp-json\/wp\/v2\/pages\/3219\/revisions\/5232"}],"wp:attachment":[{"href":"https:\/\/www.esalco.com\/fr\/wp-json\/wp\/v2\/media?parent=3219"}],"curies":[{"name":"wp","href":"https:\/\/api.w.org\/{rel}","templated":true}]}}