{"id":3239,"date":"2019-12-30T11:43:11","date_gmt":"2019-12-30T08:43:11","guid":{"rendered":"https:\/\/www.esalco.com\/uluslararasi-lojistik\/"},"modified":"2024-03-21T15:12:25","modified_gmt":"2024-03-21T12:12:25","slug":"logistique-internationale","status":"publish","type":"page","link":"https:\/\/www.esalco.com\/fr\/logistique-internationale\/","title":{"rendered":"LOGISTIQUE INTERNATIONALE"},"content":{"rendered":"<div class=\"bt_rc_container\"><section id=\"bt_section69f3ea085247c\" data-parallax=\"0.1\" data-parallax-offset=\"0\" class=\"boldSection topExtraSpaced bottomExtraSpaced btDarkSkin gutter btMiddleVertical btParallax wBackground cover\" style=\"background-image:url('https:\/\/www.esalco.com\/wp-content\/uploads\/2020\/01\/Uclu-Slider-2.png');\"><div class=\"port\"><div class=\"boldCell\"><div class=\"boldCellInner\"><div class=\"boldRow \" ><div class=\"rowItem col-md-12 col-ms-12  btTextLeft animate animate-fadein animate-moveleft inherit\"  ><div class=\"rowItemContent\"><header class=\"header btClear extralarge btDash bottomDash  btAccentDash btRegularTitle\" style=\"max-width: 800px;\"><div class=\"dash\"><h1><span class=\"headline\">LOGISTIQUE INTERNATIONALE<\/span><\/h1><\/div><\/header><div class=\"btClear btSeparator bottomSemiSpaced noBorder\" ><hr><\/div><\/div><\/div><\/div><\/div><\/div><\/div><\/section><section id=\"bt_section69f3ea0852819\"  class=\"boldSection topSpaced bottomSpaced gutter inherit\" ><div class=\"port\"><div class=\"boldCell\"><div class=\"boldCellInner\"><div class=\"boldRow \" ><div class=\"rowItem col-sm-4 col-ms-12 btTextRight animate animate-fadein inherit btDoublePadding\"  ><div class=\"rowItemContent\"><header class=\"header btClear medium  btAccentDash btRegularTitle\" ><p class=\"btSuperTitle\">L\u2019IMPORTANCE DE LA<\/p><div class=\"dash\"><h3><span class=\"headline\">LOGISTIQUE INTERNATIONALE<\/span><\/h3><\/div><\/header><\/div><\/div><div class=\"rowItem col-sm-4 col-ms-12 btTextLeft animate animate-fadein btTextIndent inherit btDoublePadding\"  ><div class=\"rowItemContent\"><div class=\"btText\"><p>L&rsquo;importance de la logistique internationale ne cesse d\u2019augmenter dans un climat de mondialisation continue. Tant les pays que les multinationales voient de mieux en mieux la grande importance d&rsquo;investir dans les strat\u00e9gies logistiques. Ces strat\u00e9gies logistiques, qui visent \u00e0 maintenir les co\u00fbts aussi bas que possible et \u00a0\u00e0 assurer la satisfaction des clients, aident \u00e9galement les entreprises et les pays \u00e0 cr\u00e9er un avantage concurrentiel \u00e0 long terme.<\/p>\n<p>Le renouvellement et le d\u00e9veloppement des activit\u00e9s commerciales sont la principale motivation des entreprises logistiques internationales pour am\u00e9liorer leur activit\u00e9 au quotidien. Les syst\u00e8mes sans stock, les innovations d&rsquo;intelligence artificielle, le d\u00e9veloppement de cha\u00eenes d&rsquo;approvisionnement, les cycles de production et de consommation qui se mondialisent de plus en plus viennent tous souligner l&rsquo;importance des investissements \u00e0 r\u00e9aliser pour le d\u00e9veloppement de la logistique et des transports internationaux.<\/p>\n<\/div><div class=\"btClear btSeparator bottomExtraSmallSpaced noBorder\" ><hr><\/div><div class=\"btClear btSeparator bottomExtraSmallSpaced noBorder\" ><hr><\/div><\/div><\/div><div class=\"rowItem col-sm-4 col-ms-12 btTextCenter animate animate-fadein inherit\"  ><div class=\"rowItemContent\"><div class=\"bpgPhoto btTextCenter\" ><div class=\"btImage\"><img decoding=\"async\" src=\"https:\/\/www.esalco.com\/wp-content\/uploads\/2024\/03\/logistique-international-3.jpeg\" alt=\"\"><\/div><\/div><div class=\"btClear btSeparator topSmallSpaced noBorder\" ><hr><\/div><\/div><\/div><\/div><div class=\"boldRow \" ><div class=\"rowItem col-md-12 col-ms-12  btTextRight animate animate-fadein animate-moveright inherit\"  ><div class=\"rowItemContent\"><div class=\"btClear btSeparator topSmallSpaced noBorder\" ><hr><\/div><\/div><\/div><\/div><div class=\"boldRow \" ><div class=\"rowItem col-sm-4 col-ms-12 btTextLeft animate animate-fadein inherit btDoublePadding\"  ><div class=\"rowItemContent\"><\/div><\/div><div class=\"rowItem col-sm-4 col-ms-12 btTextCenter animate animate-fadein inherit\"  ><div class=\"rowItemContent\"><div class=\"bpgPhoto btTextCenter\" ><div class=\"btImage\"><img decoding=\"async\" src=\"https:\/\/www.esalco.com\/wp-content\/uploads\/2024\/03\/logistique-international-1.jpeg\" alt=\"logistique international\"><\/div><\/div><\/div><\/div><div class=\"rowItem col-sm-4 col-ms-12 btTextLeft animate animate-fadein inherit btDoublePadding\"  ><div class=\"rowItemContent\"><div class=\"btText\"><p>Dans un climat commercial o\u00f9 la production et les besoins sont restructur\u00e9s tr\u00e8s rapidement, les entreprises de logistique ne pouvaient se limiter \u00e0 leurs activit\u00e9s principales et ont du d\u00e9velopper des services \u00e0 valeur ajout\u00e9e. Ainsi, le secteur de la logistique, a amplifi\u00e9 son impact pour devenir l&rsquo;un des \u00e9l\u00e9ments les plus importants du changement dans le monde commercial. Pendant que les innovations dans le domaine du transport international ont rendu la plupart des changements dans les m\u00e9thodes de production viables, de nouvelles voies et m\u00e9thodes de transport ont \u00e9galement contribu\u00e9 au raccourcissement des temps de production, ce qui a entrain\u00e9 la naissance de nouvelles m\u00e9thodes de production. Les strat\u00e9gies logistiques et les cha\u00eenes d&rsquo;approvisionnement des entreprises sont devenues une mesure de l&rsquo;efficacit\u00e9 de livraison leurs produits et de leurs services.<\/p>\n<p>Alors que les entreprises de transport maritime international se sont d\u00e9velopp\u00e9es en vitesse et en s\u00e9curit\u00e9, l&rsquo;\u00e9mergence des transports intermodal et multimodal dans le transport de conteneurs a acc\u00e9l\u00e9r\u00e9 les d\u00e9veloppements dans ce domaine. Dans la livraison porte \u00e0 porte, l&rsquo;utilisation int\u00e9gr\u00e9e de plusieurs disciplines logistiques a permis de transporter des frets de toute provenance vers toute destination aussi rapidement, en toute s\u00e9curit\u00e9 et de mani\u00e8re la plus \u00e9conomique possible. En outre, les mesures prises pour l&rsquo;utilisation la plus efficace des v\u00e9hicules de transport ont permis de r\u00e9duire les couts de service, et de maintenir ainsi un avantage concurrentiel significatif.<\/p>\n<\/div><div class=\"btClear btSeparator bottomExtraSmallSpaced noBorder\" ><hr><\/div><div class=\"btClear btSeparator bottomSemiSpaced noBorder\" ><hr><\/div><\/div><\/div><\/div><div class=\"boldRow \" ><div class=\"rowItem col-md-12 col-ms-12  btTextRight animate animate-fadein animate-moveright inherit\"  ><div class=\"rowItemContent\"><div class=\"btClear btSeparator topSmallSpaced noBorder\" ><hr><\/div><\/div><\/div><\/div><div class=\"boldRow \" ><div class=\"rowItem col-sm-4 col-ms-12 btTextLeft animate animate-fadein inherit btDoublePadding\"  ><div class=\"rowItemContent\"><\/div><\/div><div class=\"rowItem col-sm-4 col-ms-12 btTextLeft animate animate-fadein inherit btDoublePadding\"  ><div class=\"rowItemContent\"><div class=\"btText\"><p>En plus de tout cela, les d\u00e9veloppements dans le domaine des technologies de l&rsquo;information ont \u00e9t\u00e9 un facteur particuli\u00e8rement important dans le niveau qu\u2019a atteint le transport international. Les technologies d&rsquo;\u00e9change de donn\u00e9es \u00a0\u00e9lectronique ont ouvert la voie \u00e0 la mise en place de syst\u00e8mes accessibles de plusieurs points dans les r\u00e9seaux internationaux, permettant aux clients et aux fournisseurs du monde entier d&rsquo;acc\u00e9der aux informations de transport li\u00e9es \u00e0 la m\u00eame cargaison depuis tous les points du m\u00eame syst\u00e8me.<\/p>\n<p>La croissance des r\u00e9seaux de transport et l&rsquo;augmentation du volume des exportations et des importations dans une structure \u00e9conomique mondialis\u00e9e ont \u00e9galement contribu\u00e9 au d\u00e9veloppement de la \u00a0sous-traitance pour r\u00e9pondre aux besoins logistiques. Ce mod\u00e8le a mis en valeur l\u2019importance des soci\u00e9t\u00e9s transitaires. Il convient \u00e9galement de noter que l&rsquo;importance d\u2019une politique de travail qui valorise la satisfaction du client est un facteur essentiel \u00a0dans la s\u00e9lection de prestataires de services logistiques. Les clients pr\u00e9f\u00e8rent souder des partenariats professionnels avec des entreprises de logistique qui peuvent \u00e9tablir leurs strat\u00e9gies de cha\u00eene d&rsquo;approvisionnement logistique avec eux, qui les aideront \u00e0 cr\u00e9er les solutions les plus efficaces et les plus abordables, fourniront un service de la plus haute qualit\u00e9, et fa\u00e7onneront leurs plans de production en fonction du terrain que ces services rendent possible.<\/p>\n<\/div><div class=\"btClear btSeparator bottomExtraSmallSpaced noBorder\" ><hr><\/div><div class=\"btClear btSeparator bottomSemiSpaced noBorder\" ><hr><\/div><\/div><\/div><div class=\"rowItem col-sm-4 col-ms-12 btTextCenter animate animate-fadein inherit\"  ><div class=\"rowItemContent\"><div class=\"bpgPhoto btTextCenter\" ><div class=\"btImage\"><img decoding=\"async\" src=\"https:\/\/www.esalco.com\/wp-content\/uploads\/2024\/03\/logistique-international-2.jpeg\" alt=\"air logistique international\"><\/div><\/div><\/div><\/div><\/div><\/div><\/div><\/div><\/section><\/div>","protected":false},"excerpt":{"rendered":"LOGISTIQUE INTERNATIONALEL\u2019IMPORTANCE DE LALOGISTIQUE INTERNATIONALEL&rsquo;importance de la logistique internationale ne cesse d\u2019augmenter dans un climat de mondialisation continue. Tant les pays que les multinationales voient de mieux en mieux la grande importance d&rsquo;investir dans les strat\u00e9gies logistiques. Ces strat\u00e9gies logistiques, qui visent \u00e0 maintenir les co\u00fbts aussi bas que possible et \u00a0\u00e0 assurer la satisfaction [...]","protected":false},"author":1,"featured_media":8950,"parent":0,"menu_order":0,"comment_status":"closed","ping_status":"closed","template":"","meta":{"footnotes":""},"class_list":["post-3239","page","type-page","status-publish","has-post-thumbnail","hentry"],"aioseo_notices":[],"_links":{"self":[{"href":"https:\/\/www.esalco.com\/fr\/wp-json\/wp\/v2\/pages\/3239","targetHints":{"allow":["GET"]}}],"collection":[{"href":"https:\/\/www.esalco.com\/fr\/wp-json\/wp\/v2\/pages"}],"about":[{"href":"https:\/\/www.esalco.com\/fr\/wp-json\/wp\/v2\/types\/page"}],"author":[{"embeddable":true,"href":"https:\/\/www.esalco.com\/fr\/wp-json\/wp\/v2\/users\/1"}],"replies":[{"embeddable":true,"href":"https:\/\/www.esalco.com\/fr\/wp-json\/wp\/v2\/comments?post=3239"}],"version-history":[{"count":2,"href":"https:\/\/www.esalco.com\/fr\/wp-json\/wp\/v2\/pages\/3239\/revisions"}],"predecessor-version":[{"id":8970,"href":"https:\/\/www.esalco.com\/fr\/wp-json\/wp\/v2\/pages\/3239\/revisions\/8970"}],"wp:featuredmedia":[{"embeddable":true,"href":"https:\/\/www.esalco.com\/fr\/wp-json\/wp\/v2\/media\/8950"}],"wp:attachment":[{"href":"https:\/\/www.esalco.com\/fr\/wp-json\/wp\/v2\/media?parent=3239"}],"curies":[{"name":"wp","href":"https:\/\/api.w.org\/{rel}","templated":true}]}}