{"id":4362,"date":"2019-12-31T15:01:42","date_gmt":"2019-12-31T12:01:42","guid":{"rendered":"https:\/\/www.esalco.com\/kariyer\/"},"modified":"2022-06-16T17:32:22","modified_gmt":"2022-06-16T14:32:22","slug":"kariyer","status":"publish","type":"page","link":"https:\/\/www.esalco.com\/zh-hans\/kariyer\/","title":{"rendered":"\u4e8b\u4e1a"},"content":{"rendered":"<div class=\"bt_rc_container\"><section id=\"bt_section69f405940f8b0\" data-parallax=\"0.1\" data-parallax-offset=\"-50\" class=\"boldSection topExtraSpaced bottomMoreSpaced btDarkSkin gutter inherit btParallax wBackground cover\" style=\"background-image:url('https:\/\/www.esalco.com\/wp-content\/uploads\/2020\/01\/Uclu-Slider-2.png');\"><div class=\"port\"><div class=\"boldCell\"><div class=\"boldCellInner\"><div class=\"boldRow \" ><div class=\"rowItem col-md-12 col-ms-12  btTextLeft animate animate-fadein animate-moveleft inherit\"  ><div class=\"rowItemContent\"><header class=\"header btClear extralarge btDash bottomDash  btAccentDash btRegularTitle\" style=\"max-width: 800px;\"><p class=\"btSuperTitle\">ESALCO\u7684<\/p><div class=\"dash\"><h1><span class=\"headline\">\u804c\u4e1a<\/span><\/h1><\/div><\/header><div class=\"btClear btSeparator bottomSemiSpaced noBorder\" ><hr><\/div><div class=\"btBtn btBtn btnFilled btnIconLeftPosition btnAccentColor btnSmall btnNormal btnIco\" ><div class=\"btIco borderless extrasmall\"><a href=\"#\"  data-ico-fa=\"&#xf0e5;\" class=\"btIcoHolder\"><span>\u0130LET\u0130\u015e\u0130M<\/span><\/a><\/div><\/div><div class=\"btBtn btBtn btnFilled btnIconLeftPosition btnNormalColor btnSmall btnNormal btnIco\" ><div class=\"btIco borderless extrasmall\"><a href=\"#\"  data-ico-cs=\"&#xe61d;\" class=\"btIcoHolder\"><span>HAKKIMIZDA<\/span><\/a><\/div><\/div><\/div><\/div><\/div><\/div><\/div><\/div><\/section><section id=\"bt_section69f405940fee1\"  class=\"boldSection btDivider topSpaced bottomSpaced gutter inherit wBackground cover\" style=\"background-image:url('https:\/\/www.esalco.com\/wp-content\/uploads\/2015\/09\/Transparent-background-with-dots.png');\"><div class=\"port\"><div class=\"boldCell\"><div class=\"boldCellInner\"><div class=\"boldRow \" style=\"margin-bottom: 35px;\"><div class=\"rowItem col-md-12 col-ms-12  btTextLeft animate animate-fadein btHighlight inherit\"  ><div class=\"rowItemContent\"><div class=\"btClear btSeparator topSmallSpaced noBorder\" ><hr><\/div><div class=\"servicesItem  mediumIcon borderlessIconType \"><div class=\"sIcon\"><div class=\"btIco medium borderless\"><span  data-ico-fa=\"&#xf00c;\" class=\"btIcoHolder\"><\/span><\/div><\/div><div class=\"sTxt\"><header class=\"header btClear extrasmall\" ><div class=\"dash\"><h4><span class=\"headline\">\u6b22\u8fce\u6765\u5230Esalco\u7269\u6d41\u804c\u4e1a\u9875\u9762\u3002<\/span><\/h4><\/div><\/header><p>&quot;\u6211\u4eec\u4ee5\u5e74\u8f7b\uff0c\u5145\u6ee1\u6d3b\u529b\u548c\u4e13\u4e1a\u7684\u56e2\u961f\u6bcf\u5929\u90fd\u5728\u589e\u957f\u3002 \u6211\u4eec\u4f01\u4e1a\u6210\u529f\u7684\u79d8\u8bc0\u662f\u57fa\u4e8e\u6211\u4eec\u56e2\u961f\u7684\u5b9e\u529b\u3002\r<br>\u6211\u4eec\u77e5\u9053\uff0c\u6210\u4e3a\u56e2\u961f\u6210\u5458\u7684\u7ecf\u5386\u4e0e\u5ba2\u6237\u4f53\u9a8c\u540c\u6837\u91cd\u8981\u3002\u6211\u4eec\u59cb\u7ec8\u4e3a\u5bb6\u5ead\u7684\u6240\u6709\u6210\u5458\u63d0\u4f9b\u652f\u6301\uff0c\u901a\u8fc7\u5728\u957f\u671f\u804c\u4e1a\u53d1\u5c55\u4e2d\u63a5\u53d7\u76f8\u5173\u57f9\u8bad\u5e76\u786e\u4fdd\u4ed6\u4eec\u6700\u5927\u7a0b\u5ea6\u5730\u53c2\u4e0e\u6240\u6709\u5b66\u4e60\u3002\r<br>\u5728\u4eba\u529b\u8d44\u6e90\u9875\u9762\u4e0a\uff0c\u60a8\u5c06\u4e86\u89e3\u6784\u6210\u6211\u4eec\u7684\u4ef7\u503c\u89c2\uff0c\u5e76\u56de\u7b54\u60a8\u5bf9\u6211\u4eec\u7684\u5c31\u4e1a\u8fc7\u7a0b\u548c\u804c\u4e1a\u653f\u7b56\u611f\u5230\u597d\u5947\u7684\u95ee\u9898\u3002&quot;\r<br>Esalco \u7269\u6d41\u5bb6\u5ead\u548c\u5458\u5de5\u6ee1\u610f\u5ea6\r<br>\r<br>&quot;Esalco\u7684\u5458\u5de5\u6ee1\u610f\u5ea6\u81f3\u5173\u91cd\u8981\u3002\r<br>Esalco\u7684\u6bcf\u4e2a\u4eba\u90fd\u662f\u201c\u81ea\u5df1\u4e1a\u52a1\u7684\u9886\u5bfc\u8005\u201d\u3002 \u4ed6\u5728\u4e1a\u52a1\u4e2d\u4f7f\u7528\u4e3b\u52a8\u6743\uff0c\u505a\u51fa\u81ea\u5df1\u7684\u51b3\u5b9a\u3002\r<br>\u6211\u4eec\u673a\u6784\u7684\u5e74\u5ea6\u76ee\u6807\u548c\u6218\u7565\u662f\u901a\u8fc7\u5168\u4f53\u5458\u5de5\u53c2\u52a0\u7684\u4f1a\u8bae\u786e\u5b9a\u7684\u3002\r<br>\u5728Esalco\u4e2d\u8fdb\u884c\u516c\u5f00\u4ea4\u6d41\u81f3\u5173\u91cd\u8981\uff0c\u5458\u5de5\u53ef\u4ee5\u76f4\u63a5\u5411\u603b\u7ecf\u7406\u62a5\u544a\u4ed6\u4eec\u7684\u95ee\u9898\u3002\r<br>Esalco\u4e50\u4e8e\u63a5\u53d7\u5efa\u8bae\uff0c\u6211\u4eec\u4f1a\u8003\u8651\u56e2\u961f\u6210\u5458\u7684\u6240\u6709\u5e16\u5b50\u3002\r<br>\u6211\u4eec\u76f8\u4fe1\u201c\u793c\u4eea\u5c31\u662f\u5de5\u4f5c\u201d\u8fd9\u53e5\u8bdd\u3002 \u5ba2\u6237\u5728\u7279\u5b9a\u65f6\u671f\u5185\u5171\u4eab\u7684\u6ee1\u610f\u5ea6\u8c03\u67e5\u5bf9\u4e8e\u6211\u4eec\u56e2\u961f\u6210\u5458\u7684\u7ee9\u6548\u8bc4\u4f30\u975e\u5e38\u91cd\u8981\u3002&quot;\r<br>\u62db\u8058\u4e0e\u804c\u4e1a\u7ba1\u7406\r<br>&quot;\u6211\u4eec\u7684\u62db\u8058\u653f\u7b56\u7684\u57fa\u7840\u662f\u6839\u636e\u6211\u4eec\u7684\u9700\u6c42\u5206\u6790\u6709\u6548\u5730\u89c4\u5212\u5458\u5de5\u961f\u4f0d\uff0c\u5e76\u5c06\u6700\u5408\u9002\u548c\u6700\u6b63\u786e\u7684\u4eba\u5458\u5b89\u7f6e\u5728\u516c\u53f8\u4ef7\u503c\u89c2\u548c\u6587\u5316\u7684\u6b63\u786e\u4f4d\u7f6e\u3002\r<br>\r<br>\u6211\u4eec\u5728\u804c\u4f4d\u6240\u9700\u7684\u57fa\u672c\u80fd\u529b\u548c\u7279\u5b9a\u4efb\u52a1\u80fd\u529b\u7684\u6846\u67b6\u5185\u8bc4\u4f30\u5019\u9009\u4eba\u3002 \u6211\u4eec\u4f01\u4e1a\u6587\u5316\u7684\u5148\u51b3\u6761\u4ef6\u662f\u79ef\u6781\u4e3b\u52a8\uff0c\u5f00\u653e\u53d8\u5316\uff0c\u4ee5\u5ba2\u6237\u4e3a\u4e2d\u5fc3\uff0c\u8fdb\u884c\u6b63\u786e\u7684\u6c9f\u901a\u4e0e\u5408\u4f5c\u3002\r<br>\r<br>\u4f5c\u4e3a\u4e00\u5bb6\u65e8\u5728\u4ece\u5185\u90e8\u57f9\u8bad\u81ea\u5df1\u7684\u7ecf\u7406\u7684\u673a\u6784\uff0c\u76ee\u7684\u662f\u4f7f\u6211\u4eec\u7684\u5458\u5de5\u4e8b\u4e1a\u53d1\u5c55\uff1b \u6211\u4eec\u901a\u8fc7\u201c\u5185\u90e8\u548c\u5916\u90e8\u57f9\u8bad\u201d\uff0c\u201c\u5728\u804c\u57f9\u8bad\u201d\uff0c\u201c\u4e1a\u52a1\u4e30\u5bcc\u5316\u201d\u7b49\u5b9e\u8df5\u6765\u652f\u6301\u3002&quot;\r\n<br><\/p><\/div><\/div><div class=\"btClear btSeparator topSmallSpaced noBorder\" ><hr><\/div><\/div><\/div><\/div><\/div><\/div><\/div><\/section><section id=\"bt_section69f4059410872\"  class=\"boldSection topSemiSpaced bottomSemiSpaced btDarkSkin gutter inherit wBackground cover\" style=\"background-image:url('https:\/\/www.esalco.com\/wp-content\/uploads\/2015\/09\/Blue-background-with-trucks.jpg');\"><div class=\"port\"><div class=\"boldCell\"><div class=\"boldCellInner\"><div class=\"boldRow \" ><div class=\"rowItem col-sm-6 col-ms-12 btTextLeft\"  ><div class=\"rowItemContent\"><header class=\"header btClear small  btAccentDash btRegularTitle\" style=\"margin-bottom: 0;\"><p class=\"btSuperTitle\">\u52a0\u5165\u6211\u4eec\u7684\u5bb6\u5ead<\/p><div class=\"dash\"><h4><span class=\"headline\">\u804c\u4f4d\u62db\u8058\u516c\u544a\u4e0e\u7533\u8bf7<\/span><\/h4><\/div><\/header><\/div><\/div><div class=\"rowItem col-sm-6 col-ms-12 btTextRight btMiddleVertical\"  ><div class=\"rowItemContent\"><div class=\"btBtn btBtn btnOutline btnIconLeftPosition btnLightColor btnSmall btnNormal btnIco\" ><div class=\"btIco borderless extrasmall\"><a href=\"https:\/\/www.esalco.com\/#popmake-4547\"  target=\"_blank\"  data-ico-fa=\"&#xf00c;\" class=\"btIcoHolder\"><span>\u804c\u4f4d\u7533\u8bf7<\/span><\/a><\/div><\/div><div class=\"btBtn btBtn btnOutline btnIconLeftPosition btnLightColor btnSmall btnNormal btnIco\" ><div class=\"btIco borderless extrasmall\"><a href=\"https:\/\/www.esalco.com\/zh-hans\/iletisim\/\"  target=\"_blank\"  data-ico-fa=\"&#xf0e0;\" class=\"btIcoHolder\"><span>\u8054\u7cfb\u65b9\u5f0f<\/span><\/a><\/div><\/div><\/div><\/div><\/div><\/div><\/div><\/div><\/section><\/div>","protected":false},"excerpt":{"rendered":"ESALCO\u7684\u804c\u4e1a\u0130LET\u0130\u015e\u0130MHAKKIMIZDA\u6b22\u8fce\u6765\u5230Esalco\u7269\u6d41\u804c\u4e1a\u9875\u9762\u3002&#8220;\u6211\u4eec\u4ee5\u5e74 [...]","protected":false},"author":1,"featured_media":0,"parent":0,"menu_order":0,"comment_status":"closed","ping_status":"closed","template":"","meta":{"footnotes":""},"class_list":["post-4362","page","type-page","status-publish","hentry"],"aioseo_notices":[],"_links":{"self":[{"href":"https:\/\/www.esalco.com\/zh-hans\/wp-json\/wp\/v2\/pages\/4362","targetHints":{"allow":["GET"]}}],"collection":[{"href":"https:\/\/www.esalco.com\/zh-hans\/wp-json\/wp\/v2\/pages"}],"about":[{"href":"https:\/\/www.esalco.com\/zh-hans\/wp-json\/wp\/v2\/types\/page"}],"author":[{"embeddable":true,"href":"https:\/\/www.esalco.com\/zh-hans\/wp-json\/wp\/v2\/users\/1"}],"replies":[{"embeddable":true,"href":"https:\/\/www.esalco.com\/zh-hans\/wp-json\/wp\/v2\/comments?post=4362"}],"version-history":[{"count":1,"href":"https:\/\/www.esalco.com\/zh-hans\/wp-json\/wp\/v2\/pages\/4362\/revisions"}],"predecessor-version":[{"id":5163,"href":"https:\/\/www.esalco.com\/zh-hans\/wp-json\/wp\/v2\/pages\/4362\/revisions\/5163"}],"wp:attachment":[{"href":"https:\/\/www.esalco.com\/zh-hans\/wp-json\/wp\/v2\/media?parent=4362"}],"curies":[{"name":"wp","href":"https:\/\/api.w.org\/{rel}","templated":true}]}}